{"id":10982,"date":"2019-04-24T07:30:09","date_gmt":"2019-04-24T07:30:09","guid":{"rendered":"https:\/\/wlwp.it\/essenzediluce\/1669-2-2-2\/"},"modified":"2026-01-26T12:44:27","modified_gmt":"2026-01-26T11:44:27","slug":"1669-2-2-2","status":"publish","type":"page","link":"https:\/\/essenzediluce.com\/de\/","title":{"rendered":"Au\u00dfenbeleuchtungs und Schalldiffusionsprodukte"},"content":{"rendered":"<div class=\"wpb-content-wrapper\">[vc_row css=&#8221;.vc_custom_1682665637611{padding-top: 0px !important;}&#8221;][vc_column][rev_slider_vc alias=&#8221;home-page-collezioni-deu&#8221;][\/vc_column][\/vc_row][vc_row][vc_column][vc_column_text css_animation=&#8221;fadeIn&#8221;]\r\n<h1 style=\"text-align: center;\">AUDIO- UND BELEUCHTUNGSLAUTSPRECHER F\u00dcR DEN AUSSENBEREICH<\/h1>\r\n<h2 style=\"text-align: center;\">Handgefertigt aus Naturstein<\/h2>\r\n[\/vc_column_text][vc_column_text css_animation=&#8221;fadeIn&#8221;]Neue Outdoor-Szenarien mit <strong>Beleuchtungs- und Beschallungsprodukten aus Naturstein<\/strong> f\u00fcr exklusive, multifunktionale Umgebungen.\r\n\r\nUnsere Produkte sind aus der Begegnung zwischen <strong>Handwerk, Licht- und Tontechnik entstanden.<\/strong>\r\n\r\nNatursteinbl\u00f6cke aus der ganzen Welt werden von unseren <strong>Handwerkern in Italien handgefertigt<\/strong>, um einzigartige Beleuchtungs- und Schallschutzprodukte f\u00fcr den Au\u00dfenbereich zu schaffen, die sich perfekt in jeden architektonischen Kontext einf\u00fcgen und den h\u00e4rtesten Wetterbedingungen standhalten.[\/vc_column_text][\/vc_column][\/vc_row][vc_row][vc_column][vc_empty_space height=&#8221;40&#8243;][\/vc_column][\/vc_row][vc_row full_width=&#8221;stretch_row&#8221; content_placement=&#8221;top&#8221; css_animation=&#8221;fadeIn&#8221; css=&#8221;.vc_custom_1676553216200{margin-top: 0px !important;border-top-width: 0px !important;padding-top: 30px !important;background-color: #f2f2f2 !important;}&#8221;][vc_column css_animation=&#8221;fadeIn&#8221; width=&#8221;1\/2&#8243; css=&#8221;.vc_custom_1676450406657{margin-top: 0px !important;margin-right: 0px !important;margin-bottom: 0px !important;margin-left: 0px !important;border-top-width: 0px !important;border-right-width: 0px !important;border-bottom-width: 0px !important;border-left-width: 0px !important;padding-top: 0px !important;padding-right: 0px !important;padding-bottom: 0px !important;padding-left: 0px !important;}&#8221;][vc_column_text css=&#8221;.vc_custom_1757313555557{margin-top: 0px !important;margin-right: 0px !important;margin-bottom: 0px !important;margin-left: 0px !important;border-top-width: 0px !important;border-right-width: 0px !important;border-bottom-width: 0px !important;border-left-width: 0px !important;padding-top: 0px !important;padding-right: 0px !important;padding-bottom: 0px !important;padding-left: 0px !important;}&#8221;]<a href=\"https:\/\/essenzediluce.com\/de\/i-sistemi-illuminanti-essenze-di-luce\/\"><img loading=\"lazy\" decoding=\"async\" class=\"alignnone wp-image-21609 size-full\" src=\"https:\/\/essenzediluce.com\/wp-content\/uploads\/2025\/04\/EL-Website-IMG-HOMEPAGE-Produkte.jpg\" alt=\"\" width=\"1500\" height=\"1000\" srcset=\"https:\/\/essenzediluce.com\/wp-content\/uploads\/2025\/04\/EL-Website-IMG-HOMEPAGE-Produkte.jpg 1500w, https:\/\/essenzediluce.com\/wp-content\/uploads\/2025\/04\/EL-Website-IMG-HOMEPAGE-Produkte-300x200.jpg 300w, https:\/\/essenzediluce.com\/wp-content\/uploads\/2025\/04\/EL-Website-IMG-HOMEPAGE-Produkte-1024x683.jpg 1024w, https:\/\/essenzediluce.com\/wp-content\/uploads\/2025\/04\/EL-Website-IMG-HOMEPAGE-Produkte-768x512.jpg 768w, https:\/\/essenzediluce.com\/wp-content\/uploads\/2025\/04\/EL-Website-IMG-HOMEPAGE-Produkte-640x426.jpg 640w, https:\/\/essenzediluce.com\/wp-content\/uploads\/2025\/04\/EL-Website-IMG-HOMEPAGE-Produkte-590x393.jpg 590w\" sizes=\"(max-width: 1500px) 100vw, 1500px\" \/><\/a>[\/vc_column_text][vc_column_text]<a href=\"https:\/\/essenzediluce.com\/de\/katalog\/\"><img loading=\"lazy\" decoding=\"async\" class=\"alignnone wp-image-14414 size-full\" src=\"https:\/\/essenzediluce.com\/wp-content\/uploads\/2023\/02\/EL-Website-IMG-HOMEPAGE-Kataloge.jpg\" alt=\"\" width=\"1500\" height=\"1500\" srcset=\"https:\/\/essenzediluce.com\/wp-content\/uploads\/2023\/02\/EL-Website-IMG-HOMEPAGE-Kataloge.jpg 1500w, https:\/\/essenzediluce.com\/wp-content\/uploads\/2023\/02\/EL-Website-IMG-HOMEPAGE-Kataloge-320x320.jpg 320w, https:\/\/essenzediluce.com\/wp-content\/uploads\/2023\/02\/EL-Website-IMG-HOMEPAGE-Kataloge-100x100.jpg 100w, https:\/\/essenzediluce.com\/wp-content\/uploads\/2023\/02\/EL-Website-IMG-HOMEPAGE-Kataloge-590x590.jpg 590w, https:\/\/essenzediluce.com\/wp-content\/uploads\/2023\/02\/EL-Website-IMG-HOMEPAGE-Kataloge-300x300.jpg 300w, https:\/\/essenzediluce.com\/wp-content\/uploads\/2023\/02\/EL-Website-IMG-HOMEPAGE-Kataloge-1024x1024.jpg 1024w, https:\/\/essenzediluce.com\/wp-content\/uploads\/2023\/02\/EL-Website-IMG-HOMEPAGE-Kataloge-150x150.jpg 150w, https:\/\/essenzediluce.com\/wp-content\/uploads\/2023\/02\/EL-Website-IMG-HOMEPAGE-Kataloge-768x768.jpg 768w, https:\/\/essenzediluce.com\/wp-content\/uploads\/2023\/02\/EL-Website-IMG-HOMEPAGE-Kataloge-640x640.jpg 640w\" sizes=\"(max-width: 1500px) 100vw, 1500px\" \/><\/a>[\/vc_column_text][\/vc_column][vc_column width=&#8221;1\/2&#8243;][vc_column_text css_animation=&#8221;fadeIn&#8221; css=&#8221;.vc_custom_1676620654986{margin-bottom: 0px !important;border-bottom-width: 0px !important;padding-bottom: 0px !important;}&#8221;]<a href=\"https:\/\/essenzediluce.com\/de\/unternehmen\/\"><img loading=\"lazy\" decoding=\"async\" class=\"alignnone wp-image-14410 size-full\" src=\"https:\/\/essenzediluce.com\/wp-content\/uploads\/2023\/02\/EL-Website-IMG-HOMEPAGE-uber-uns.jpg\" alt=\"\" width=\"1500\" height=\"1500\" srcset=\"https:\/\/essenzediluce.com\/wp-content\/uploads\/2023\/02\/EL-Website-IMG-HOMEPAGE-uber-uns.jpg 1500w, https:\/\/essenzediluce.com\/wp-content\/uploads\/2023\/02\/EL-Website-IMG-HOMEPAGE-uber-uns-320x320.jpg 320w, https:\/\/essenzediluce.com\/wp-content\/uploads\/2023\/02\/EL-Website-IMG-HOMEPAGE-uber-uns-100x100.jpg 100w, https:\/\/essenzediluce.com\/wp-content\/uploads\/2023\/02\/EL-Website-IMG-HOMEPAGE-uber-uns-590x590.jpg 590w, https:\/\/essenzediluce.com\/wp-content\/uploads\/2023\/02\/EL-Website-IMG-HOMEPAGE-uber-uns-300x300.jpg 300w, https:\/\/essenzediluce.com\/wp-content\/uploads\/2023\/02\/EL-Website-IMG-HOMEPAGE-uber-uns-1024x1024.jpg 1024w, https:\/\/essenzediluce.com\/wp-content\/uploads\/2023\/02\/EL-Website-IMG-HOMEPAGE-uber-uns-150x150.jpg 150w, https:\/\/essenzediluce.com\/wp-content\/uploads\/2023\/02\/EL-Website-IMG-HOMEPAGE-uber-uns-768x768.jpg 768w, https:\/\/essenzediluce.com\/wp-content\/uploads\/2023\/02\/EL-Website-IMG-HOMEPAGE-uber-uns-640x640.jpg 640w\" sizes=\"(max-width: 1500px) 100vw, 1500px\" \/><\/a>[\/vc_column_text][vc_column_text css_animation=&#8221;fadeIn&#8221; css=&#8221;.vc_custom_1676620733730{margin-top: 0px !important;border-top-width: 0px !important;padding-top: 0px !important;}&#8221;]<a href=\"https:\/\/essenzediluce.com\/de\/texture\/\"><img loading=\"lazy\" decoding=\"async\" class=\"alignnone wp-image-14418 size-full\" src=\"https:\/\/essenzediluce.com\/wp-content\/uploads\/2023\/02\/EL-Website-IMG-HOMEPAGE-Materialen.jpg\" alt=\"\" width=\"1500\" height=\"1100\" srcset=\"https:\/\/essenzediluce.com\/wp-content\/uploads\/2023\/02\/EL-Website-IMG-HOMEPAGE-Materialen.jpg 1500w, https:\/\/essenzediluce.com\/wp-content\/uploads\/2023\/02\/EL-Website-IMG-HOMEPAGE-Materialen-590x433.jpg 590w, https:\/\/essenzediluce.com\/wp-content\/uploads\/2023\/02\/EL-Website-IMG-HOMEPAGE-Materialen-300x220.jpg 300w, https:\/\/essenzediluce.com\/wp-content\/uploads\/2023\/02\/EL-Website-IMG-HOMEPAGE-Materialen-1024x751.jpg 1024w, https:\/\/essenzediluce.com\/wp-content\/uploads\/2023\/02\/EL-Website-IMG-HOMEPAGE-Materialen-768x563.jpg 768w\" sizes=\"(max-width: 1500px) 100vw, 1500px\" \/><\/a>[\/vc_column_text][\/vc_column][\/vc_row][vc_row][vc_column][vc_empty_space][\/vc_column][\/vc_row][vc_row][vc_column][vc_separator][\/vc_column][\/vc_row][vc_row full_width=&#8221;stretch_row&#8221;][vc_column width=&#8221;1\/6&#8243;][\/vc_column][vc_column width=&#8221;2\/3&#8243;][vc_column_text]\r\n<h2 style=\"text-align: center;\">SIND SIE EIN ARCHITEKT ODER EIN EINZELH\u00c4NDLER?<\/h2>\r\n<h3 style=\"text-align: center;\"><a href=\"https:\/\/essenzediluce.com\/de\/contract\/\"><u>Kontaktieren Sie uns<\/u><\/a><\/h3>\r\n[\/vc_column_text][\/vc_column][vc_column width=&#8221;1\/6&#8243;][\/vc_column][\/vc_row][vc_row][vc_column][vc_separator][\/vc_column][\/vc_row]<\/div>","protected":false},"excerpt":{"rendered":"<p>[vc_row css=&#8221;.vc_custom_1682665637611{padding-top: 0px !important;}&#8221;][vc_column][rev_slider_vc alias=&#8221;home-page-collezioni-deu&#8221;][\/vc_column][\/vc_row][vc_row][vc_column][vc_column_text css_animation=&#8221;fadeIn&#8221;] AUDIO- UND BELEUCHTUNGSLAUTSPRECHER F\u00dcR DEN AUSSENBEREICH Handgefertigt aus Naturstein [\/vc_column_text][vc_column_text css_animation=&#8221;fadeIn&#8221;]Neue Outdoor-Szenarien mit Beleuchtungs- und Beschallungsprodukten aus Naturstein f\u00fcr exklusive, multifunktionale Umgebungen. Unsere Produkte sind aus der Begegnung zwischen Handwerk, Licht- und Tontechnik entstanden.&hellip;<\/p>\n<p> <a class=\"more-link\" href=\"https:\/\/essenzediluce.com\/de\/\">Weiterlesen<\/a><\/p>\n","protected":false},"author":2,"featured_media":12305,"parent":0,"menu_order":0,"comment_status":"open","ping_status":"open","template":"","meta":{"footnotes":""},"class_list":["post-10982","page","type-page","status-publish","has-post-thumbnail"],"yoast_head":"<!-- This site is optimized with the Yoast SEO plugin v24.5 - https:\/\/yoast.com\/wordpress\/plugins\/seo\/ -->\n<title>Essenze di Luce Exklusive Au\u00dfenbeleuchtung und Audiolautsprecher<\/title>\n<meta name=\"description\" content=\"Hi-Fi-Lautsprecher f\u00fcr den Au\u00dfenbereich, Gartenlampen, Au\u00dfenbeleuchtung komplett aus Naturstein. Made in Italy.\" \/>\n<meta name=\"robots\" content=\"index, follow, max-snippet:-1, max-image-preview:large, max-video-preview:-1\" \/>\n<link rel=\"canonical\" href=\"https:\/\/essenzediluce.com\/de\/\" \/>\n<meta property=\"og:locale\" content=\"de_DE\" \/>\n<meta property=\"og:type\" content=\"article\" \/>\n<meta property=\"og:title\" content=\"Essenze di Luce Exklusive Au\u00dfenbeleuchtung und Audiolautsprecher\" \/>\n<meta property=\"og:description\" content=\"Hi-Fi-Lautsprecher f\u00fcr den Au\u00dfenbereich, Gartenlampen, Au\u00dfenbeleuchtung komplett aus Naturstein. Made in Italy.\" \/>\n<meta property=\"og:url\" content=\"https:\/\/essenzediluce.com\/de\/\" \/>\n<meta property=\"og:site_name\" content=\"Essenze di Luce\" \/>\n<meta property=\"article:publisher\" content=\"https:\/\/www.facebook.com\/essenzediluce.italy\/\" \/>\n<meta property=\"article:modified_time\" content=\"2026-01-26T11:44:27+00:00\" \/>\n<meta property=\"og:image\" content=\"https:\/\/essenzediluce.com\/wp-content\/uploads\/2020\/04\/menhir-di-Luce_prodotti.jpg\" \/>\n\t<meta property=\"og:image:width\" content=\"700\" \/>\n\t<meta property=\"og:image:height\" content=\"700\" \/>\n\t<meta property=\"og:image:type\" content=\"image\/jpeg\" \/>\n<meta name=\"twitter:card\" content=\"summary_large_image\" \/>\n<meta name=\"twitter:label1\" content=\"Gesch\u00e4tzte Lesezeit\" \/>\n\t<meta name=\"twitter:data1\" content=\"2\u00a0Minuten\" \/>\n<script type=\"application\/ld+json\" class=\"yoast-schema-graph\">{\"@context\":\"https:\/\/schema.org\",\"@graph\":[{\"@type\":\"WebPage\",\"@id\":\"https:\/\/essenzediluce.com\/de\/\",\"url\":\"https:\/\/essenzediluce.com\/de\/\",\"name\":\"Essenze di Luce Exklusive Au\u00dfenbeleuchtung und Audiolautsprecher\",\"isPartOf\":{\"@id\":\"https:\/\/essenzediluce.com\/#website\"},\"primaryImageOfPage\":{\"@id\":\"https:\/\/essenzediluce.com\/de\/#primaryimage\"},\"image\":{\"@id\":\"https:\/\/essenzediluce.com\/de\/#primaryimage\"},\"thumbnailUrl\":\"https:\/\/essenzediluce.com\/wp-content\/uploads\/2020\/04\/menhir-di-Luce_prodotti.jpg\",\"datePublished\":\"2019-04-24T07:30:09+00:00\",\"dateModified\":\"2026-01-26T11:44:27+00:00\",\"description\":\"Hi-Fi-Lautsprecher f\u00fcr den Au\u00dfenbereich, Gartenlampen, Au\u00dfenbeleuchtung komplett aus Naturstein. Made in Italy.\",\"breadcrumb\":{\"@id\":\"https:\/\/essenzediluce.com\/de\/#breadcrumb\"},\"inLanguage\":\"de\",\"potentialAction\":[{\"@type\":\"ReadAction\",\"target\":[\"https:\/\/essenzediluce.com\/de\/\"]}]},{\"@type\":\"ImageObject\",\"inLanguage\":\"de\",\"@id\":\"https:\/\/essenzediluce.com\/de\/#primaryimage\",\"url\":\"https:\/\/essenzediluce.com\/wp-content\/uploads\/2020\/04\/menhir-di-Luce_prodotti.jpg\",\"contentUrl\":\"https:\/\/essenzediluce.com\/wp-content\/uploads\/2020\/04\/menhir-di-Luce_prodotti.jpg\",\"width\":700,\"height\":700,\"caption\":\"Luxury outdoor lamps and garden rock speakers\"},{\"@type\":\"BreadcrumbList\",\"@id\":\"https:\/\/essenzediluce.com\/de\/#breadcrumb\",\"itemListElement\":[{\"@type\":\"ListItem\",\"position\":1,\"name\":\"Home\",\"item\":\"https:\/\/essenzediluce.com\/de\/\"},{\"@type\":\"ListItem\",\"position\":2,\"name\":\"Au\u00dfenbeleuchtungs und Schalldiffusionsprodukte\"}]},{\"@type\":\"WebSite\",\"@id\":\"https:\/\/essenzediluce.com\/#website\",\"url\":\"https:\/\/essenzediluce.com\/\",\"name\":\"Essenze di Luce\",\"description\":\"\",\"publisher\":{\"@id\":\"https:\/\/essenzediluce.com\/#organization\"},\"potentialAction\":[{\"@type\":\"SearchAction\",\"target\":{\"@type\":\"EntryPoint\",\"urlTemplate\":\"https:\/\/essenzediluce.com\/?s={search_term_string}\"},\"query-input\":{\"@type\":\"PropertyValueSpecification\",\"valueRequired\":true,\"valueName\":\"search_term_string\"}}],\"inLanguage\":\"de\"},{\"@type\":\"Organization\",\"@id\":\"https:\/\/essenzediluce.com\/#organization\",\"name\":\"Essenze di Luce\",\"url\":\"https:\/\/essenzediluce.com\/\",\"logo\":{\"@type\":\"ImageObject\",\"inLanguage\":\"de\",\"@id\":\"https:\/\/essenzediluce.com\/#\/schema\/logo\/image\/\",\"url\":\"https:\/\/essenzediluce.com\/wp-content\/uploads\/2017\/03\/el.jpg\",\"contentUrl\":\"https:\/\/essenzediluce.com\/wp-content\/uploads\/2017\/03\/el.jpg\",\"width\":512,\"height\":512,\"caption\":\"Essenze di Luce\"},\"image\":{\"@id\":\"https:\/\/essenzediluce.com\/#\/schema\/logo\/image\/\"},\"sameAs\":[\"https:\/\/www.facebook.com\/essenzediluce.italy\/\",\"https:\/\/www.instagram.com\/essenzediluce\/\",\"https:\/\/www.youtube.com\/channel\/UCXKJKPfUYADaJMEm_9NAvrA\"]}]}<\/script>\n<!-- \/ Yoast SEO plugin. -->","yoast_head_json":{"title":"Essenze di Luce Exklusive Au\u00dfenbeleuchtung und Audiolautsprecher","description":"Hi-Fi-Lautsprecher f\u00fcr den Au\u00dfenbereich, Gartenlampen, Au\u00dfenbeleuchtung komplett aus Naturstein. Made in Italy.","robots":{"index":"index","follow":"follow","max-snippet":"max-snippet:-1","max-image-preview":"max-image-preview:large","max-video-preview":"max-video-preview:-1"},"canonical":"https:\/\/essenzediluce.com\/de\/","og_locale":"de_DE","og_type":"article","og_title":"Essenze di Luce Exklusive Au\u00dfenbeleuchtung und Audiolautsprecher","og_description":"Hi-Fi-Lautsprecher f\u00fcr den Au\u00dfenbereich, Gartenlampen, Au\u00dfenbeleuchtung komplett aus Naturstein. Made in Italy.","og_url":"https:\/\/essenzediluce.com\/de\/","og_site_name":"Essenze di Luce","article_publisher":"https:\/\/www.facebook.com\/essenzediluce.italy\/","article_modified_time":"2026-01-26T11:44:27+00:00","og_image":[{"width":700,"height":700,"url":"https:\/\/essenzediluce.com\/wp-content\/uploads\/2020\/04\/menhir-di-Luce_prodotti.jpg","type":"image\/jpeg"}],"twitter_card":"summary_large_image","twitter_misc":{"Gesch\u00e4tzte Lesezeit":"2\u00a0Minuten"},"schema":{"@context":"https:\/\/schema.org","@graph":[{"@type":"WebPage","@id":"https:\/\/essenzediluce.com\/de\/","url":"https:\/\/essenzediluce.com\/de\/","name":"Essenze di Luce Exklusive Au\u00dfenbeleuchtung und Audiolautsprecher","isPartOf":{"@id":"https:\/\/essenzediluce.com\/#website"},"primaryImageOfPage":{"@id":"https:\/\/essenzediluce.com\/de\/#primaryimage"},"image":{"@id":"https:\/\/essenzediluce.com\/de\/#primaryimage"},"thumbnailUrl":"https:\/\/essenzediluce.com\/wp-content\/uploads\/2020\/04\/menhir-di-Luce_prodotti.jpg","datePublished":"2019-04-24T07:30:09+00:00","dateModified":"2026-01-26T11:44:27+00:00","description":"Hi-Fi-Lautsprecher f\u00fcr den Au\u00dfenbereich, Gartenlampen, Au\u00dfenbeleuchtung komplett aus Naturstein. Made in Italy.","breadcrumb":{"@id":"https:\/\/essenzediluce.com\/de\/#breadcrumb"},"inLanguage":"de","potentialAction":[{"@type":"ReadAction","target":["https:\/\/essenzediluce.com\/de\/"]}]},{"@type":"ImageObject","inLanguage":"de","@id":"https:\/\/essenzediluce.com\/de\/#primaryimage","url":"https:\/\/essenzediluce.com\/wp-content\/uploads\/2020\/04\/menhir-di-Luce_prodotti.jpg","contentUrl":"https:\/\/essenzediluce.com\/wp-content\/uploads\/2020\/04\/menhir-di-Luce_prodotti.jpg","width":700,"height":700,"caption":"Luxury outdoor lamps and garden rock speakers"},{"@type":"BreadcrumbList","@id":"https:\/\/essenzediluce.com\/de\/#breadcrumb","itemListElement":[{"@type":"ListItem","position":1,"name":"Home","item":"https:\/\/essenzediluce.com\/de\/"},{"@type":"ListItem","position":2,"name":"Au\u00dfenbeleuchtungs und Schalldiffusionsprodukte"}]},{"@type":"WebSite","@id":"https:\/\/essenzediluce.com\/#website","url":"https:\/\/essenzediluce.com\/","name":"Essenze di Luce","description":"","publisher":{"@id":"https:\/\/essenzediluce.com\/#organization"},"potentialAction":[{"@type":"SearchAction","target":{"@type":"EntryPoint","urlTemplate":"https:\/\/essenzediluce.com\/?s={search_term_string}"},"query-input":{"@type":"PropertyValueSpecification","valueRequired":true,"valueName":"search_term_string"}}],"inLanguage":"de"},{"@type":"Organization","@id":"https:\/\/essenzediluce.com\/#organization","name":"Essenze di Luce","url":"https:\/\/essenzediluce.com\/","logo":{"@type":"ImageObject","inLanguage":"de","@id":"https:\/\/essenzediluce.com\/#\/schema\/logo\/image\/","url":"https:\/\/essenzediluce.com\/wp-content\/uploads\/2017\/03\/el.jpg","contentUrl":"https:\/\/essenzediluce.com\/wp-content\/uploads\/2017\/03\/el.jpg","width":512,"height":512,"caption":"Essenze di Luce"},"image":{"@id":"https:\/\/essenzediluce.com\/#\/schema\/logo\/image\/"},"sameAs":["https:\/\/www.facebook.com\/essenzediluce.italy\/","https:\/\/www.instagram.com\/essenzediluce\/","https:\/\/www.youtube.com\/channel\/UCXKJKPfUYADaJMEm_9NAvrA"]}]}},"_links":{"self":[{"href":"https:\/\/essenzediluce.com\/de\/wp-json\/wp\/v2\/pages\/10982"}],"collection":[{"href":"https:\/\/essenzediluce.com\/de\/wp-json\/wp\/v2\/pages"}],"about":[{"href":"https:\/\/essenzediluce.com\/de\/wp-json\/wp\/v2\/types\/page"}],"author":[{"embeddable":true,"href":"https:\/\/essenzediluce.com\/de\/wp-json\/wp\/v2\/users\/2"}],"replies":[{"embeddable":true,"href":"https:\/\/essenzediluce.com\/de\/wp-json\/wp\/v2\/comments?post=10982"}],"version-history":[{"count":33,"href":"https:\/\/essenzediluce.com\/de\/wp-json\/wp\/v2\/pages\/10982\/revisions"}],"predecessor-version":[{"id":23068,"href":"https:\/\/essenzediluce.com\/de\/wp-json\/wp\/v2\/pages\/10982\/revisions\/23068"}],"wp:featuredmedia":[{"embeddable":true,"href":"https:\/\/essenzediluce.com\/de\/wp-json\/wp\/v2\/media\/12305"}],"wp:attachment":[{"href":"https:\/\/essenzediluce.com\/de\/wp-json\/wp\/v2\/media?parent=10982"}],"curies":[{"name":"wp","href":"https:\/\/api.w.org\/{rel}","templated":true}]}}