{"id":11001,"date":"2014-04-19T10:33:29","date_gmt":"2014-04-19T10:33:29","guid":{"rendered":"https:\/\/wlwp.it\/essenzediluce\/azienda\/"},"modified":"2023-05-04T15:51:38","modified_gmt":"2023-05-04T13:51:38","slug":"unternehmen","status":"publish","type":"page","link":"https:\/\/essenzediluce.com\/de\/unternehmen\/","title":{"rendered":"Unternehmen"},"content":{"rendered":"<div class=\"wpb-content-wrapper\">[vc_row css=&#8221;.vc_custom_1682665553850{margin-top: 0px !important;padding-top: 0px !important;}&#8221;][vc_column css=&#8221;.vc_custom_1587649105885{margin-top: 0px !important;padding-top: 0px !important;}&#8221;]\n\t\t\t<!-- START AziendaDE REVOLUTION SLIDER 6.6.16 --><p class=\"rs-p-wp-fix\"><\/p>\n\t\t\t<rs-module-wrap id=\"rev_slider_113_1_wrapper\" data-source=\"gallery\" style=\"visibility:hidden;background:transparent;padding:0;margin:0px auto;margin-top:0;margin-bottom:0;\">\n\t\t\t\t<rs-module id=\"rev_slider_113_1\" style=\"\" data-version=\"6.6.16\">\n\t\t\t\t\t<rs-slides style=\"overflow: hidden; position: absolute;\">\n\t\t\t\t\t\t<rs-slide style=\"position: absolute;\" data-key=\"rs-190\" data-title=\"Slide\" data-anim=\"ms:10;\" data-in=\"o:1;\" data-out=\"a:false;\">\n\t\t\t\t\t\t\t<img decoding=\"async\" src=\"\/\/essenzediluce.com\/wp-content\/uploads\/2023\/03\/Banner-Img-COMPANY-1.jpg\" alt=\"\" title=\"Banner Img-COMPANY\" width=\"1920\" height=\"1054\" class=\"rev-slidebg tp-rs-img\" data-no-retina>\n<!--\n\t\t\t\t\t\t\t--><rs-layer\n\t\t\t\t\t\t\t\tid=\"slider-113-slide-190-layer-0\" \n\t\t\t\t\t\t\t\tdata-type=\"text\"\n\t\t\t\t\t\t\t\tdata-rsp_ch=\"on\"\n\t\t\t\t\t\t\t\tdata-xy=\"xo:-50px,-7px,22px,20px;yo:450px,317px,310px,181px;\"\n\t\t\t\t\t\t\t\tdata-text=\"w:normal;s:60,60,50,45;l:80,80,60,50;fw:100;a:right;\"\n\t\t\t\t\t\t\t\tdata-dim=\"w:635px,524px,398px,245px;h:230px,189px,143px,296px;\"\n\t\t\t\t\t\t\t\tdata-frame_999=\"o:0;st:w;\"\n\t\t\t\t\t\t\t\tstyle=\"z-index:5;font-family:'Roboto';\"\n\t\t\t\t\t\t\t>... die Geschichte <br \/>einer Erleuchtung \n\t\t\t\t\t\t\t<\/rs-layer><!--\n-->\t\t\t\t\t\t<\/rs-slide>\n\t\t\t\t\t<\/rs-slides>\n\t\t\t\t<\/rs-module>\n\t\t\t\t<script>\n\t\t\t\t\tsetREVStartSize({c: 'rev_slider_113_1',rl:[1920,1024,778,480],el:[900,768,960,720],gw:[1240,1024,778,480],gh:[900,768,960,720],type:'standard',justify:'',layout:'fullwidth',mh:\"0\"});if (window.RS_MODULES!==undefined && window.RS_MODULES.modules!==undefined && window.RS_MODULES.modules[\"revslider1131\"]!==undefined) {window.RS_MODULES.modules[\"revslider1131\"].once = false;window.revapi113 = undefined;if (window.RS_MODULES.checkMinimal!==undefined) window.RS_MODULES.checkMinimal()}\n\t\t\t\t<\/script>\n\t\t\t<\/rs-module-wrap>\n\t\t\t<!-- END REVOLUTION SLIDER -->\n[vc_empty_space height=&#8221;70&#8243;][\/vc_column][\/vc_row][vc_row gap=&#8221;25&#8243; equal_height=&#8221;yes&#8221; css_animation=&#8221;fadeIn&#8221;][vc_column width=&#8221;1\/2&#8243; css=&#8221;.vc_custom_1676627628011{margin-top: 40px !important;margin-right: 20px !important;border-right-width: 10px !important;background-position: center !important;background-repeat: no-repeat !important;background-size: cover !important;}&#8221;][vc_single_image image=&#8221;14605&#8243; img_size=&#8221;600&#215;850&#8243;][\/vc_column][vc_column width=&#8221;1\/2&#8243; css=&#8221;.vc_custom_1676026302463{margin-left: 20px !important;border-left-width: 10px !important;}&#8221;][vc_column_text css_animation=&#8221;fadeIn&#8221;]\r\n<h1 style=\"text-align: right;\">DER STEIN<\/h1>\r\n[\/vc_column_text][vc_column_text css_animation=&#8221;fadeIn&#8221;]\r\n<p style=\"text-align: left;\">Stein wird seit jeher in Geb\u00e4uden und G\u00e4rten verwendet, sowohl wegen seiner strukturellen und widerstandsf\u00e4higen als auch seiner dekorativen Funktion: Er ist das materielle Element, das in einer Landschaftsgestaltung nicht fehlen darf, er ist unver\u00e4nderlich und statisch im Gegensatz zur Dynamik der Natur.<\/p>\r\n\r\n<blockquote>\r\n<p style=\"text-align: left;\"><strong>Haben Sie schon einmal die Oberfl\u00e4che eines Steinblocks ber\u00fchrt?<\/strong> Sie ist kalt, kristallin, staubig, manchmal glatt und manchmal scharf. Die Seiten eines Steins sind immer unterschiedlich, sogar im Inneren finden wir oft Fossilien, kleine Hohlr\u00e4ume, deren W\u00e4nde vollst\u00e4ndig mit Kristallen bedeckt sind. <strong>Jedes Mal, wenn wir einen Steinblock auf unseren Arbeitstisch legen, beginnt eine Reise der Kontemplation der Sch\u00f6nheit.<\/strong> Und dort verstehen wir, was aus diesem Block werden soll, und bei der Gestaltung des Raums, f\u00fcr den er bestimmt ist, finden wir den Ort, der diesen Bl\u00f6cken funktionell und \u00e4sthetisch am besten gerecht wird.<\/p>\r\n<\/blockquote>\r\n<p style=\"text-align: left;\">Stein ist das perfekte, zeitlose Kleid f\u00fcr unsere Produkte.<\/p>\r\n[\/vc_column_text][\/vc_column][\/vc_row][vc_row gap=&#8221;25&#8243; equal_height=&#8221;yes&#8221; css_animation=&#8221;fadeIn&#8221;][vc_column css=&#8221;.vc_custom_1676026318539{padding-top: 100px !important;padding-right: 50px !important;padding-bottom: 100px !important;padding-left: 50px !important;}&#8221;][vc_column_text css_animation=&#8221;fadeIn&#8221;]\r\n<h1>INNOVATION<\/h1>\r\n[\/vc_column_text][vc_column_text css_animation=&#8221;fadeIn&#8221;]<strong>Wenn Stein das Kleid unserer Produkte ist, dann ist die Technologie in ihrem Inneren das schlagende Herz.<\/strong>\r\n\r\nWir sind der festen \u00dcberzeugung, dass gutes Design zu einem sch\u00f6nen und funktionalen Produkt passt, sowohl in Bezug auf das Material, aus dem es hergestellt wird, als auch auf die Funktionen, f\u00fcr die es konzipiert ist.\r\n\r\nDie Beleuchtungs- und Beschallungssysteme des Menhir, die in Italien entworfen und entwickelt wurden, sind f\u00fcr den Einsatz im Freien konzipiert, <strong>haben keine Angst vor Witterungseinfl\u00fcssen und ben\u00f6tigen nur sehr wenig Wartung<\/strong>. Die spezielle Technik der Innenbohrung, die Verwendung von Materialien wie rostfreiem Stahl und Neodym-Behandlungen und die Tropentauglichkeit der Komponenten haben es uns erm\u00f6glicht, <strong>ein komplexes System v\u00f6llig zu vereinfachen, um ein maximales Benutzererlebnis und eine lange Lebensdauer zu gew\u00e4hrleisten<\/strong>.\r\n<p style=\"text-align: left;\"><a href=\"https:\/\/essenzediluce.com\/de\/i-sistemi-illuminanti-essenze-di-luce\/menhir-sound\/\" target=\"_blank\" rel=\"noopener\"><u>AUDIOSYSTEM<\/u> <\/a>| <a href=\"https:\/\/essenzediluce.com\/de\/i-sistemi-illuminanti-essenze-di-luce\/menhir-di-luce\/\" target=\"_blank\" rel=\"noopener\"><u>BELEUCHTUNGSSYSTEM<\/u><\/a><\/p>\r\n[\/vc_column_text][\/vc_column][\/vc_row][vc_row][vc_column][vc_empty_space height=&#8221;20&#8243;][\/vc_column][\/vc_row][vc_row full_width=&#8221;stretch_row_content&#8221; gap=&#8221;25&#8243; equal_height=&#8221;yes&#8221; css_animation=&#8221;fadeIn&#8221;][vc_column width=&#8221;1\/2&#8243; css=&#8221;.vc_custom_1676026361799{padding-top: 100px !important;padding-right: 50px !important;padding-bottom: 100px !important;padding-left: 50px !important;}&#8221;][vc_column_text css_animation=&#8221;fadeIn&#8221;]\r\n<h1>UNSERE HANDWERKER<\/h1>\r\n[\/vc_column_text][vc_column_text css_animation=&#8221;fadeIn&#8221;]<strong>Das handwerkliche K\u00f6nnen spiegelt sich in der Sch\u00f6nheit und Einzigartigkeit unserer Produkte, unserer Kultur und unserer Identit\u00e4t wider<\/strong>. Die Technologie unserer Produkte steckt in einer H\u00fclle aus Stein, die von erfahrenen H\u00e4nden ausgew\u00e4hlt, behandelt und bearbeitet wurde, die in der Lage sind, ein ebenso solides und dauerhaftes wie zartes und zerbrechliches Material mit \u00e4u\u00dferster Sorgfalt zu veredeln..\r\n<blockquote><strong>Jede Maserung und jede Unvollkommenheit erz\u00e4hlt von der Milliarden Jahre alten Geschichte des Steins; unsere Aufgabe ist es, sie mit gr\u00f6\u00dftem Respekt zu interpretieren.<\/strong><\/blockquote>\r\n[\/vc_column_text][\/vc_column][vc_column width=&#8221;1\/2&#8243; css=&#8221;.vc_custom_1676628080558{background-position: center !important;background-repeat: no-repeat !important;background-size: cover !important;}&#8221;][vc_single_image image=&#8221;14613&#8243; img_size=&#8221;full&#8221;][\/vc_column][\/vc_row][vc_row][vc_column][vc_empty_space height=&#8221;32&#8243;][\/vc_column][\/vc_row][vc_row gap=&#8221;25&#8243; equal_height=&#8221;yes&#8221; css_animation=&#8221;fadeIn&#8221;][vc_column width=&#8221;1\/2&#8243; css=&#8221;.vc_custom_1676628095022{margin-top: 40px !important;background-position: center !important;background-repeat: no-repeat !important;background-size: cover !important;}&#8221;][vc_single_image image=&#8221;14631&#8243; img_size=&#8221;600&#215;600&#8243;][\/vc_column][vc_column css_animation=&#8221;none&#8221; width=&#8221;1\/2&#8243; css=&#8221;.vc_custom_1676026422342{padding-top: 100px !important;padding-right: 50px !important;padding-bottom: 100px !important;padding-left: 50px !important;}&#8221;][vc_column_text css_animation=&#8221;fadeIn&#8221;]\r\n<h1 style=\"text-align: right;\">DER PURE LUXUS.<\/h1>\r\n[\/vc_column_text][vc_column_text css_animation=&#8221;fadeIn&#8221;]F\u00fcr diejenigen von uns, die den Rohstoff kennen und mit Leidenschaft arbeiten, definiert sich Luxus nicht nur durch die Art des verwendeten Marmors oder Steins: <strong>Wahrer Luxus ist mit dem Anblick verbunden<\/strong>, mit der Sch\u00f6nheit, die ein Produkt aus 100 % Naturstein wiedergibt, das mit einer bestimmten Funktion geschaffen wurde, z. B. zur Beleuchtung oder zur Verbreitung von Musik im Raum, und das so gut in die Umgebung integriert ist, dass es sich einf\u00fcgt.\r\n\r\nDa bei der Herstellung die Form und das Wesen des Steins selbst respektiert werden, <strong>ist jedes Produkt unweigerlich einzigartig und unterscheidet sich von anderen.<\/strong>[\/vc_column_text][\/vc_column][\/vc_row][vc_row][vc_column][vc_empty_space][\/vc_column][\/vc_row][vc_row full_width=&#8221;stretch_row&#8221; css=&#8221;.vc_custom_1675937316029{background-color: #6b6b6b !important;}&#8221;][vc_column][vc_empty_space][\/vc_column][\/vc_row][vc_row full_width=&#8221;stretch_row&#8221; css=&#8221;.vc_custom_1675937257333{background-color: #6b6b6b !important;}&#8221;][vc_column width=&#8221;1\/4&#8243;][\/vc_column][vc_column width=&#8221;1\/2&#8243;][vc_column_text]<div class=\"epyt-video-wrapper\"><div  id=\"_ytid_64038\"  width=\"800\" height=\"450\"  data-origwidth=\"800\" data-origheight=\"450\" data-facadesrc=\"https:\/\/www.youtube.com\/embed\/QuDtShx78EU?enablejsapi=1&autoplay=0&cc_load_policy=0&cc_lang_pref=&iv_load_policy=1&loop=0&rel=1&fs=1&playsinline=0&autohide=2&theme=dark&color=red&controls=1&disablekb=0&\" class=\"__youtube_prefs__ epyt-facade no-lazyload\" data-epautoplay=\"1\" ><img decoding=\"async\" data-spai-excluded=\"true\" class=\"epyt-facade-poster skip-lazy\" loading=\"lazy\"  alt=\"YouTube player\"  src=\"https:\/\/i.ytimg.com\/vi\/QuDtShx78EU\/maxresdefault.jpg\"  \/><button class=\"epyt-facade-play\" aria-label=\"Play\"><svg data-no-lazy=\"1\" height=\"100%\" version=\"1.1\" viewBox=\"0 0 68 48\" width=\"100%\"><path class=\"ytp-large-play-button-bg\" d=\"M66.52,7.74c-0.78-2.93-2.49-5.41-5.42-6.19C55.79,.13,34,0,34,0S12.21,.13,6.9,1.55 C3.97,2.33,2.27,4.81,1.48,7.74C0.06,13.05,0,24,0,24s0.06,10.95,1.48,16.26c0.78,2.93,2.49,5.41,5.42,6.19 C12.21,47.87,34,48,34,48s21.79-0.13,27.1-1.55c2.93-0.78,4.64-3.26,5.42-6.19C67.94,34.95,68,24,68,24S67.94,13.05,66.52,7.74z\" fill=\"#f00\"><\/path><path d=\"M 45,24 27,14 27,34\" fill=\"#fff\"><\/path><\/svg><\/button><\/div><\/div>[\/vc_column_text][vc_empty_space height=&#8221;20&#8243;][vc_column_text css=&#8221;.vc_custom_1676625971577{margin-top: 0px !important;margin-bottom: 0px !important;border-top-width: 0px !important;padding-top: 0px !important;}&#8221;]\r\n<h2 style=\"text-align: center;\"><span style=\"color: #ffffff;\">Der handwerkliche Prozess des Menhirs<\/span><\/h2>\r\n[\/vc_column_text][\/vc_column][vc_column width=&#8221;1\/4&#8243;][\/vc_column][\/vc_row][vc_row full_width=&#8221;stretch_row&#8221; css=&#8221;.vc_custom_1675937319958{background-color: #6b6b6b !important;}&#8221;][vc_column][vc_empty_space][\/vc_column][\/vc_row][vc_row][vc_column][vc_empty_space][\/vc_column][\/vc_row][vc_row][vc_column][vc_column_text]\r\n<h2 style=\"text-align: center;\">Unsere Partner<\/h2>\r\n[\/vc_column_text][\/vc_column][\/vc_row][vc_row][vc_column width=&#8221;1\/4&#8243;][vc_single_image image=&#8221;10331&#8243; onclick=&#8221;custom_link&#8221; img_link_target=&#8221;_blank&#8221; link=&#8221;https:\/\/www.granulati.it\/it\/&#8221;][\/vc_column][vc_column width=&#8221;1\/4&#8243;][vc_single_image image=&#8221;10329&#8243; onclick=&#8221;custom_link&#8221; img_link_target=&#8221;_blank&#8221; link=&#8221;https:\/\/stonecity.it\/&#8221;][\/vc_column][vc_column width=&#8221;1\/4&#8243;][vc_single_image image=&#8221;10327&#8243; onclick=&#8221;custom_link&#8221; img_link_target=&#8221;_blank&#8221; link=&#8221;https:\/\/www.nblsoftware.it\/&#8221;][\/vc_column][vc_column width=&#8221;1\/4&#8243;][vc_single_image image=&#8221;10325&#8243; onclick=&#8221;custom_link&#8221; img_link_target=&#8221;_blank&#8221; link=&#8221;https:\/\/www.landscapedesigner.it\/&#8221;][\/vc_column][\/vc_row][vc_row][vc_column][vc_empty_space][\/vc_column][\/vc_row]<\/div>","protected":false},"excerpt":{"rendered":"<p>[vc_row css=&#8221;.vc_custom_1682665553850{margin-top: 0px !important;padding-top: 0px !important;}&#8221;][vc_column css=&#8221;.vc_custom_1587649105885{margin-top: 0px !important;padding-top: 0px !important;}&#8221;][vc_empty_space height=&#8221;70&#8243;][\/vc_column][\/vc_row][vc_row gap=&#8221;25&#8243; equal_height=&#8221;yes&#8221; css_animation=&#8221;fadeIn&#8221;][vc_column width=&#8221;1\/2&#8243; css=&#8221;.vc_custom_1676627628011{margin-top: 40px !important;margin-right: 20px !important;border-right-width: 10px !important;background-position: center !important;background-repeat: no-repeat !important;background-size: cover !important;}&#8221;][vc_single_image image=&#8221;14605&#8243; img_size=&#8221;600&#215;850&#8243;][\/vc_column][vc_column width=&#8221;1\/2&#8243; css=&#8221;.vc_custom_1676026302463{margin-left: 20px !important;border-left-width: 10px !important;}&#8221;][vc_column_text css_animation=&#8221;fadeIn&#8221;] DER STEIN&hellip;<\/p>\n<p> <a class=\"more-link\" href=\"https:\/\/essenzediluce.com\/de\/unternehmen\/\">Weiterlesen<\/a><\/p>\n","protected":false},"author":2,"featured_media":0,"parent":0,"menu_order":0,"comment_status":"open","ping_status":"closed","template":"","meta":{"footnotes":""},"class_list":["post-11001","page","type-page","status-publish"],"yoast_head":"<!-- This site is optimized with the Yoast SEO plugin v24.5 - https:\/\/yoast.com\/wordpress\/plugins\/seo\/ -->\n<title>Unternehmen - Essenze di Luce<\/title>\n<meta name=\"description\" content=\"Seit 2015 entwirft und produziert er in Italien einzigartige Beleuchtungs- und Klangl\u00f6sungen aus Naturstein f\u00fcr den Au\u00dfenbereich.\" \/>\n<meta name=\"robots\" content=\"index, follow, max-snippet:-1, max-image-preview:large, max-video-preview:-1\" \/>\n<link rel=\"canonical\" href=\"https:\/\/essenzediluce.com\/de\/unternehmen\/\" \/>\n<meta property=\"og:locale\" content=\"de_DE\" \/>\n<meta property=\"og:type\" content=\"article\" \/>\n<meta property=\"og:title\" content=\"Unternehmen - Essenze di Luce\" \/>\n<meta property=\"og:description\" content=\"Seit 2015 entwirft und produziert er in Italien einzigartige Beleuchtungs- und Klangl\u00f6sungen aus Naturstein f\u00fcr den Au\u00dfenbereich.\" \/>\n<meta property=\"og:url\" content=\"https:\/\/essenzediluce.com\/de\/unternehmen\/\" \/>\n<meta property=\"og:site_name\" content=\"Essenze di Luce\" \/>\n<meta property=\"article:publisher\" content=\"https:\/\/www.facebook.com\/essenzediluce.italy\/\" \/>\n<meta property=\"article:modified_time\" content=\"2023-05-04T13:51:38+00:00\" \/>\n<meta name=\"twitter:card\" content=\"summary_large_image\" \/>\n<meta name=\"twitter:label1\" content=\"Gesch\u00e4tzte Lesezeit\" \/>\n\t<meta name=\"twitter:data1\" content=\"4\u00a0Minuten\" \/>\n<script type=\"application\/ld+json\" class=\"yoast-schema-graph\">{\"@context\":\"https:\/\/schema.org\",\"@graph\":[{\"@type\":\"WebPage\",\"@id\":\"https:\/\/essenzediluce.com\/de\/unternehmen\/\",\"url\":\"https:\/\/essenzediluce.com\/de\/unternehmen\/\",\"name\":\"Unternehmen - Essenze di Luce\",\"isPartOf\":{\"@id\":\"https:\/\/essenzediluce.com\/#website\"},\"datePublished\":\"2014-04-19T10:33:29+00:00\",\"dateModified\":\"2023-05-04T13:51:38+00:00\",\"description\":\"Seit 2015 entwirft und produziert er in Italien einzigartige Beleuchtungs- und Klangl\u00f6sungen aus Naturstein f\u00fcr den Au\u00dfenbereich.\",\"breadcrumb\":{\"@id\":\"https:\/\/essenzediluce.com\/de\/unternehmen\/#breadcrumb\"},\"inLanguage\":\"de\",\"potentialAction\":[{\"@type\":\"ReadAction\",\"target\":[\"https:\/\/essenzediluce.com\/de\/unternehmen\/\"]}]},{\"@type\":\"BreadcrumbList\",\"@id\":\"https:\/\/essenzediluce.com\/de\/unternehmen\/#breadcrumb\",\"itemListElement\":[{\"@type\":\"ListItem\",\"position\":1,\"name\":\"Home\",\"item\":\"https:\/\/essenzediluce.com\/de\/\"},{\"@type\":\"ListItem\",\"position\":2,\"name\":\"Unternehmen\"}]},{\"@type\":\"WebSite\",\"@id\":\"https:\/\/essenzediluce.com\/#website\",\"url\":\"https:\/\/essenzediluce.com\/\",\"name\":\"Essenze di Luce\",\"description\":\"\",\"publisher\":{\"@id\":\"https:\/\/essenzediluce.com\/#organization\"},\"potentialAction\":[{\"@type\":\"SearchAction\",\"target\":{\"@type\":\"EntryPoint\",\"urlTemplate\":\"https:\/\/essenzediluce.com\/?s={search_term_string}\"},\"query-input\":{\"@type\":\"PropertyValueSpecification\",\"valueRequired\":true,\"valueName\":\"search_term_string\"}}],\"inLanguage\":\"de\"},{\"@type\":\"Organization\",\"@id\":\"https:\/\/essenzediluce.com\/#organization\",\"name\":\"Essenze di Luce\",\"url\":\"https:\/\/essenzediluce.com\/\",\"logo\":{\"@type\":\"ImageObject\",\"inLanguage\":\"de\",\"@id\":\"https:\/\/essenzediluce.com\/#\/schema\/logo\/image\/\",\"url\":\"https:\/\/essenzediluce.com\/wp-content\/uploads\/2017\/03\/el.jpg\",\"contentUrl\":\"https:\/\/essenzediluce.com\/wp-content\/uploads\/2017\/03\/el.jpg\",\"width\":512,\"height\":512,\"caption\":\"Essenze di Luce\"},\"image\":{\"@id\":\"https:\/\/essenzediluce.com\/#\/schema\/logo\/image\/\"},\"sameAs\":[\"https:\/\/www.facebook.com\/essenzediluce.italy\/\",\"https:\/\/www.instagram.com\/essenzediluce\/\",\"https:\/\/www.youtube.com\/channel\/UCXKJKPfUYADaJMEm_9NAvrA\"]}]}<\/script>\n<!-- \/ Yoast SEO plugin. -->","yoast_head_json":{"title":"Unternehmen - Essenze di Luce","description":"Seit 2015 entwirft und produziert er in Italien einzigartige Beleuchtungs- und Klangl\u00f6sungen aus Naturstein f\u00fcr den Au\u00dfenbereich.","robots":{"index":"index","follow":"follow","max-snippet":"max-snippet:-1","max-image-preview":"max-image-preview:large","max-video-preview":"max-video-preview:-1"},"canonical":"https:\/\/essenzediluce.com\/de\/unternehmen\/","og_locale":"de_DE","og_type":"article","og_title":"Unternehmen - Essenze di Luce","og_description":"Seit 2015 entwirft und produziert er in Italien einzigartige Beleuchtungs- und Klangl\u00f6sungen aus Naturstein f\u00fcr den Au\u00dfenbereich.","og_url":"https:\/\/essenzediluce.com\/de\/unternehmen\/","og_site_name":"Essenze di Luce","article_publisher":"https:\/\/www.facebook.com\/essenzediluce.italy\/","article_modified_time":"2023-05-04T13:51:38+00:00","twitter_card":"summary_large_image","twitter_misc":{"Gesch\u00e4tzte Lesezeit":"4\u00a0Minuten"},"schema":{"@context":"https:\/\/schema.org","@graph":[{"@type":"WebPage","@id":"https:\/\/essenzediluce.com\/de\/unternehmen\/","url":"https:\/\/essenzediluce.com\/de\/unternehmen\/","name":"Unternehmen - Essenze di Luce","isPartOf":{"@id":"https:\/\/essenzediluce.com\/#website"},"datePublished":"2014-04-19T10:33:29+00:00","dateModified":"2023-05-04T13:51:38+00:00","description":"Seit 2015 entwirft und produziert er in Italien einzigartige Beleuchtungs- und Klangl\u00f6sungen aus Naturstein f\u00fcr den Au\u00dfenbereich.","breadcrumb":{"@id":"https:\/\/essenzediluce.com\/de\/unternehmen\/#breadcrumb"},"inLanguage":"de","potentialAction":[{"@type":"ReadAction","target":["https:\/\/essenzediluce.com\/de\/unternehmen\/"]}]},{"@type":"BreadcrumbList","@id":"https:\/\/essenzediluce.com\/de\/unternehmen\/#breadcrumb","itemListElement":[{"@type":"ListItem","position":1,"name":"Home","item":"https:\/\/essenzediluce.com\/de\/"},{"@type":"ListItem","position":2,"name":"Unternehmen"}]},{"@type":"WebSite","@id":"https:\/\/essenzediluce.com\/#website","url":"https:\/\/essenzediluce.com\/","name":"Essenze di Luce","description":"","publisher":{"@id":"https:\/\/essenzediluce.com\/#organization"},"potentialAction":[{"@type":"SearchAction","target":{"@type":"EntryPoint","urlTemplate":"https:\/\/essenzediluce.com\/?s={search_term_string}"},"query-input":{"@type":"PropertyValueSpecification","valueRequired":true,"valueName":"search_term_string"}}],"inLanguage":"de"},{"@type":"Organization","@id":"https:\/\/essenzediluce.com\/#organization","name":"Essenze di Luce","url":"https:\/\/essenzediluce.com\/","logo":{"@type":"ImageObject","inLanguage":"de","@id":"https:\/\/essenzediluce.com\/#\/schema\/logo\/image\/","url":"https:\/\/essenzediluce.com\/wp-content\/uploads\/2017\/03\/el.jpg","contentUrl":"https:\/\/essenzediluce.com\/wp-content\/uploads\/2017\/03\/el.jpg","width":512,"height":512,"caption":"Essenze di Luce"},"image":{"@id":"https:\/\/essenzediluce.com\/#\/schema\/logo\/image\/"},"sameAs":["https:\/\/www.facebook.com\/essenzediluce.italy\/","https:\/\/www.instagram.com\/essenzediluce\/","https:\/\/www.youtube.com\/channel\/UCXKJKPfUYADaJMEm_9NAvrA"]}]}},"_links":{"self":[{"href":"https:\/\/essenzediluce.com\/de\/wp-json\/wp\/v2\/pages\/11001"}],"collection":[{"href":"https:\/\/essenzediluce.com\/de\/wp-json\/wp\/v2\/pages"}],"about":[{"href":"https:\/\/essenzediluce.com\/de\/wp-json\/wp\/v2\/types\/page"}],"author":[{"embeddable":true,"href":"https:\/\/essenzediluce.com\/de\/wp-json\/wp\/v2\/users\/2"}],"replies":[{"embeddable":true,"href":"https:\/\/essenzediluce.com\/de\/wp-json\/wp\/v2\/comments?post=11001"}],"version-history":[{"count":9,"href":"https:\/\/essenzediluce.com\/de\/wp-json\/wp\/v2\/pages\/11001\/revisions"}],"predecessor-version":[{"id":15222,"href":"https:\/\/essenzediluce.com\/de\/wp-json\/wp\/v2\/pages\/11001\/revisions\/15222"}],"wp:attachment":[{"href":"https:\/\/essenzediluce.com\/de\/wp-json\/wp\/v2\/media?parent=11001"}],"curies":[{"name":"wp","href":"https:\/\/api.w.org\/{rel}","templated":true}]}}