{"id":11783,"date":"2021-06-11T16:21:50","date_gmt":"2021-06-11T16:21:50","guid":{"rendered":"https:\/\/essenzediluce.com\/catalogo\/"},"modified":"2024-12-12T16:30:53","modified_gmt":"2024-12-12T15:30:53","slug":"katalog","status":"publish","type":"page","link":"https:\/\/essenzediluce.com\/de\/katalog\/","title":{"rendered":"Katalog"},"content":{"rendered":"<div class=\"wpb-content-wrapper\">[vc_row full_width=&#8221;stretch_row_content&#8221; css=&#8221;.vc_custom_1687940744059{background: #cacaca url(https:\/\/essenzediluce.com\/wp-content\/uploads\/2023\/06\/EL-Catalogue-background.jpg?id=15894) !important;}&#8221;][vc_column width=&#8221;1\/6&#8243;][\/vc_column][vc_column width=&#8221;2\/3&#8243;][vc_empty_space height=&#8221;32&#8243;][vc_column_text]\r\n<h1 style=\"text-align: center;\">KATALOG<\/h1>\r\n[\/vc_column_text][vc_column_text]\r\n<h2 style=\"text-align: center;\"><strong>Bl\u00e4ttern Sie im Gesamtkatalog<\/strong> und lassen Sie sich von\r\nunseren Licht- und Tonl\u00f6sungen f\u00fcr den Garten <strong>inspirieren<\/strong><\/h2>\r\n[\/vc_column_text][vc_raw_html]JTVCZGZsaXAlMjBpZCUzRCUyMjE1NTE1JTIyJTIwJTVEJTVCJTJGZGZsaXAlNUQ=[\/vc_raw_html][\/vc_column][vc_column width=&#8221;1\/6&#8243;][\/vc_column][\/vc_row][vc_row full_width=&#8221;stretch_row_content&#8221;][vc_column][vc_empty_space][\/vc_column][\/vc_row][vc_row][vc_column width=&#8221;1\/2&#8243;][vc_column_text]\r\n<h3 style=\"text-align: center;\"><strong>PRODUCTS OVERVIEW BROCHURE<\/strong><\/h3>\r\n<h4 style=\"text-align: center;\">(Beleuchtung und Audio)<\/h4>\r\n[\/vc_column_text][vc_raw_html]JTVCZGZsaXAlMjBpZCUzRCUyMjE1ODcwJTIyJTIwJTVEJTVCJTJGZGZsaXAlNUQ=[\/vc_raw_html][vc_column_text css=&#8221;.vc_custom_1687941244042{margin-top: 0px !important;margin-right: 0px !important;margin-bottom: 0px !important;margin-left: 0px !important;border-top-width: 0px !important;border-right-width: 0px !important;border-bottom-width: 0px !important;border-left-width: 0px !important;padding-top: 0px !important;padding-right: 0px !important;padding-bottom: 0px !important;padding-left: 0px !important;}&#8221;]\r\n<h4 style=\"text-align: center;\"><i class=\"fa fa-download\" aria-hidden=\"true\"><\/i> <a class=\"ht\" href=\"https:\/\/essenzediluce.com\/wp-content\/uploads\/2023\/06\/EL-Brochure-PRODOTTI-2022-FRA-DEU.pdf\" target=\"_blank\" rel=\"noopener noreferrer\">PDF Produkte (Fran\u00e7ais &#8211; Deutsch)<\/a><\/h4>\r\n[\/vc_column_text][vc_empty_space][vc_column_text css=&#8221;.vc_custom_1687941249226{margin-top: 0px !important;margin-right: 0px !important;margin-bottom: 0px !important;margin-left: 0px !important;border-top-width: 0px !important;border-right-width: 0px !important;border-bottom-width: 0px !important;border-left-width: 0px !important;padding-top: 0px !important;padding-right: 0px !important;padding-bottom: 0px !important;padding-left: 0px !important;}&#8221;]\r\n<h4 style=\"text-align: center;\"><i class=\"fa fa-download\" aria-hidden=\"true\"><\/i> <a class=\"ht\" href=\"https:\/\/essenzediluce.com\/wp-content\/uploads\/2023\/06\/EL-Brochure-PRODOTTI-2022-ITA-ENG.pdf\" target=\"_blank\" rel=\"noopener noreferrer\">PDF Produkte (Italiano &#8211; English)<\/a><\/h4>\r\n[\/vc_column_text][\/vc_column][vc_column width=&#8221;1\/2&#8243;][vc_column_text]\r\n<h3 style=\"text-align: center;\"><strong>AUDIO SYSTEMS BROCHURE<\/strong><\/h3>\r\n<h4 style=\"text-align: center;\">(Menhir Sound + Sound Pro)<\/h4>\r\n[\/vc_column_text][vc_raw_html]JTVCZGZsaXAlMjBpZCUzRCUyMjE1ODc2JTIyJTIwJTVEJTVCJTJGZGZsaXAlNUQ=[\/vc_raw_html][vc_column_text css=&#8221;.vc_custom_1687941254779{margin-top: 0px !important;margin-right: 0px !important;margin-bottom: 0px !important;margin-left: 0px !important;border-top-width: 0px !important;border-right-width: 0px !important;border-bottom-width: 0px !important;border-left-width: 0px !important;padding-top: 0px !important;padding-right: 0px !important;padding-bottom: 0px !important;padding-left: 0px !important;}&#8221;]\r\n<h4 style=\"text-align: center;\"><i class=\"fa fa-download\" aria-hidden=\"true\"><\/i> <a class=\"ht\" href=\"https:\/\/essenzediluce.com\/wp-content\/uploads\/2022\/09\/EL-Brochure-MENHIR-SOUND-2022-digital-FRA-DEU.pdf\" target=\"_blank\" rel=\"noopener noreferrer\">PDF Audio Systems (Fran\u00e7ais &#8211; Deutsch)<\/a><\/h4>\r\n[\/vc_column_text][vc_empty_space][vc_column_text css=&#8221;.vc_custom_1687941260696{margin-top: 0px !important;margin-right: 0px !important;margin-bottom: 0px !important;margin-left: 0px !important;border-top-width: 0px !important;border-right-width: 0px !important;border-bottom-width: 0px !important;border-left-width: 0px !important;padding-top: 0px !important;padding-right: 0px !important;padding-bottom: 0px !important;padding-left: 0px !important;}&#8221;]\r\n<h4 style=\"text-align: center;\"><i class=\"fa fa-download\" aria-hidden=\"true\"><\/i> <a class=\"ht\" href=\"https:\/\/essenzediluce.com\/wp-content\/uploads\/2022\/09\/EL-Brochure-MENHIR-SOUND-2022-digital-ITA-ENG.pdf\" target=\"_blank\" rel=\"noopener noreferrer\">PDF Audio Systems (Italiano &#8211; English)<\/a><\/h4>\r\n[\/vc_column_text][\/vc_column][\/vc_row][vc_row][vc_column][vc_empty_space height=&#8221;120px&#8221;][\/vc_column][\/vc_row][vc_row css=&#8221;.vc_custom_1687941121731{background-color: #000000 !important;}&#8221;][vc_column][vc_column_text]\r\n<h2 style=\"text-align: center;\"><span style=\"color: #ffffff;\"><strong>KONTAKTIEREN SIE UNS<\/strong><\/span><\/h2>\r\n[\/vc_column_text][\/vc_column][\/vc_row][vc_row][vc_column][vc_column_text]\r\n<h3 style=\"text-align: center;\">um Informationen \u00fcber unsere Produkte und deren Bezugsquellen zu erhalten<\/h3>\r\n[\/vc_column_text]\n<div class=\"wpcf7 no-js\" id=\"wpcf7-f20909-o1\" lang=\"de-DE\" dir=\"ltr\" data-wpcf7-id=\"20909\">\n<div class=\"screen-reader-response\"><p role=\"status\" aria-live=\"polite\" aria-atomic=\"true\"><\/p> <ul><\/ul><\/div>\n<form action=\"\/de\/wp-json\/wp\/v2\/pages\/11783#wpcf7-f20909-o1\" method=\"post\" class=\"wpcf7-form init\" aria-label=\"Kontaktformular\" novalidate=\"novalidate\" data-status=\"init\">\n<div style=\"display: none;\">\n<input type=\"hidden\" name=\"_wpcf7\" value=\"20909\" \/>\n<input type=\"hidden\" name=\"_wpcf7_version\" value=\"6.0.6\" \/>\n<input type=\"hidden\" name=\"_wpcf7_locale\" value=\"de_DE\" \/>\n<input type=\"hidden\" name=\"_wpcf7_unit_tag\" value=\"wpcf7-f20909-o1\" \/>\n<input type=\"hidden\" name=\"_wpcf7_container_post\" value=\"0\" \/>\n<input type=\"hidden\" name=\"_wpcf7_posted_data_hash\" value=\"\" \/>\n<\/div>\n<div class=\"two-column\">\n\t<div class=\"left\">\n\t\t<p><span class=\"wpcf7-form-control-wrap\" data-name=\"your-name\"><input size=\"40\" maxlength=\"400\" class=\"wpcf7-form-control wpcf7-text wpcf7-validates-as-required\" aria-required=\"true\" aria-invalid=\"false\" placeholder=\"Ihr Name*\" value=\"\" type=\"text\" name=\"your-name\" \/><\/span>\n\t\t<\/p>\n\t<\/div>\n\t<div class=\"right\">\n\t\t<p><span class=\"wpcf7-form-control-wrap\" data-name=\"your-surname\"><input size=\"40\" maxlength=\"400\" class=\"wpcf7-form-control wpcf7-text wpcf7-validates-as-required\" aria-required=\"true\" aria-invalid=\"false\" placeholder=\"Ihr Nachname*\" value=\"\" type=\"text\" name=\"your-surname\" \/><\/span>\n\t\t<\/p>\n\t<\/div>\n<\/div>\n<div class=\"two-column\">\n\t<div class=\"left comp-left\">\n\t\t<p><span class=\"wpcf7-form-control-wrap\" data-name=\"phone\"><input size=\"40\" maxlength=\"400\" class=\"wpcf7-form-control wpcf7-tel wpcf7-validates-as-required wpcf7-text wpcf7-validates-as-tel\" aria-required=\"true\" aria-invalid=\"false\" placeholder=\"Telefon*\" value=\"\" type=\"tel\" name=\"phone\" \/><\/span>\n\t\t<\/p>\n\t<\/div>\n\t<div class=\"right comp-right\">\n\t\t<p><span class=\"wpcf7-form-control-wrap\" data-name=\"your-email\"><input size=\"40\" maxlength=\"400\" class=\"wpcf7-form-control wpcf7-email wpcf7-validates-as-required wpcf7-text wpcf7-validates-as-email\" aria-required=\"true\" aria-invalid=\"false\" placeholder=\"E-Mail*\" value=\"\" type=\"email\" name=\"your-email\" \/><\/span>\n\t\t<\/p>\n\t<\/div>\n<\/div>\n<div class=\"two-column\">\n\t<div class=\"left\">\n\t\t<p><span class=\"wpcf7-form-control-wrap\" data-name=\"citta\"><input size=\"40\" maxlength=\"400\" class=\"wpcf7-form-control wpcf7-text wpcf7-validates-as-required\" aria-required=\"true\" aria-invalid=\"false\" placeholder=\"St\u00e4dte*\" value=\"\" type=\"text\" name=\"citta\" \/><\/span>\n\t\t<\/p>\n\t<\/div>\n\t<div class=\"right\">\n\t\t<p><span class=\"wpcf7-form-control-wrap\" data-name=\"CAP\"><input size=\"40\" maxlength=\"400\" class=\"wpcf7-form-control wpcf7-text\" aria-invalid=\"false\" placeholder=\"Postleitzahl\" value=\"\" type=\"text\" name=\"CAP\" \/><\/span>\n\t\t<\/p>\n\t<\/div>\n<\/div>\n<div class=\"comp\">\n\t<p><span class=\"wpcf7-form-control-wrap\" data-name=\"company\"><input size=\"40\" maxlength=\"400\" class=\"wpcf7-form-control wpcf7-text\" aria-invalid=\"false\" placeholder=\"Firmenname (Erforderlich)\" value=\"\" type=\"text\" name=\"company\" \/><\/span>\n\t<\/p>\n<\/div>\n<div>\n\t<p>Stellenbeschreibung*: <span class=\"wpcf7-form-control-wrap\" data-name=\"ruolo\"><select class=\"wpcf7-form-control wpcf7-select wpcf7-validates-as-required\" aria-required=\"true\" aria-invalid=\"false\" name=\"ruolo\"><option value=\"\">&#8211; Bitte ausw\u00e4hlen &#8211;<\/option><option value=\"Privat\">Privat<\/option><option value=\"Architekt\">Architekt<\/option><option value=\"G\u00e4rtner\">G\u00e4rtner<\/option><option value=\"Landschaftsg\u00e4rtner\">Landschaftsg\u00e4rtner<\/option><option value=\"Einzelh\u00e4ndler\">Einzelh\u00e4ndler<\/option><option value=\"Installateur\">Installateur<\/option><\/select><\/span>\n\t<\/p>\n<\/div>\n<div class=\"message\">\n\t<p><span class=\"wpcf7-form-control-wrap\" data-name=\"your-message\"><textarea cols=\"40\" rows=\"10\" maxlength=\"2000\" class=\"wpcf7-form-control wpcf7-textarea wpcf7-validates-as-required\" aria-required=\"true\" aria-invalid=\"false\" placeholder=\"Nachricht*\" name=\"your-message\"><\/textarea><\/span>\n\t<\/p>\n<\/div>\n<div>\n\t<p><span class=\"wpcf7-form-control-wrap\" data-name=\"accept-this\"><span class=\"wpcf7-form-control wpcf7-acceptance\"><span class=\"wpcf7-list-item\"><input type=\"checkbox\" name=\"accept-this\" value=\"1\" aria-invalid=\"false\" \/><\/span><\/span><\/span> JA, ICH AKZEPTIERE DIE ALLGEMEINEN GESCH\u00c4FTSBEDINGUNGEN: Ich erkl\u00e4re mich mit der Verarbeitung meiner pers\u00f6nlichen Daten zum alleinigen Zweck der Bearbeitung meiner Anfrage und deren Aktualisierung einverstanden.<a class=\"fancybox-iframe {width:100%,height:100%}\" href=\"https:\/\/essenzediluce.com\/privacy-policy\/\"><strong>Privacy Policy<\/strong><\/a>\n\t<\/p>\n<\/div>\n<div>\n\t<p><span class=\"wpcf7-form-control-wrap\" data-name=\"your-consent-sendinblue\"><span class=\"wpcf7-form-control wpcf7-acceptance optional\"><span class=\"wpcf7-list-item\"><label><input type=\"checkbox\" name=\"your-consent-sendinblue\" value=\"1\" aria-invalid=\"false\" \/><span class=\"wpcf7-list-item-label\">MICH F\u00dcR DEN NEWSLETTER ANMELDEN<\/span><\/label><\/span><\/span><\/span>: Ich m\u00f6chte Mitteilungen und Aktualisierungen \u00fcber Projekte, neue Produkte und Veranstaltungen erhalten. - Kein Spam von Essenze di Luce versprochen!-\n\t<\/p>\n<\/div>\n<div>\n\t<p><input class=\"wpcf7-form-control wpcf7-submit has-spinner\" type=\"submit\" value=\"Senden\" \/>\n\t<\/p>\n<\/div><div class=\"wpcf7-response-output\" aria-hidden=\"true\"><\/div>\n<\/form>\n<\/div>\n[vc_empty_space height=&#8221;60&#8243;][\/vc_column][\/vc_row][vc_row full_width=&#8221;stretch_row&#8221; css=&#8221;.vc_custom_1681458635590{margin-bottom: 0px !important;border-bottom-width: 0px !important;padding-bottom: 0px !important;background-color: #afbfb2 !important;}&#8221;][vc_column][vc_column_text]\r\n<h3 style=\"text-align: center;\"><strong><span style=\"color: #ffffff;\">Die Inspiration h\u00f6rt nie auf, folgen Sie uns &#8230;<\/span><\/strong><\/h3>\r\n[\/vc_column_text][\/vc_column][\/vc_row][vc_row full_width=&#8221;stretch_row&#8221; css=&#8221;.vc_custom_1681458603629{margin-top: 0px !important;margin-bottom: 30px !important;border-top-width: 0px !important;border-bottom-width: 5px !important;padding-top: 0px !important;padding-bottom: 0px !important;background-color: #afbfb2 !important;}&#8221;][vc_column width=&#8221;1\/6&#8243;][\/vc_column][vc_column width=&#8221;1\/6&#8243; css=&#8221;.vc_custom_1678355495061{margin-right: 0px !important;border-right-width: 0px !important;padding-right: 0px !important;}&#8221;][vc_single_image image=&#8221;14501&#8243; img_size=&#8221;80&#215;80&#8243; alignment=&#8221;center&#8221; onclick=&#8221;custom_link&#8221; img_link_target=&#8221;_blank&#8221; link=&#8221;https:\/\/www.instagram.com\/essenzediluce\/&#8221;][\/vc_column][vc_column width=&#8221;1\/6&#8243; css=&#8221;.vc_custom_1678355486835{margin-right: 0px !important;margin-left: 0px !important;border-right-width: 0px !important;border-left-width: 0px !important;padding-right: 0px !important;padding-left: 0px !important;}&#8221;][vc_single_image image=&#8221;14509&#8243; img_size=&#8221;80&#215;80&#8243; alignment=&#8221;center&#8221; onclick=&#8221;custom_link&#8221; img_link_target=&#8221;_blank&#8221; link=&#8221;https:\/\/www.pinterest.it\/essenzediluce1\/&#8221;][\/vc_column][vc_column width=&#8221;1\/6&#8243; css=&#8221;.vc_custom_1678355477576{margin-right: 0px !important;margin-left: 0px !important;border-right-width: 0px !important;border-left-width: 0px !important;padding-right: 0px !important;padding-left: 0px !important;}&#8221;][vc_single_image image=&#8221;14505&#8243; img_size=&#8221;80&#215;80&#8243; alignment=&#8221;center&#8221; onclick=&#8221;custom_link&#8221; img_link_target=&#8221;_blank&#8221; link=&#8221;https:\/\/www.linkedin.com\/company\/11177245&#8243;][\/vc_column][vc_column width=&#8221;1\/6&#8243;][vc_single_image image=&#8221;14497&#8243; img_size=&#8221;80&#215;80&#8243; alignment=&#8221;center&#8221; onclick=&#8221;custom_link&#8221; img_link_target=&#8221;_blank&#8221; css=&#8221;.vc_custom_1678355730524{margin-left: 0px !important;border-left-width: 0px !important;padding-left: 0px !important;}&#8221; link=&#8221;https:\/\/www.facebook.com\/essenzediluce.italy&#8221;][\/vc_column][vc_column width=&#8221;1\/6&#8243;][\/vc_column][\/vc_row]<\/div>","protected":false},"excerpt":{"rendered":"<p>[vc_row full_width=&#8221;stretch_row_content&#8221; css=&#8221;.vc_custom_1687940744059{background: #cacaca url(https:\/\/essenzediluce.com\/wp-content\/uploads\/2023\/06\/EL-Catalogue-background.jpg?id=15894) !important;}&#8221;][vc_column width=&#8221;1\/6&#8243;][\/vc_column][vc_column width=&#8221;2\/3&#8243;][vc_empty_space height=&#8221;32&#8243;][vc_column_text] KATALOG [\/vc_column_text][vc_column_text] Bl\u00e4ttern Sie im Gesamtkatalog und lassen Sie sich von unseren Licht- und Tonl\u00f6sungen f\u00fcr den Garten inspirieren [\/vc_column_text][vc_raw_html]JTVCZGZsaXAlMjBpZCUzRCUyMjE1NTE1JTIyJTIwJTVEJTVCJTJGZGZsaXAlNUQ=[\/vc_raw_html][\/vc_column][vc_column width=&#8221;1\/6&#8243;][\/vc_column][\/vc_row][vc_row full_width=&#8221;stretch_row_content&#8221;][vc_column][vc_empty_space][\/vc_column][\/vc_row][vc_row][vc_column width=&#8221;1\/2&#8243;][vc_column_text] PRODUCTS OVERVIEW BROCHURE (Beleuchtung und Audio) [\/vc_column_text][vc_raw_html]JTVCZGZsaXAlMjBpZCUzRCUyMjE1ODcwJTIyJTIwJTVEJTVCJTJGZGZsaXAlNUQ=[\/vc_raw_html][vc_column_text css=&#8221;.vc_custom_1687941244042{margin-top:&hellip;<\/p>\n<p> <a class=\"more-link\" href=\"https:\/\/essenzediluce.com\/de\/katalog\/\">Weiterlesen<\/a><\/p>\n","protected":false},"author":2,"featured_media":0,"parent":0,"menu_order":0,"comment_status":"closed","ping_status":"closed","template":"","meta":{"footnotes":""},"class_list":["post-11783","page","type-page","status-publish"],"yoast_head":"<!-- This site is optimized with the Yoast SEO plugin v24.5 - https:\/\/yoast.com\/wordpress\/plugins\/seo\/ -->\n<title>Produktkatalog und Gesch\u00e4fte - Essenze di Luce<\/title>\n<meta name=\"description\" content=\"St\u00f6bern Sie im Katalog unserer Au\u00dfenbeleuchtungsprodukte und entdecken Sie die neueste Produktlinie der Naturstein-Au\u00dfenbeschallungssysteme\" \/>\n<meta name=\"robots\" content=\"index, follow, max-snippet:-1, max-image-preview:large, max-video-preview:-1\" \/>\n<link rel=\"canonical\" href=\"https:\/\/essenzediluce.com\/de\/katalog\/\" \/>\n<meta property=\"og:locale\" content=\"de_DE\" \/>\n<meta property=\"og:type\" content=\"article\" \/>\n<meta property=\"og:title\" content=\"Produktkatalog und Gesch\u00e4fte - Essenze di Luce\" \/>\n<meta property=\"og:description\" content=\"St\u00f6bern Sie im Katalog unserer Au\u00dfenbeleuchtungsprodukte und entdecken Sie die neueste Produktlinie der Naturstein-Au\u00dfenbeschallungssysteme\" \/>\n<meta property=\"og:url\" content=\"https:\/\/essenzediluce.com\/de\/katalog\/\" \/>\n<meta property=\"og:site_name\" content=\"Essenze di Luce\" \/>\n<meta property=\"article:publisher\" content=\"https:\/\/www.facebook.com\/essenzediluce.italy\/\" \/>\n<meta property=\"article:modified_time\" content=\"2024-12-12T15:30:53+00:00\" \/>\n<meta name=\"twitter:card\" content=\"summary_large_image\" \/>\n<meta name=\"twitter:label1\" content=\"Gesch\u00e4tzte Lesezeit\" \/>\n\t<meta name=\"twitter:data1\" content=\"2\u00a0Minuten\" \/>\n<script type=\"application\/ld+json\" class=\"yoast-schema-graph\">{\"@context\":\"https:\/\/schema.org\",\"@graph\":[{\"@type\":\"WebPage\",\"@id\":\"https:\/\/essenzediluce.com\/de\/katalog\/\",\"url\":\"https:\/\/essenzediluce.com\/de\/katalog\/\",\"name\":\"Produktkatalog und Gesch\u00e4fte - Essenze di Luce\",\"isPartOf\":{\"@id\":\"https:\/\/essenzediluce.com\/#website\"},\"datePublished\":\"2021-06-11T16:21:50+00:00\",\"dateModified\":\"2024-12-12T15:30:53+00:00\",\"description\":\"St\u00f6bern Sie im Katalog unserer Au\u00dfenbeleuchtungsprodukte und entdecken Sie die neueste Produktlinie der Naturstein-Au\u00dfenbeschallungssysteme\",\"breadcrumb\":{\"@id\":\"https:\/\/essenzediluce.com\/de\/katalog\/#breadcrumb\"},\"inLanguage\":\"de\",\"potentialAction\":[{\"@type\":\"ReadAction\",\"target\":[\"https:\/\/essenzediluce.com\/de\/katalog\/\"]}]},{\"@type\":\"BreadcrumbList\",\"@id\":\"https:\/\/essenzediluce.com\/de\/katalog\/#breadcrumb\",\"itemListElement\":[{\"@type\":\"ListItem\",\"position\":1,\"name\":\"Home\",\"item\":\"https:\/\/essenzediluce.com\/de\/\"},{\"@type\":\"ListItem\",\"position\":2,\"name\":\"Katalog\"}]},{\"@type\":\"WebSite\",\"@id\":\"https:\/\/essenzediluce.com\/#website\",\"url\":\"https:\/\/essenzediluce.com\/\",\"name\":\"Essenze di Luce\",\"description\":\"\",\"publisher\":{\"@id\":\"https:\/\/essenzediluce.com\/#organization\"},\"potentialAction\":[{\"@type\":\"SearchAction\",\"target\":{\"@type\":\"EntryPoint\",\"urlTemplate\":\"https:\/\/essenzediluce.com\/?s={search_term_string}\"},\"query-input\":{\"@type\":\"PropertyValueSpecification\",\"valueRequired\":true,\"valueName\":\"search_term_string\"}}],\"inLanguage\":\"de\"},{\"@type\":\"Organization\",\"@id\":\"https:\/\/essenzediluce.com\/#organization\",\"name\":\"Essenze di Luce\",\"url\":\"https:\/\/essenzediluce.com\/\",\"logo\":{\"@type\":\"ImageObject\",\"inLanguage\":\"de\",\"@id\":\"https:\/\/essenzediluce.com\/#\/schema\/logo\/image\/\",\"url\":\"https:\/\/essenzediluce.com\/wp-content\/uploads\/2017\/03\/el.jpg\",\"contentUrl\":\"https:\/\/essenzediluce.com\/wp-content\/uploads\/2017\/03\/el.jpg\",\"width\":512,\"height\":512,\"caption\":\"Essenze di Luce\"},\"image\":{\"@id\":\"https:\/\/essenzediluce.com\/#\/schema\/logo\/image\/\"},\"sameAs\":[\"https:\/\/www.facebook.com\/essenzediluce.italy\/\",\"https:\/\/www.instagram.com\/essenzediluce\/\",\"https:\/\/www.youtube.com\/channel\/UCXKJKPfUYADaJMEm_9NAvrA\"]}]}<\/script>\n<!-- \/ Yoast SEO plugin. -->","yoast_head_json":{"title":"Produktkatalog und Gesch\u00e4fte - Essenze di Luce","description":"St\u00f6bern Sie im Katalog unserer Au\u00dfenbeleuchtungsprodukte und entdecken Sie die neueste Produktlinie der Naturstein-Au\u00dfenbeschallungssysteme","robots":{"index":"index","follow":"follow","max-snippet":"max-snippet:-1","max-image-preview":"max-image-preview:large","max-video-preview":"max-video-preview:-1"},"canonical":"https:\/\/essenzediluce.com\/de\/katalog\/","og_locale":"de_DE","og_type":"article","og_title":"Produktkatalog und Gesch\u00e4fte - Essenze di Luce","og_description":"St\u00f6bern Sie im Katalog unserer Au\u00dfenbeleuchtungsprodukte und entdecken Sie die neueste Produktlinie der Naturstein-Au\u00dfenbeschallungssysteme","og_url":"https:\/\/essenzediluce.com\/de\/katalog\/","og_site_name":"Essenze di Luce","article_publisher":"https:\/\/www.facebook.com\/essenzediluce.italy\/","article_modified_time":"2024-12-12T15:30:53+00:00","twitter_card":"summary_large_image","twitter_misc":{"Gesch\u00e4tzte Lesezeit":"2\u00a0Minuten"},"schema":{"@context":"https:\/\/schema.org","@graph":[{"@type":"WebPage","@id":"https:\/\/essenzediluce.com\/de\/katalog\/","url":"https:\/\/essenzediluce.com\/de\/katalog\/","name":"Produktkatalog und Gesch\u00e4fte - Essenze di Luce","isPartOf":{"@id":"https:\/\/essenzediluce.com\/#website"},"datePublished":"2021-06-11T16:21:50+00:00","dateModified":"2024-12-12T15:30:53+00:00","description":"St\u00f6bern Sie im Katalog unserer Au\u00dfenbeleuchtungsprodukte und entdecken Sie die neueste Produktlinie der Naturstein-Au\u00dfenbeschallungssysteme","breadcrumb":{"@id":"https:\/\/essenzediluce.com\/de\/katalog\/#breadcrumb"},"inLanguage":"de","potentialAction":[{"@type":"ReadAction","target":["https:\/\/essenzediluce.com\/de\/katalog\/"]}]},{"@type":"BreadcrumbList","@id":"https:\/\/essenzediluce.com\/de\/katalog\/#breadcrumb","itemListElement":[{"@type":"ListItem","position":1,"name":"Home","item":"https:\/\/essenzediluce.com\/de\/"},{"@type":"ListItem","position":2,"name":"Katalog"}]},{"@type":"WebSite","@id":"https:\/\/essenzediluce.com\/#website","url":"https:\/\/essenzediluce.com\/","name":"Essenze di Luce","description":"","publisher":{"@id":"https:\/\/essenzediluce.com\/#organization"},"potentialAction":[{"@type":"SearchAction","target":{"@type":"EntryPoint","urlTemplate":"https:\/\/essenzediluce.com\/?s={search_term_string}"},"query-input":{"@type":"PropertyValueSpecification","valueRequired":true,"valueName":"search_term_string"}}],"inLanguage":"de"},{"@type":"Organization","@id":"https:\/\/essenzediluce.com\/#organization","name":"Essenze di Luce","url":"https:\/\/essenzediluce.com\/","logo":{"@type":"ImageObject","inLanguage":"de","@id":"https:\/\/essenzediluce.com\/#\/schema\/logo\/image\/","url":"https:\/\/essenzediluce.com\/wp-content\/uploads\/2017\/03\/el.jpg","contentUrl":"https:\/\/essenzediluce.com\/wp-content\/uploads\/2017\/03\/el.jpg","width":512,"height":512,"caption":"Essenze di Luce"},"image":{"@id":"https:\/\/essenzediluce.com\/#\/schema\/logo\/image\/"},"sameAs":["https:\/\/www.facebook.com\/essenzediluce.italy\/","https:\/\/www.instagram.com\/essenzediluce\/","https:\/\/www.youtube.com\/channel\/UCXKJKPfUYADaJMEm_9NAvrA"]}]}},"_links":{"self":[{"href":"https:\/\/essenzediluce.com\/de\/wp-json\/wp\/v2\/pages\/11783"}],"collection":[{"href":"https:\/\/essenzediluce.com\/de\/wp-json\/wp\/v2\/pages"}],"about":[{"href":"https:\/\/essenzediluce.com\/de\/wp-json\/wp\/v2\/types\/page"}],"author":[{"embeddable":true,"href":"https:\/\/essenzediluce.com\/de\/wp-json\/wp\/v2\/users\/2"}],"replies":[{"embeddable":true,"href":"https:\/\/essenzediluce.com\/de\/wp-json\/wp\/v2\/comments?post=11783"}],"version-history":[{"count":12,"href":"https:\/\/essenzediluce.com\/de\/wp-json\/wp\/v2\/pages\/11783\/revisions"}],"predecessor-version":[{"id":20948,"href":"https:\/\/essenzediluce.com\/de\/wp-json\/wp\/v2\/pages\/11783\/revisions\/20948"}],"wp:attachment":[{"href":"https:\/\/essenzediluce.com\/de\/wp-json\/wp\/v2\/media?parent=11783"}],"curies":[{"name":"wp","href":"https:\/\/api.w.org\/{rel}","templated":true}]}}