{"id":17813,"date":"2024-02-22T11:41:32","date_gmt":"2024-02-22T10:41:32","guid":{"rendered":"https:\/\/essenzediluce.com\/?page_id=17813"},"modified":"2024-12-12T16:23:48","modified_gmt":"2024-12-12T15:23:48","slug":"leitfaden-ideen-licht-audio-garten","status":"publish","type":"page","link":"https:\/\/essenzediluce.com\/de\/leitfaden-ideen-licht-audio-garten\/","title":{"rendered":"Guide PDF"},"content":{"rendered":"<div class=\"wpb-content-wrapper\">[vc_row][vc_column]\n\t\t\t<!-- START PROGETTARE CON I MENHIR_deu REVOLUTION SLIDER 6.6.16 --><p class=\"rs-p-wp-fix\"><\/p>\n\t\t\t<rs-module-wrap id=\"rev_slider_128_1_wrapper\" data-source=\"gallery\" style=\"visibility:hidden;background:transparent;padding:0;margin:0px auto;margin-top:0;margin-bottom:0;\">\n\t\t\t\t<rs-module id=\"rev_slider_128_1\" style=\"\" data-version=\"6.6.16\">\n\t\t\t\t\t<rs-slides style=\"overflow: hidden; position: absolute;\">\n\t\t\t\t\t\t<rs-slide style=\"position: absolute;\" data-key=\"rs-205\" data-title=\"Slide\" data-in=\"o:0;\" data-out=\"a:false;\">\n\t\t\t\t\t\t\t<img decoding=\"async\" src=\"\/\/essenzediluce.com\/wp-content\/uploads\/2023\/09\/Ebook-Slider-1.jpg\" alt=\"\" title=\"Ebook Slider\" width=\"1600\" height=\"900\" class=\"rev-slidebg tp-rs-img\" data-no-retina>\n<!--\n\t\t\t\t\t\t\t--><rs-layer\n\t\t\t\t\t\t\t\tid=\"slider-128-slide-205-layer-1\" \n\t\t\t\t\t\t\t\tclass=\"ht\"\n\t\t\t\t\t\t\t\tdata-type=\"text\"\n\t\t\t\t\t\t\t\tdata-rsp_ch=\"on\"\n\t\t\t\t\t\t\t\tdata-xy=\"x:r;xo:351px,289px,219px,28px;yo:603px,497px,377px,202px;\"\n\t\t\t\t\t\t\t\tdata-text=\"w:normal;s:80,66,50,45;l:90,74,56,45;\"\n\t\t\t\t\t\t\t\tdata-dim=\"w:853px,704px,534px,414px;h:auto,auto,auto,115px;\"\n\t\t\t\t\t\t\t\tdata-frame_1=\"e:power4.inOut;sp:2000;\"\n\t\t\t\t\t\t\t\tdata-frame_999=\"o:0;st:w;sR:5000;\"\n\t\t\t\t\t\t\t\tstyle=\"z-index:9;font-family:'Roboto';\"\n\t\t\t\t\t\t\t>GESTALTUNGSLEITFADEN \n\t\t\t\t\t\t\t<\/rs-layer><!--\n\n\t\t\t\t\t\t\t--><rs-layer\n\t\t\t\t\t\t\t\tid=\"slider-128-slide-205-layer-2\" \n\t\t\t\t\t\t\t\tclass=\"ht\"\n\t\t\t\t\t\t\t\tdata-type=\"text\"\n\t\t\t\t\t\t\t\tdata-rsp_ch=\"on\"\n\t\t\t\t\t\t\t\tdata-xy=\"x:r;xo:346px,285px,216px,76px;yo:453px,374px,284px,321px;\"\n\t\t\t\t\t\t\t\tdata-text=\"w:normal;s:50,41,31,30;l:90,74,56,35;fw:300;\"\n\t\t\t\t\t\t\t\tdata-dim=\"w:856px,706px,536px,364px;h:auto,auto,auto,100px;\"\n\t\t\t\t\t\t\t\tdata-frame_1=\"e:power4.inOut;sp:2000;\"\n\t\t\t\t\t\t\t\tdata-frame_999=\"o:0;st:w;sR:5000;\"\n\t\t\t\t\t\t\t\tstyle=\"z-index:9;font-family:'Roboto';\"\n\t\t\t\t\t\t\t>Exklusive Outdoor \n\t\t\t\t\t\t\t<\/rs-layer><!--\n-->\t\t\t\t\t\t<\/rs-slide>\n\t\t\t\t\t<\/rs-slides>\n\t\t\t\t\t<rs-static-layers class=\"rs-stl-visible\"><!--\n\t\t\t\t\t--><\/rs-static-layers>\n\t\t\t\t<\/rs-module>\n\t\t\t\t<script>\n\t\t\t\t\tsetREVStartSize({c: 'rev_slider_128_1',rl:[1920,1024,778,480],el:[868,768,960,720],gw:[1240,1024,778,480],gh:[868,768,960,720],type:'standard',justify:'',layout:'fullwidth',mh:\"0\"});if (window.RS_MODULES!==undefined && window.RS_MODULES.modules!==undefined && window.RS_MODULES.modules[\"revslider1281\"]!==undefined) {window.RS_MODULES.modules[\"revslider1281\"].once = false;window.revapi128 = undefined;if (window.RS_MODULES.checkMinimal!==undefined) window.RS_MODULES.checkMinimal()}\n\t\t\t\t<\/script>\n\t\t\t<\/rs-module-wrap>\n\t\t\t<!-- END REVOLUTION SLIDER -->\n[\/vc_column][\/vc_row][vc_row][vc_column width=&#8221;1\/6&#8243;][\/vc_column][vc_column width=&#8221;2\/3&#8243;][vc_empty_space][vc_column_text css=&#8221;.vc_custom_1708597925322{margin-bottom: 0px !important;border-bottom-width: 0px !important;}&#8221;]\r\n<h1 style=\"text-align: center;\">GUIDE PDF &#8221; BELEUCHTUNGS- UND BESCHALLUNGSIDEEN F\u00dcR DEN GARTEN&#8221;<\/h1>\r\n[\/vc_column_text][vc_column_text css=&#8221;.vc_custom_1708597950703{margin-top: 0px !important;border-top-width: 0px !important;padding-top: 0px !important;}&#8221;]\r\n<h3 style=\"text-align: center;\">Laden Sie unsere kostenlosen Leitf\u00e4den herunter und entdecken Sie Ideen und L\u00f6sungen f\u00fcr die Gestaltung exklusiver Au\u00dfenbereiche mit einzigartigen Beleuchtungs- und Beschallungsprodukten f\u00fcr den Garten.<\/h3>\r\n[\/vc_column_text][vc_empty_space][\/vc_column][vc_column width=&#8221;1\/6&#8243;][\/vc_column][\/vc_row][vc_row full_width=&#8221;stretch_row&#8221;][vc_column width=&#8221;2\/5&#8243;][vc_column_text]\r\n<h3><u>Ausgabe <strong>H\u00c4USER UND VILLEN<\/strong><\/u><\/h3>\r\nLassen Sie sich von einer Auswahl von Privath\u00e4usern und Villen inspirieren und entdecken Sie neue Ideen f\u00fcr die Beleuchtung von G\u00e4rten und die Beschallung von Au\u00dfenbereichen mit Produkten von Essenze di Luce, die sich perfekt in verschiedene R\u00e4ume und Architekturstile einf\u00fcgen.\r\n\r\n[\/vc_column_text][vc_btn title=&#8221;DOWNLOAD DER GUIDE &#8220;H\u00e4user &amp; Villen&#8220;&#8221; style=&#8221;classic&#8221; color=&#8221;inverse&#8221; size=&#8221;lg&#8221; align=&#8221;center&#8221; i_icon_fontawesome=&#8221;fas fa-download&#8221; add_icon=&#8221;true&#8221; link=&#8221;url:https%3A%2F%2Fessenzediluce.com%2Fwp-content%2Fuploads%2F2023%2F09%2FEBOOK-Outdoor-Design-with-Menhirs-HousesVillas-Edition_LR.pdf&#8221;][vc_raw_html]JTVCZGZsaXAlMjBpZCUzRCUyMjE2NzkzJTIyJTIwJTVEJTVCJTJGZGZsaXAlNUQ=[\/vc_raw_html][\/vc_column][vc_column width=&#8221;1\/5&#8243; css=&#8221;.vc_custom_1708339205382{margin-right: 30px !important;margin-left: 20px !important;border-right-width: 20px !important;border-left-width: 10px !important;padding-right: 20px !important;padding-left: 10px !important;}&#8221;][\/vc_column][vc_column width=&#8221;2\/5&#8243;][vc_column_text]\r\n<h3><u>Ausgabe <strong>HOTEL &amp; RESORT<\/strong><\/u><\/h3>\r\nEntdecken Sie verschiedene Vorschl\u00e4ge f\u00fcr die Beleuchtung von Hotel- und Resortg\u00e4rten und erfahren Sie, wie Sie reine Licht- oder Licht- und Musikzonen f\u00fcr ein unvergleichliches Gastfreundschaftserlebnis schaffen k\u00f6nnen.[\/vc_column_text][vc_btn title=&#8221;DOWNLOAD DER GUIDE &#8220;Hotel &amp; Resort&#8220;&#8221; style=&#8221;classic&#8221; size=&#8221;lg&#8221; align=&#8221;center&#8221; i_icon_fontawesome=&#8221;fas fa-download&#8221; add_icon=&#8221;true&#8221; link=&#8221;url:https%3A%2F%2Fessenzediluce.com%2Fwp-content%2Fuploads%2F2024%2F02%2FEBOOK-Outdoor-Design-with-Menhirs-HotelResort-Edition_LR.pdf&#8221;][vc_raw_html]JTVCZGZsaXAlMjBpZCUzRCUyMjE3NzQ2JTIyJTVEJTVCJTJGZGZsaXAlNUQ=[\/vc_raw_html][\/vc_column][\/vc_row][vc_row][vc_column][vc_empty_space][\/vc_column][\/vc_row][vc_row][vc_column width=&#8221;1\/6&#8243;][\/vc_column][vc_column width=&#8221;2\/3&#8243;][vc_column_text]\r\n<p style=\"text-align: center;\">Wollen Sie Informationen \u00fcber unsere Produkte erhalten? Haben Sie bereits ein Projekt und m\u00f6chten Sie unsere Unterst\u00fctzung, um es mit Gartenbeleuchtung und Ton zu vervollst\u00e4ndigen? F\u00fcllen Sie das Formular aus und wir werden Sie bald kontaktieren:<\/p>\r\n[\/vc_column_text]\n<div class=\"wpcf7 no-js\" id=\"wpcf7-f20921-o1\" lang=\"de-DE\" dir=\"ltr\" data-wpcf7-id=\"20921\">\n<div class=\"screen-reader-response\"><p role=\"status\" aria-live=\"polite\" aria-atomic=\"true\"><\/p> <ul><\/ul><\/div>\n<form action=\"\/de\/wp-json\/wp\/v2\/pages\/17813#wpcf7-f20921-o1\" method=\"post\" class=\"wpcf7-form init\" aria-label=\"Kontaktformular\" novalidate=\"novalidate\" data-status=\"init\">\n<div style=\"display: none;\">\n<input type=\"hidden\" name=\"_wpcf7\" value=\"20921\" \/>\n<input type=\"hidden\" name=\"_wpcf7_version\" value=\"6.0.6\" \/>\n<input type=\"hidden\" name=\"_wpcf7_locale\" value=\"de_DE\" \/>\n<input type=\"hidden\" name=\"_wpcf7_unit_tag\" value=\"wpcf7-f20921-o1\" \/>\n<input type=\"hidden\" name=\"_wpcf7_container_post\" value=\"0\" \/>\n<input type=\"hidden\" name=\"_wpcf7_posted_data_hash\" value=\"\" \/>\n<\/div>\n<div class=\"two-column\">\n\t<div class=\"left\">\n\t\t<p><span class=\"wpcf7-form-control-wrap\" data-name=\"your-name\"><input size=\"40\" maxlength=\"400\" class=\"wpcf7-form-control wpcf7-text wpcf7-validates-as-required\" aria-required=\"true\" aria-invalid=\"false\" placeholder=\"Ihr Name*\" value=\"\" type=\"text\" name=\"your-name\" \/><\/span>\n\t\t<\/p>\n\t<\/div>\n\t<div class=\"right\">\n\t\t<p><span class=\"wpcf7-form-control-wrap\" data-name=\"your-surname\"><input size=\"40\" maxlength=\"400\" class=\"wpcf7-form-control wpcf7-text wpcf7-validates-as-required\" aria-required=\"true\" aria-invalid=\"false\" placeholder=\"Ihr Nachname*\" value=\"\" type=\"text\" name=\"your-surname\" \/><\/span>\n\t\t<\/p>\n\t<\/div>\n<\/div>\n<div class=\"two-column\">\n\t<div class=\"left comp-left\">\n\t\t<p><span class=\"wpcf7-form-control-wrap\" data-name=\"phone\"><input size=\"40\" maxlength=\"400\" class=\"wpcf7-form-control wpcf7-tel wpcf7-validates-as-required wpcf7-text wpcf7-validates-as-tel\" aria-required=\"true\" aria-invalid=\"false\" placeholder=\"Telefon*\" value=\"\" type=\"tel\" name=\"phone\" \/><\/span>\n\t\t<\/p>\n\t<\/div>\n\t<div class=\"right comp-right\">\n\t\t<p><span class=\"wpcf7-form-control-wrap\" data-name=\"your-email\"><input size=\"40\" maxlength=\"400\" class=\"wpcf7-form-control wpcf7-email wpcf7-validates-as-required wpcf7-text wpcf7-validates-as-email\" aria-required=\"true\" aria-invalid=\"false\" placeholder=\"E-mail*\" value=\"\" type=\"email\" name=\"your-email\" \/><\/span>\n\t\t<\/p>\n\t<\/div>\n<\/div>\n<div class=\"two-column\">\n\t<div class=\"left\">\n\t\t<p><span class=\"wpcf7-form-control-wrap\" data-name=\"citta\"><input size=\"40\" maxlength=\"400\" class=\"wpcf7-form-control wpcf7-text wpcf7-validates-as-required\" aria-required=\"true\" aria-invalid=\"false\" placeholder=\"St\u00e4dte*\" value=\"\" type=\"text\" name=\"citta\" \/><\/span>\n\t\t<\/p>\n\t<\/div>\n\t<div class=\"right\">\n\t\t<p><span class=\"wpcf7-form-control-wrap\" data-name=\"CAP\"><input size=\"40\" maxlength=\"400\" class=\"wpcf7-form-control wpcf7-text\" aria-invalid=\"false\" placeholder=\"Postleitzahl\" value=\"\" type=\"text\" name=\"CAP\" \/><\/span>\n\t\t<\/p>\n\t<\/div>\n<\/div>\n<div>\n\t<p>Stellenbeschreibung*: <span class=\"wpcf7-form-control-wrap\" data-name=\"ruolo\"><select class=\"wpcf7-form-control wpcf7-select wpcf7-validates-as-required\" aria-required=\"true\" aria-invalid=\"false\" name=\"ruolo\"><option value=\"\">&#8211; Bitte ausw\u00e4hlen &#8211;<\/option><option value=\"Privat\">Privat<\/option><option value=\"Architekt\">Architekt<\/option><option value=\"G\u00e4rtner\">G\u00e4rtner<\/option><option value=\"Landschaftsg\u00e4rtner\">Landschaftsg\u00e4rtner<\/option><option value=\"Einzelh\u00e4ndler\">Einzelh\u00e4ndler<\/option><option value=\"Installateur\">Installateur<\/option><\/select><\/span>\n\t<\/p>\n<\/div>\n<div>\n\t<p><span class=\"wpcf7-form-control-wrap\" data-name=\"accept-this\"><span class=\"wpcf7-form-control wpcf7-acceptance\"><span class=\"wpcf7-list-item\"><input type=\"checkbox\" name=\"accept-this\" value=\"1\" aria-invalid=\"false\" \/><\/span><\/span><\/span> JA, ICH AKZEPTIERE DIE ALLGEMEINEN GESCH\u00c4FTSBEDINGUNGEN: Ich erkl\u00e4re mich mit der Verarbeitung meiner pers\u00f6nlichen Daten zum alleinigen Zweck der Bearbeitung meiner Anfrage und deren Aktualisierung einverstanden.<a class=\"fancybox-iframe {width:100%,height:100%}\" href=\"https:\/\/essenzediluce.com\/privacy-policy\/\"><strong>Privacy Policy<\/strong><\/a>\n\t<\/p>\n<\/div>\n<div>\n\t<p><span class=\"wpcf7-form-control-wrap\" data-name=\"your-consent-sendinblue\"><span class=\"wpcf7-form-control wpcf7-acceptance optional\"><span class=\"wpcf7-list-item\"><label><input type=\"checkbox\" name=\"your-consent-sendinblue\" value=\"1\" aria-invalid=\"false\" \/><span class=\"wpcf7-list-item-label\">MICH F\u00dcR DEN NEWSLETTER ANMELDEN<\/span><\/label><\/span><\/span><\/span>: Ich m\u00f6chte Mitteilungen und Aktualisierungen \u00fcber Projekte, neue Produkte und Veranstaltungen erhalten. - Kein Spam von Essenze di Luce versprochen!-\n\t<\/p>\n<\/div>\n<div>\n\t<p><input class=\"wpcf7-form-control wpcf7-submit has-spinner\" type=\"submit\" value=\"Senden\" \/>\n\t<\/p>\n<\/div><div class=\"wpcf7-response-output\" aria-hidden=\"true\"><\/div>\n<\/form>\n<\/div>\n[\/vc_column][vc_column width=&#8221;1\/6&#8243;][\/vc_column][\/vc_row]<\/div>","protected":false},"excerpt":{"rendered":"<p>[vc_row][vc_column][\/vc_column][\/vc_row][vc_row][vc_column width=&#8221;1\/6&#8243;][\/vc_column][vc_column width=&#8221;2\/3&#8243;][vc_empty_space][vc_column_text css=&#8221;.vc_custom_1708597925322{margin-bottom: 0px !important;border-bottom-width: 0px !important;}&#8221;] GUIDE PDF &#8221; BELEUCHTUNGS- UND BESCHALLUNGSIDEEN F\u00dcR DEN GARTEN&#8221; [\/vc_column_text][vc_column_text css=&#8221;.vc_custom_1708597950703{margin-top: 0px !important;border-top-width: 0px !important;padding-top: 0px !important;}&#8221;] Laden Sie unsere kostenlosen Leitf\u00e4den herunter und entdecken Sie Ideen und L\u00f6sungen f\u00fcr die Gestaltung&hellip;<\/p>\n<p> <a class=\"more-link\" href=\"https:\/\/essenzediluce.com\/de\/leitfaden-ideen-licht-audio-garten\/\">Weiterlesen<\/a><\/p>\n","protected":false},"author":13,"featured_media":17800,"parent":0,"menu_order":0,"comment_status":"closed","ping_status":"closed","template":"","meta":{"footnotes":""},"class_list":["post-17813","page","type-page","status-publish","has-post-thumbnail"],"yoast_head":"<!-- This site is optimized with the Yoast SEO plugin v24.5 - https:\/\/yoast.com\/wordpress\/plugins\/seo\/ -->\n<title>Guide PDF: G\u00e4rten mit Licht und Musik gestalten - Essenze di Luce<\/title>\n<meta name=\"description\" content=\"Laden Sie unsere Leitf\u00e4den mit Beleuchtungsideen f\u00fcr Wohnungen und Hotels herunter und machen Sie Ihren Au\u00dfenbereich einzigartig!\" \/>\n<meta name=\"robots\" content=\"index, follow, max-snippet:-1, max-image-preview:large, max-video-preview:-1\" \/>\n<link rel=\"canonical\" href=\"https:\/\/essenzediluce.com\/de\/leitfaden-ideen-licht-audio-garten\/\" \/>\n<meta property=\"og:locale\" content=\"de_DE\" \/>\n<meta property=\"og:type\" content=\"article\" \/>\n<meta property=\"og:title\" content=\"Guide PDF: G\u00e4rten mit Licht und Musik gestalten - Essenze di Luce\" \/>\n<meta property=\"og:description\" content=\"Laden Sie unsere Leitf\u00e4den mit Beleuchtungsideen f\u00fcr Wohnungen und Hotels herunter und machen Sie Ihren Au\u00dfenbereich einzigartig!\" \/>\n<meta property=\"og:url\" content=\"https:\/\/essenzediluce.com\/de\/leitfaden-ideen-licht-audio-garten\/\" \/>\n<meta property=\"og:site_name\" content=\"Essenze di Luce\" \/>\n<meta property=\"article:publisher\" content=\"https:\/\/www.facebook.com\/essenzediluce.italy\/\" \/>\n<meta property=\"article:modified_time\" content=\"2024-12-12T15:23:48+00:00\" \/>\n<meta property=\"og:image\" content=\"https:\/\/essenzediluce.com\/wp-content\/uploads\/2024\/02\/EL-Website-IMG-Guide-illuminazione-diffusione-sonora-giardino-scaled.jpg\" \/>\n\t<meta property=\"og:image:width\" content=\"2560\" \/>\n\t<meta property=\"og:image:height\" content=\"1707\" \/>\n\t<meta property=\"og:image:type\" content=\"image\/jpeg\" \/>\n<meta name=\"twitter:card\" content=\"summary_large_image\" \/>\n<meta name=\"twitter:label1\" content=\"Gesch\u00e4tzte Lesezeit\" \/>\n\t<meta name=\"twitter:data1\" content=\"2\u00a0Minuten\" \/>\n<script type=\"application\/ld+json\" class=\"yoast-schema-graph\">{\"@context\":\"https:\/\/schema.org\",\"@graph\":[{\"@type\":\"WebPage\",\"@id\":\"https:\/\/essenzediluce.com\/de\/leitfaden-ideen-licht-audio-garten\/\",\"url\":\"https:\/\/essenzediluce.com\/de\/leitfaden-ideen-licht-audio-garten\/\",\"name\":\"Guide PDF: G\u00e4rten mit Licht und Musik gestalten - Essenze di Luce\",\"isPartOf\":{\"@id\":\"https:\/\/essenzediluce.com\/#website\"},\"primaryImageOfPage\":{\"@id\":\"https:\/\/essenzediluce.com\/de\/leitfaden-ideen-licht-audio-garten\/#primaryimage\"},\"image\":{\"@id\":\"https:\/\/essenzediluce.com\/de\/leitfaden-ideen-licht-audio-garten\/#primaryimage\"},\"thumbnailUrl\":\"https:\/\/essenzediluce.com\/wp-content\/uploads\/2024\/02\/EL-Website-IMG-Guide-illuminazione-diffusione-sonora-giardino-scaled.jpg\",\"datePublished\":\"2024-02-22T10:41:32+00:00\",\"dateModified\":\"2024-12-12T15:23:48+00:00\",\"description\":\"Laden Sie unsere Leitf\u00e4den mit Beleuchtungsideen f\u00fcr Wohnungen und Hotels herunter und machen Sie Ihren Au\u00dfenbereich einzigartig!\",\"breadcrumb\":{\"@id\":\"https:\/\/essenzediluce.com\/de\/leitfaden-ideen-licht-audio-garten\/#breadcrumb\"},\"inLanguage\":\"de\",\"potentialAction\":[{\"@type\":\"ReadAction\",\"target\":[\"https:\/\/essenzediluce.com\/de\/leitfaden-ideen-licht-audio-garten\/\"]}]},{\"@type\":\"ImageObject\",\"inLanguage\":\"de\",\"@id\":\"https:\/\/essenzediluce.com\/de\/leitfaden-ideen-licht-audio-garten\/#primaryimage\",\"url\":\"https:\/\/essenzediluce.com\/wp-content\/uploads\/2024\/02\/EL-Website-IMG-Guide-illuminazione-diffusione-sonora-giardino-scaled.jpg\",\"contentUrl\":\"https:\/\/essenzediluce.com\/wp-content\/uploads\/2024\/02\/EL-Website-IMG-Guide-illuminazione-diffusione-sonora-giardino-scaled.jpg\",\"width\":2560,\"height\":1707,\"caption\":\"idee illuminazione diffusione sonora giardino\"},{\"@type\":\"BreadcrumbList\",\"@id\":\"https:\/\/essenzediluce.com\/de\/leitfaden-ideen-licht-audio-garten\/#breadcrumb\",\"itemListElement\":[{\"@type\":\"ListItem\",\"position\":1,\"name\":\"Home\",\"item\":\"https:\/\/essenzediluce.com\/de\/\"},{\"@type\":\"ListItem\",\"position\":2,\"name\":\"Guide PDF\"}]},{\"@type\":\"WebSite\",\"@id\":\"https:\/\/essenzediluce.com\/#website\",\"url\":\"https:\/\/essenzediluce.com\/\",\"name\":\"Essenze di Luce\",\"description\":\"\",\"publisher\":{\"@id\":\"https:\/\/essenzediluce.com\/#organization\"},\"potentialAction\":[{\"@type\":\"SearchAction\",\"target\":{\"@type\":\"EntryPoint\",\"urlTemplate\":\"https:\/\/essenzediluce.com\/?s={search_term_string}\"},\"query-input\":{\"@type\":\"PropertyValueSpecification\",\"valueRequired\":true,\"valueName\":\"search_term_string\"}}],\"inLanguage\":\"de\"},{\"@type\":\"Organization\",\"@id\":\"https:\/\/essenzediluce.com\/#organization\",\"name\":\"Essenze di Luce\",\"url\":\"https:\/\/essenzediluce.com\/\",\"logo\":{\"@type\":\"ImageObject\",\"inLanguage\":\"de\",\"@id\":\"https:\/\/essenzediluce.com\/#\/schema\/logo\/image\/\",\"url\":\"https:\/\/essenzediluce.com\/wp-content\/uploads\/2017\/03\/el.jpg\",\"contentUrl\":\"https:\/\/essenzediluce.com\/wp-content\/uploads\/2017\/03\/el.jpg\",\"width\":512,\"height\":512,\"caption\":\"Essenze di Luce\"},\"image\":{\"@id\":\"https:\/\/essenzediluce.com\/#\/schema\/logo\/image\/\"},\"sameAs\":[\"https:\/\/www.facebook.com\/essenzediluce.italy\/\",\"https:\/\/www.instagram.com\/essenzediluce\/\",\"https:\/\/www.youtube.com\/channel\/UCXKJKPfUYADaJMEm_9NAvrA\"]}]}<\/script>\n<!-- \/ Yoast SEO plugin. -->","yoast_head_json":{"title":"Guide PDF: G\u00e4rten mit Licht und Musik gestalten - Essenze di Luce","description":"Laden Sie unsere Leitf\u00e4den mit Beleuchtungsideen f\u00fcr Wohnungen und Hotels herunter und machen Sie Ihren Au\u00dfenbereich einzigartig!","robots":{"index":"index","follow":"follow","max-snippet":"max-snippet:-1","max-image-preview":"max-image-preview:large","max-video-preview":"max-video-preview:-1"},"canonical":"https:\/\/essenzediluce.com\/de\/leitfaden-ideen-licht-audio-garten\/","og_locale":"de_DE","og_type":"article","og_title":"Guide PDF: G\u00e4rten mit Licht und Musik gestalten - Essenze di Luce","og_description":"Laden Sie unsere Leitf\u00e4den mit Beleuchtungsideen f\u00fcr Wohnungen und Hotels herunter und machen Sie Ihren Au\u00dfenbereich einzigartig!","og_url":"https:\/\/essenzediluce.com\/de\/leitfaden-ideen-licht-audio-garten\/","og_site_name":"Essenze di Luce","article_publisher":"https:\/\/www.facebook.com\/essenzediluce.italy\/","article_modified_time":"2024-12-12T15:23:48+00:00","og_image":[{"width":2560,"height":1707,"url":"https:\/\/essenzediluce.com\/wp-content\/uploads\/2024\/02\/EL-Website-IMG-Guide-illuminazione-diffusione-sonora-giardino-scaled.jpg","type":"image\/jpeg"}],"twitter_card":"summary_large_image","twitter_misc":{"Gesch\u00e4tzte Lesezeit":"2\u00a0Minuten"},"schema":{"@context":"https:\/\/schema.org","@graph":[{"@type":"WebPage","@id":"https:\/\/essenzediluce.com\/de\/leitfaden-ideen-licht-audio-garten\/","url":"https:\/\/essenzediluce.com\/de\/leitfaden-ideen-licht-audio-garten\/","name":"Guide PDF: G\u00e4rten mit Licht und Musik gestalten - Essenze di Luce","isPartOf":{"@id":"https:\/\/essenzediluce.com\/#website"},"primaryImageOfPage":{"@id":"https:\/\/essenzediluce.com\/de\/leitfaden-ideen-licht-audio-garten\/#primaryimage"},"image":{"@id":"https:\/\/essenzediluce.com\/de\/leitfaden-ideen-licht-audio-garten\/#primaryimage"},"thumbnailUrl":"https:\/\/essenzediluce.com\/wp-content\/uploads\/2024\/02\/EL-Website-IMG-Guide-illuminazione-diffusione-sonora-giardino-scaled.jpg","datePublished":"2024-02-22T10:41:32+00:00","dateModified":"2024-12-12T15:23:48+00:00","description":"Laden Sie unsere Leitf\u00e4den mit Beleuchtungsideen f\u00fcr Wohnungen und Hotels herunter und machen Sie Ihren Au\u00dfenbereich einzigartig!","breadcrumb":{"@id":"https:\/\/essenzediluce.com\/de\/leitfaden-ideen-licht-audio-garten\/#breadcrumb"},"inLanguage":"de","potentialAction":[{"@type":"ReadAction","target":["https:\/\/essenzediluce.com\/de\/leitfaden-ideen-licht-audio-garten\/"]}]},{"@type":"ImageObject","inLanguage":"de","@id":"https:\/\/essenzediluce.com\/de\/leitfaden-ideen-licht-audio-garten\/#primaryimage","url":"https:\/\/essenzediluce.com\/wp-content\/uploads\/2024\/02\/EL-Website-IMG-Guide-illuminazione-diffusione-sonora-giardino-scaled.jpg","contentUrl":"https:\/\/essenzediluce.com\/wp-content\/uploads\/2024\/02\/EL-Website-IMG-Guide-illuminazione-diffusione-sonora-giardino-scaled.jpg","width":2560,"height":1707,"caption":"idee illuminazione diffusione sonora giardino"},{"@type":"BreadcrumbList","@id":"https:\/\/essenzediluce.com\/de\/leitfaden-ideen-licht-audio-garten\/#breadcrumb","itemListElement":[{"@type":"ListItem","position":1,"name":"Home","item":"https:\/\/essenzediluce.com\/de\/"},{"@type":"ListItem","position":2,"name":"Guide PDF"}]},{"@type":"WebSite","@id":"https:\/\/essenzediluce.com\/#website","url":"https:\/\/essenzediluce.com\/","name":"Essenze di Luce","description":"","publisher":{"@id":"https:\/\/essenzediluce.com\/#organization"},"potentialAction":[{"@type":"SearchAction","target":{"@type":"EntryPoint","urlTemplate":"https:\/\/essenzediluce.com\/?s={search_term_string}"},"query-input":{"@type":"PropertyValueSpecification","valueRequired":true,"valueName":"search_term_string"}}],"inLanguage":"de"},{"@type":"Organization","@id":"https:\/\/essenzediluce.com\/#organization","name":"Essenze di Luce","url":"https:\/\/essenzediluce.com\/","logo":{"@type":"ImageObject","inLanguage":"de","@id":"https:\/\/essenzediluce.com\/#\/schema\/logo\/image\/","url":"https:\/\/essenzediluce.com\/wp-content\/uploads\/2017\/03\/el.jpg","contentUrl":"https:\/\/essenzediluce.com\/wp-content\/uploads\/2017\/03\/el.jpg","width":512,"height":512,"caption":"Essenze di Luce"},"image":{"@id":"https:\/\/essenzediluce.com\/#\/schema\/logo\/image\/"},"sameAs":["https:\/\/www.facebook.com\/essenzediluce.italy\/","https:\/\/www.instagram.com\/essenzediluce\/","https:\/\/www.youtube.com\/channel\/UCXKJKPfUYADaJMEm_9NAvrA"]}]}},"_links":{"self":[{"href":"https:\/\/essenzediluce.com\/de\/wp-json\/wp\/v2\/pages\/17813"}],"collection":[{"href":"https:\/\/essenzediluce.com\/de\/wp-json\/wp\/v2\/pages"}],"about":[{"href":"https:\/\/essenzediluce.com\/de\/wp-json\/wp\/v2\/types\/page"}],"author":[{"embeddable":true,"href":"https:\/\/essenzediluce.com\/de\/wp-json\/wp\/v2\/users\/13"}],"replies":[{"embeddable":true,"href":"https:\/\/essenzediluce.com\/de\/wp-json\/wp\/v2\/comments?post=17813"}],"version-history":[{"count":3,"href":"https:\/\/essenzediluce.com\/de\/wp-json\/wp\/v2\/pages\/17813\/revisions"}],"predecessor-version":[{"id":20943,"href":"https:\/\/essenzediluce.com\/de\/wp-json\/wp\/v2\/pages\/17813\/revisions\/20943"}],"wp:featuredmedia":[{"embeddable":true,"href":"https:\/\/essenzediluce.com\/de\/wp-json\/wp\/v2\/media\/17800"}],"wp:attachment":[{"href":"https:\/\/essenzediluce.com\/de\/wp-json\/wp\/v2\/media?parent=17813"}],"curies":[{"name":"wp","href":"https:\/\/api.w.org\/{rel}","templated":true}]}}