{"id":10980,"date":"2019-04-24T07:30:09","date_gmt":"2019-04-24T07:30:09","guid":{"rendered":"https:\/\/wlwp.it\/essenzediluce\/1669-2-2-2\/"},"modified":"2026-01-26T12:56:42","modified_gmt":"2026-01-26T11:56:42","slug":"1669-2-2-2","status":"publish","type":"page","link":"https:\/\/essenzediluce.com\/fr\/","title":{"rendered":"Syst\u00e8mes d\u2019\u00e9clairage et de diffusion acoustique pour les jardins"},"content":{"rendered":"<div class=\"wpb-content-wrapper\">[vc_row css=&#8221;.vc_custom_1682665631201{padding-top: 0px !important;}&#8221;][vc_column][rev_slider_vc alias=&#8221;home-page-collezioni-fra&#8221;][\/vc_column][\/vc_row][vc_row][vc_column][vc_column_text css_animation=&#8221;fadeIn&#8221;]\r\n<h1 style=\"text-align: center;\">\u00c9CLAIRAGE EXT\u00c9RIEUR ET ENCEINTES D&#8217;EXT\u00c9RIEUR<\/h1>\r\n<h2 style=\"text-align: center;\">Fabriqu\u00e9 \u00e0 la main en pierre naturelle<\/h2>\r\n[\/vc_column_text][vc_column_text css_animation=&#8221;fadeIn&#8221;]De nouveaux sc\u00e9narios dans le monde ext\u00e9rieur avec des <strong>produits d&#8217;\u00e9clairage et de diffusion sonore enti\u00e8rement en pierre naturelle<\/strong>, pour des environnements exclusifs et multifonctionnels.\r\n\r\nNos produits sont le r\u00e9sultat d&#8217;une combinaison entre l&#8217;<strong>artisanat, la technologie de l&#8217;\u00e9clairage et l&#8217;ing\u00e9nierie du son.<\/strong>\r\n\r\nDes blocs de pierre \u00e0 l&#8217;\u00e9tat naturel, provenant du monde entier, <strong>sont fa\u00e7onn\u00e9s \u00e0 la main par nos artisans en Italie<\/strong> pour donner vie \u00e0 des produits <strong>d&#8217;\u00e9clairage<\/strong> et <strong>syst\u00e8me audio ext\u00e9rieurs<\/strong> uniques, parfaitement int\u00e9gr\u00e9s dans tout contexte architectural et con\u00e7us pour r\u00e9sister aux conditions climatiques les plus d\u00e9favorables.[\/vc_column_text][\/vc_column][\/vc_row][vc_row][vc_column][vc_empty_space height=&#8221;40&#8243;][\/vc_column][\/vc_row][vc_row full_width=&#8221;stretch_row&#8221; content_placement=&#8221;top&#8221; css_animation=&#8221;fadeIn&#8221; css=&#8221;.vc_custom_1676553216200{margin-top: 0px !important;border-top-width: 0px !important;padding-top: 30px !important;background-color: #f2f2f2 !important;}&#8221;][vc_column css_animation=&#8221;fadeIn&#8221; width=&#8221;1\/2&#8243; css=&#8221;.vc_custom_1676450406657{margin-top: 0px !important;margin-right: 0px !important;margin-bottom: 0px !important;margin-left: 0px !important;border-top-width: 0px !important;border-right-width: 0px !important;border-bottom-width: 0px !important;border-left-width: 0px !important;padding-top: 0px !important;padding-right: 0px !important;padding-bottom: 0px !important;padding-left: 0px !important;}&#8221;][vc_column_text css=&#8221;.vc_custom_1757313507019{margin-top: 0px !important;margin-right: 0px !important;margin-bottom: 0px !important;margin-left: 0px !important;border-top-width: 0px !important;border-right-width: 0px !important;border-bottom-width: 0px !important;border-left-width: 0px !important;padding-top: 0px !important;padding-right: 0px !important;padding-bottom: 0px !important;padding-left: 0px !important;}&#8221;]<a href=\"https:\/\/essenzediluce.com\/fr\/produits\/\"><img loading=\"lazy\" decoding=\"async\" class=\"alignnone wp-image-21604 size-full\" src=\"https:\/\/essenzediluce.com\/wp-content\/uploads\/2025\/04\/EL-Website-IMG-HOMEPAGE-Produits.jpg\" alt=\"\" width=\"1500\" height=\"1000\" srcset=\"https:\/\/essenzediluce.com\/wp-content\/uploads\/2025\/04\/EL-Website-IMG-HOMEPAGE-Produits.jpg 1500w, https:\/\/essenzediluce.com\/wp-content\/uploads\/2025\/04\/EL-Website-IMG-HOMEPAGE-Produits-300x200.jpg 300w, https:\/\/essenzediluce.com\/wp-content\/uploads\/2025\/04\/EL-Website-IMG-HOMEPAGE-Produits-1024x683.jpg 1024w, https:\/\/essenzediluce.com\/wp-content\/uploads\/2025\/04\/EL-Website-IMG-HOMEPAGE-Produits-768x512.jpg 768w, https:\/\/essenzediluce.com\/wp-content\/uploads\/2025\/04\/EL-Website-IMG-HOMEPAGE-Produits-640x426.jpg 640w, https:\/\/essenzediluce.com\/wp-content\/uploads\/2025\/04\/EL-Website-IMG-HOMEPAGE-Produits-590x393.jpg 590w\" sizes=\"(max-width: 1500px) 100vw, 1500px\" \/><\/a>[\/vc_column_text][vc_column_text]<a href=\"https:\/\/essenzediluce.com\/fr\/catalogue\/\"><img loading=\"lazy\" decoding=\"async\" class=\"alignnone wp-image-14385 size-full\" src=\"https:\/\/essenzediluce.com\/wp-content\/uploads\/2023\/02\/EL-Website-IMG-HOMEPAGE-Catalogues.jpg\" alt=\"\" width=\"1500\" height=\"1500\" srcset=\"https:\/\/essenzediluce.com\/wp-content\/uploads\/2023\/02\/EL-Website-IMG-HOMEPAGE-Catalogues.jpg 1500w, https:\/\/essenzediluce.com\/wp-content\/uploads\/2023\/02\/EL-Website-IMG-HOMEPAGE-Catalogues-320x320.jpg 320w, https:\/\/essenzediluce.com\/wp-content\/uploads\/2023\/02\/EL-Website-IMG-HOMEPAGE-Catalogues-100x100.jpg 100w, https:\/\/essenzediluce.com\/wp-content\/uploads\/2023\/02\/EL-Website-IMG-HOMEPAGE-Catalogues-590x590.jpg 590w, https:\/\/essenzediluce.com\/wp-content\/uploads\/2023\/02\/EL-Website-IMG-HOMEPAGE-Catalogues-300x300.jpg 300w, https:\/\/essenzediluce.com\/wp-content\/uploads\/2023\/02\/EL-Website-IMG-HOMEPAGE-Catalogues-1024x1024.jpg 1024w, https:\/\/essenzediluce.com\/wp-content\/uploads\/2023\/02\/EL-Website-IMG-HOMEPAGE-Catalogues-150x150.jpg 150w, https:\/\/essenzediluce.com\/wp-content\/uploads\/2023\/02\/EL-Website-IMG-HOMEPAGE-Catalogues-768x768.jpg 768w, https:\/\/essenzediluce.com\/wp-content\/uploads\/2023\/02\/EL-Website-IMG-HOMEPAGE-Catalogues-640x640.jpg 640w\" sizes=\"(max-width: 1500px) 100vw, 1500px\" \/><\/a>[\/vc_column_text][\/vc_column][vc_column width=&#8221;1\/2&#8243;][vc_column_text css_animation=&#8221;fadeIn&#8221; css=&#8221;.vc_custom_1676620465558{margin-bottom: 0px !important;border-bottom-width: 0px !important;padding-bottom: 0px !important;}&#8221;]<a href=\"https:\/\/essenzediluce.com\/fr\/entreprise\/\"><img loading=\"lazy\" decoding=\"async\" class=\"alignnone wp-image-14397 size-full\" src=\"https:\/\/essenzediluce.com\/wp-content\/uploads\/2023\/02\/EL-Website-IMG-HOMEPAGE-Entreprise.jpg\" alt=\"\" width=\"1500\" height=\"1500\" srcset=\"https:\/\/essenzediluce.com\/wp-content\/uploads\/2023\/02\/EL-Website-IMG-HOMEPAGE-Entreprise.jpg 1500w, https:\/\/essenzediluce.com\/wp-content\/uploads\/2023\/02\/EL-Website-IMG-HOMEPAGE-Entreprise-320x320.jpg 320w, https:\/\/essenzediluce.com\/wp-content\/uploads\/2023\/02\/EL-Website-IMG-HOMEPAGE-Entreprise-100x100.jpg 100w, https:\/\/essenzediluce.com\/wp-content\/uploads\/2023\/02\/EL-Website-IMG-HOMEPAGE-Entreprise-590x590.jpg 590w, https:\/\/essenzediluce.com\/wp-content\/uploads\/2023\/02\/EL-Website-IMG-HOMEPAGE-Entreprise-300x300.jpg 300w, https:\/\/essenzediluce.com\/wp-content\/uploads\/2023\/02\/EL-Website-IMG-HOMEPAGE-Entreprise-1024x1024.jpg 1024w, https:\/\/essenzediluce.com\/wp-content\/uploads\/2023\/02\/EL-Website-IMG-HOMEPAGE-Entreprise-150x150.jpg 150w, https:\/\/essenzediluce.com\/wp-content\/uploads\/2023\/02\/EL-Website-IMG-HOMEPAGE-Entreprise-768x768.jpg 768w, https:\/\/essenzediluce.com\/wp-content\/uploads\/2023\/02\/EL-Website-IMG-HOMEPAGE-Entreprise-640x640.jpg 640w\" sizes=\"(max-width: 1500px) 100vw, 1500px\" \/><\/a>[\/vc_column_text][vc_column_text css_animation=&#8221;fadeIn&#8221; css=&#8221;.vc_custom_1676620520190{margin-top: 0px !important;border-top-width: 0px !important;padding-top: 0px !important;}&#8221;]<a href=\"https:\/\/essenzediluce.com\/fr\/texture\/\"><img loading=\"lazy\" decoding=\"async\" class=\"alignnone wp-image-14401 size-full\" src=\"https:\/\/essenzediluce.com\/wp-content\/uploads\/2023\/02\/EL-Website-IMG-HOMEPAGE-materiaux.jpg\" alt=\"\" width=\"1500\" height=\"1100\" srcset=\"https:\/\/essenzediluce.com\/wp-content\/uploads\/2023\/02\/EL-Website-IMG-HOMEPAGE-materiaux.jpg 1500w, https:\/\/essenzediluce.com\/wp-content\/uploads\/2023\/02\/EL-Website-IMG-HOMEPAGE-materiaux-590x433.jpg 590w, https:\/\/essenzediluce.com\/wp-content\/uploads\/2023\/02\/EL-Website-IMG-HOMEPAGE-materiaux-300x220.jpg 300w, https:\/\/essenzediluce.com\/wp-content\/uploads\/2023\/02\/EL-Website-IMG-HOMEPAGE-materiaux-1024x751.jpg 1024w, https:\/\/essenzediluce.com\/wp-content\/uploads\/2023\/02\/EL-Website-IMG-HOMEPAGE-materiaux-768x563.jpg 768w\" sizes=\"(max-width: 1500px) 100vw, 1500px\" \/><\/a>[\/vc_column_text][\/vc_column][\/vc_row][vc_row][vc_column][vc_empty_space][\/vc_column][\/vc_row][vc_row][vc_column][vc_separator][\/vc_column][\/vc_row][vc_row full_width=&#8221;stretch_row&#8221;][vc_column width=&#8221;1\/6&#8243;][\/vc_column][vc_column width=&#8221;2\/3&#8243;][vc_column_text]\r\n<h2 style=\"text-align: center;\">VOUS \u00caTES ARCHITECTE OU D\u00c9TAILLANT ?<\/h2>\r\n<h3 style=\"text-align: center;\"><a href=\"https:\/\/essenzediluce.com\/fr\/contract\/\"><u>Contactez nous<\/u><\/a><\/h3>\r\n[\/vc_column_text][\/vc_column][vc_column width=&#8221;1\/6&#8243;][\/vc_column][\/vc_row][vc_row][vc_column][vc_separator][\/vc_column][\/vc_row]<\/div>","protected":false},"excerpt":{"rendered":"<p>[vc_row css=&#8221;.vc_custom_1682665631201{padding-top: 0px !important;}&#8221;][vc_column][rev_slider_vc alias=&#8221;home-page-collezioni-fra&#8221;][\/vc_column][\/vc_row][vc_row][vc_column][vc_column_text css_animation=&#8221;fadeIn&#8221;] \u00c9CLAIRAGE EXT\u00c9RIEUR ET ENCEINTES D&#8217;EXT\u00c9RIEUR Fabriqu\u00e9 \u00e0 la main en pierre naturelle [\/vc_column_text][vc_column_text css_animation=&#8221;fadeIn&#8221;]De nouveaux sc\u00e9narios dans le monde ext\u00e9rieur avec des produits d&#8217;\u00e9clairage et de diffusion sonore enti\u00e8rement en pierre naturelle, pour des&hellip;<\/p>\n<p> <a class=\"more-link\" href=\"https:\/\/essenzediluce.com\/fr\/\">Lire la suite<\/a><\/p>\n","protected":false},"author":2,"featured_media":12304,"parent":0,"menu_order":0,"comment_status":"open","ping_status":"open","template":"","meta":{"footnotes":""},"class_list":["post-10980","page","type-page","status-publish","has-post-thumbnail"],"yoast_head":"<!-- This site is optimized with the Yoast SEO plugin v24.5 - https:\/\/yoast.com\/wordpress\/plugins\/seo\/ -->\n<title>\u00c9clairage et syst\u00e9me audio d&#039;ext\u00e9rieur en pierre naturelle - Essenze di Luce<\/title>\n<meta name=\"description\" content=\"Syst\u00e8mes d&#039;\u00e9clairage et diffuseurs acoustiques pour jardins enti\u00e8rement r\u00e9alis\u00e9s \u00e0 la main en pierre naturelle. Made in Italy.\" \/>\n<meta name=\"robots\" content=\"index, follow, max-snippet:-1, max-image-preview:large, max-video-preview:-1\" \/>\n<link rel=\"canonical\" href=\"https:\/\/essenzediluce.com\/fr\/\" \/>\n<meta property=\"og:locale\" content=\"fr_FR\" \/>\n<meta property=\"og:type\" content=\"article\" \/>\n<meta property=\"og:title\" content=\"\u00c9clairage et syst\u00e9me audio d&#039;ext\u00e9rieur en pierre naturelle - Essenze di Luce\" \/>\n<meta property=\"og:description\" content=\"Syst\u00e8mes d&#039;\u00e9clairage et diffuseurs acoustiques pour jardins enti\u00e8rement r\u00e9alis\u00e9s \u00e0 la main en pierre naturelle. Made in Italy.\" \/>\n<meta property=\"og:url\" content=\"https:\/\/essenzediluce.com\/fr\/\" \/>\n<meta property=\"og:site_name\" content=\"Essenze di Luce\" \/>\n<meta property=\"article:publisher\" content=\"https:\/\/www.facebook.com\/essenzediluce.italy\/\" \/>\n<meta property=\"article:modified_time\" content=\"2026-01-26T11:56:42+00:00\" \/>\n<meta property=\"og:image\" content=\"https:\/\/essenzediluce.com\/wp-content\/uploads\/2020\/04\/menhir-di-Luce_prodotti.jpg\" \/>\n\t<meta property=\"og:image:width\" content=\"700\" \/>\n\t<meta property=\"og:image:height\" content=\"700\" \/>\n\t<meta property=\"og:image:type\" content=\"image\/jpeg\" \/>\n<meta name=\"twitter:card\" content=\"summary_large_image\" \/>\n<meta name=\"twitter:label1\" content=\"Dur\u00e9e de lecture estim\u00e9e\" \/>\n\t<meta name=\"twitter:data1\" content=\"3 minutes\" \/>\n<script type=\"application\/ld+json\" class=\"yoast-schema-graph\">{\"@context\":\"https:\/\/schema.org\",\"@graph\":[{\"@type\":\"WebPage\",\"@id\":\"https:\/\/essenzediluce.com\/fr\/\",\"url\":\"https:\/\/essenzediluce.com\/fr\/\",\"name\":\"\u00c9clairage et syst\u00e9me audio d'ext\u00e9rieur en pierre naturelle - Essenze di Luce\",\"isPartOf\":{\"@id\":\"https:\/\/essenzediluce.com\/#website\"},\"primaryImageOfPage\":{\"@id\":\"https:\/\/essenzediluce.com\/fr\/#primaryimage\"},\"image\":{\"@id\":\"https:\/\/essenzediluce.com\/fr\/#primaryimage\"},\"thumbnailUrl\":\"https:\/\/essenzediluce.com\/wp-content\/uploads\/2020\/04\/menhir-di-Luce_prodotti.jpg\",\"datePublished\":\"2019-04-24T07:30:09+00:00\",\"dateModified\":\"2026-01-26T11:56:42+00:00\",\"description\":\"Syst\u00e8mes d'\u00e9clairage et diffuseurs acoustiques pour jardins enti\u00e8rement r\u00e9alis\u00e9s \u00e0 la main en pierre naturelle. Made in Italy.\",\"breadcrumb\":{\"@id\":\"https:\/\/essenzediluce.com\/fr\/#breadcrumb\"},\"inLanguage\":\"fr-FR\",\"potentialAction\":[{\"@type\":\"ReadAction\",\"target\":[\"https:\/\/essenzediluce.com\/fr\/\"]}]},{\"@type\":\"ImageObject\",\"inLanguage\":\"fr-FR\",\"@id\":\"https:\/\/essenzediluce.com\/fr\/#primaryimage\",\"url\":\"https:\/\/essenzediluce.com\/wp-content\/uploads\/2020\/04\/menhir-di-Luce_prodotti.jpg\",\"contentUrl\":\"https:\/\/essenzediluce.com\/wp-content\/uploads\/2020\/04\/menhir-di-Luce_prodotti.jpg\",\"width\":700,\"height\":700,\"caption\":\"Luxury outdoor lamps and garden rock speakers\"},{\"@type\":\"BreadcrumbList\",\"@id\":\"https:\/\/essenzediluce.com\/fr\/#breadcrumb\",\"itemListElement\":[{\"@type\":\"ListItem\",\"position\":1,\"name\":\"Home\",\"item\":\"https:\/\/essenzediluce.com\/fr\/\"},{\"@type\":\"ListItem\",\"position\":2,\"name\":\"Syst\u00e8mes d\u2019\u00e9clairage et de diffusion acoustique pour les jardins\"}]},{\"@type\":\"WebSite\",\"@id\":\"https:\/\/essenzediluce.com\/#website\",\"url\":\"https:\/\/essenzediluce.com\/\",\"name\":\"Essenze di Luce\",\"description\":\"\",\"publisher\":{\"@id\":\"https:\/\/essenzediluce.com\/#organization\"},\"potentialAction\":[{\"@type\":\"SearchAction\",\"target\":{\"@type\":\"EntryPoint\",\"urlTemplate\":\"https:\/\/essenzediluce.com\/?s={search_term_string}\"},\"query-input\":{\"@type\":\"PropertyValueSpecification\",\"valueRequired\":true,\"valueName\":\"search_term_string\"}}],\"inLanguage\":\"fr-FR\"},{\"@type\":\"Organization\",\"@id\":\"https:\/\/essenzediluce.com\/#organization\",\"name\":\"Essenze di Luce\",\"url\":\"https:\/\/essenzediluce.com\/\",\"logo\":{\"@type\":\"ImageObject\",\"inLanguage\":\"fr-FR\",\"@id\":\"https:\/\/essenzediluce.com\/#\/schema\/logo\/image\/\",\"url\":\"https:\/\/essenzediluce.com\/wp-content\/uploads\/2017\/03\/el.jpg\",\"contentUrl\":\"https:\/\/essenzediluce.com\/wp-content\/uploads\/2017\/03\/el.jpg\",\"width\":512,\"height\":512,\"caption\":\"Essenze di Luce\"},\"image\":{\"@id\":\"https:\/\/essenzediluce.com\/#\/schema\/logo\/image\/\"},\"sameAs\":[\"https:\/\/www.facebook.com\/essenzediluce.italy\/\",\"https:\/\/www.instagram.com\/essenzediluce\/\",\"https:\/\/www.youtube.com\/channel\/UCXKJKPfUYADaJMEm_9NAvrA\"]}]}<\/script>\n<!-- \/ Yoast SEO plugin. -->","yoast_head_json":{"title":"\u00c9clairage et syst\u00e9me audio d'ext\u00e9rieur en pierre naturelle - Essenze di Luce","description":"Syst\u00e8mes d'\u00e9clairage et diffuseurs acoustiques pour jardins enti\u00e8rement r\u00e9alis\u00e9s \u00e0 la main en pierre naturelle. Made in Italy.","robots":{"index":"index","follow":"follow","max-snippet":"max-snippet:-1","max-image-preview":"max-image-preview:large","max-video-preview":"max-video-preview:-1"},"canonical":"https:\/\/essenzediluce.com\/fr\/","og_locale":"fr_FR","og_type":"article","og_title":"\u00c9clairage et syst\u00e9me audio d'ext\u00e9rieur en pierre naturelle - Essenze di Luce","og_description":"Syst\u00e8mes d'\u00e9clairage et diffuseurs acoustiques pour jardins enti\u00e8rement r\u00e9alis\u00e9s \u00e0 la main en pierre naturelle. Made in Italy.","og_url":"https:\/\/essenzediluce.com\/fr\/","og_site_name":"Essenze di Luce","article_publisher":"https:\/\/www.facebook.com\/essenzediluce.italy\/","article_modified_time":"2026-01-26T11:56:42+00:00","og_image":[{"width":700,"height":700,"url":"https:\/\/essenzediluce.com\/wp-content\/uploads\/2020\/04\/menhir-di-Luce_prodotti.jpg","type":"image\/jpeg"}],"twitter_card":"summary_large_image","twitter_misc":{"Dur\u00e9e de lecture estim\u00e9e":"3 minutes"},"schema":{"@context":"https:\/\/schema.org","@graph":[{"@type":"WebPage","@id":"https:\/\/essenzediluce.com\/fr\/","url":"https:\/\/essenzediluce.com\/fr\/","name":"\u00c9clairage et syst\u00e9me audio d'ext\u00e9rieur en pierre naturelle - Essenze di Luce","isPartOf":{"@id":"https:\/\/essenzediluce.com\/#website"},"primaryImageOfPage":{"@id":"https:\/\/essenzediluce.com\/fr\/#primaryimage"},"image":{"@id":"https:\/\/essenzediluce.com\/fr\/#primaryimage"},"thumbnailUrl":"https:\/\/essenzediluce.com\/wp-content\/uploads\/2020\/04\/menhir-di-Luce_prodotti.jpg","datePublished":"2019-04-24T07:30:09+00:00","dateModified":"2026-01-26T11:56:42+00:00","description":"Syst\u00e8mes d'\u00e9clairage et diffuseurs acoustiques pour jardins enti\u00e8rement r\u00e9alis\u00e9s \u00e0 la main en pierre naturelle. Made in Italy.","breadcrumb":{"@id":"https:\/\/essenzediluce.com\/fr\/#breadcrumb"},"inLanguage":"fr-FR","potentialAction":[{"@type":"ReadAction","target":["https:\/\/essenzediluce.com\/fr\/"]}]},{"@type":"ImageObject","inLanguage":"fr-FR","@id":"https:\/\/essenzediluce.com\/fr\/#primaryimage","url":"https:\/\/essenzediluce.com\/wp-content\/uploads\/2020\/04\/menhir-di-Luce_prodotti.jpg","contentUrl":"https:\/\/essenzediluce.com\/wp-content\/uploads\/2020\/04\/menhir-di-Luce_prodotti.jpg","width":700,"height":700,"caption":"Luxury outdoor lamps and garden rock speakers"},{"@type":"BreadcrumbList","@id":"https:\/\/essenzediluce.com\/fr\/#breadcrumb","itemListElement":[{"@type":"ListItem","position":1,"name":"Home","item":"https:\/\/essenzediluce.com\/fr\/"},{"@type":"ListItem","position":2,"name":"Syst\u00e8mes d\u2019\u00e9clairage et de diffusion acoustique pour les jardins"}]},{"@type":"WebSite","@id":"https:\/\/essenzediluce.com\/#website","url":"https:\/\/essenzediluce.com\/","name":"Essenze di Luce","description":"","publisher":{"@id":"https:\/\/essenzediluce.com\/#organization"},"potentialAction":[{"@type":"SearchAction","target":{"@type":"EntryPoint","urlTemplate":"https:\/\/essenzediluce.com\/?s={search_term_string}"},"query-input":{"@type":"PropertyValueSpecification","valueRequired":true,"valueName":"search_term_string"}}],"inLanguage":"fr-FR"},{"@type":"Organization","@id":"https:\/\/essenzediluce.com\/#organization","name":"Essenze di Luce","url":"https:\/\/essenzediluce.com\/","logo":{"@type":"ImageObject","inLanguage":"fr-FR","@id":"https:\/\/essenzediluce.com\/#\/schema\/logo\/image\/","url":"https:\/\/essenzediluce.com\/wp-content\/uploads\/2017\/03\/el.jpg","contentUrl":"https:\/\/essenzediluce.com\/wp-content\/uploads\/2017\/03\/el.jpg","width":512,"height":512,"caption":"Essenze di Luce"},"image":{"@id":"https:\/\/essenzediluce.com\/#\/schema\/logo\/image\/"},"sameAs":["https:\/\/www.facebook.com\/essenzediluce.italy\/","https:\/\/www.instagram.com\/essenzediluce\/","https:\/\/www.youtube.com\/channel\/UCXKJKPfUYADaJMEm_9NAvrA"]}]}},"_links":{"self":[{"href":"https:\/\/essenzediluce.com\/fr\/wp-json\/wp\/v2\/pages\/10980"}],"collection":[{"href":"https:\/\/essenzediluce.com\/fr\/wp-json\/wp\/v2\/pages"}],"about":[{"href":"https:\/\/essenzediluce.com\/fr\/wp-json\/wp\/v2\/types\/page"}],"author":[{"embeddable":true,"href":"https:\/\/essenzediluce.com\/fr\/wp-json\/wp\/v2\/users\/2"}],"replies":[{"embeddable":true,"href":"https:\/\/essenzediluce.com\/fr\/wp-json\/wp\/v2\/comments?post=10980"}],"version-history":[{"count":30,"href":"https:\/\/essenzediluce.com\/fr\/wp-json\/wp\/v2\/pages\/10980\/revisions"}],"predecessor-version":[{"id":23067,"href":"https:\/\/essenzediluce.com\/fr\/wp-json\/wp\/v2\/pages\/10980\/revisions\/23067"}],"wp:featuredmedia":[{"embeddable":true,"href":"https:\/\/essenzediluce.com\/fr\/wp-json\/wp\/v2\/media\/12304"}],"wp:attachment":[{"href":"https:\/\/essenzediluce.com\/fr\/wp-json\/wp\/v2\/media?parent=10980"}],"curies":[{"name":"wp","href":"https:\/\/api.w.org\/{rel}","templated":true}]}}