{"id":10999,"date":"2014-04-19T10:33:29","date_gmt":"2014-04-19T10:33:29","guid":{"rendered":"https:\/\/wlwp.it\/essenzediluce\/azienda\/"},"modified":"2024-04-29T11:51:33","modified_gmt":"2024-04-29T09:51:33","slug":"entreprise","status":"publish","type":"page","link":"https:\/\/essenzediluce.com\/fr\/entreprise\/","title":{"rendered":"Entreprise"},"content":{"rendered":"<div class=\"wpb-content-wrapper\">[vc_row css=&#8221;.vc_custom_1682665524832{margin-top: 0px !important;padding-top: 0px !important;}&#8221;][vc_column css=&#8221;.vc_custom_1587649105885{margin-top: 0px !important;padding-top: 0px !important;}&#8221;]\n\t\t\t<!-- START AziendaFR REVOLUTION SLIDER 6.6.16 --><p class=\"rs-p-wp-fix\"><\/p>\n\t\t\t<rs-module-wrap id=\"rev_slider_115_1_wrapper\" data-source=\"gallery\" style=\"visibility:hidden;background:transparent;padding:0;margin:0px auto;margin-top:0;margin-bottom:0;\">\n\t\t\t\t<rs-module id=\"rev_slider_115_1\" style=\"\" data-version=\"6.6.16\">\n\t\t\t\t\t<rs-slides style=\"overflow: hidden; position: absolute;\">\n\t\t\t\t\t\t<rs-slide style=\"position: absolute;\" data-key=\"rs-192\" data-title=\"Slide\" data-anim=\"ms:10;\" data-in=\"o:1;\" data-out=\"a:false;\">\n\t\t\t\t\t\t\t<img decoding=\"async\" src=\"\/\/essenzediluce.com\/wp-content\/uploads\/2023\/03\/Banner-Img-COMPANY-1.jpg\" alt=\"\" title=\"Banner Img-COMPANY\" width=\"1920\" height=\"1054\" class=\"rev-slidebg tp-rs-img\" data-no-retina>\n<!--\n\t\t\t\t\t\t\t--><rs-layer\n\t\t\t\t\t\t\t\tid=\"slider-115-slide-192-layer-0\" \n\t\t\t\t\t\t\t\tdata-type=\"text\"\n\t\t\t\t\t\t\t\tdata-rsp_ch=\"on\"\n\t\t\t\t\t\t\t\tdata-xy=\"xo:-50px,-41px,-16px,-7px;yo:450px,371px,332px,216px;\"\n\t\t\t\t\t\t\t\tdata-text=\"w:normal;s:60,60,50,45;l:60,70,60,50;fw:100;a:right;\"\n\t\t\t\t\t\t\t\tdata-dim=\"w:635px,524px,398px,277px;h:230px,189px,143px,186px;\"\n\t\t\t\t\t\t\t\tdata-frame_999=\"o:0;st:w;\"\n\t\t\t\t\t\t\t\tstyle=\"z-index:5;font-family:'Roboto';\"\n\t\t\t\t\t\t\t>... histoire d'une illumination \n\t\t\t\t\t\t\t<\/rs-layer><!--\n-->\t\t\t\t\t\t<\/rs-slide>\n\t\t\t\t\t<\/rs-slides>\n\t\t\t\t<\/rs-module>\n\t\t\t\t<script>\n\t\t\t\t\tsetREVStartSize({c: 'rev_slider_115_1',rl:[1920,1024,778,480],el:[900,743,565,720],gw:[1240,1024,778,480],gh:[900,768,960,720],type:'standard',justify:'',layout:'fullwidth',mh:\"0\"});if (window.RS_MODULES!==undefined && window.RS_MODULES.modules!==undefined && window.RS_MODULES.modules[\"revslider1151\"]!==undefined) {window.RS_MODULES.modules[\"revslider1151\"].once = false;window.revapi115 = undefined;if (window.RS_MODULES.checkMinimal!==undefined) window.RS_MODULES.checkMinimal()}\n\t\t\t\t<\/script>\n\t\t\t<\/rs-module-wrap>\n\t\t\t<!-- END REVOLUTION SLIDER -->\n[vc_empty_space height=&#8221;70&#8243;][\/vc_column][\/vc_row][vc_row gap=&#8221;25&#8243; equal_height=&#8221;yes&#8221; css_animation=&#8221;fadeIn&#8221;][vc_column width=&#8221;1\/2&#8243; css=&#8221;.vc_custom_1676628563613{margin-top: 40px !important;margin-right: 20px !important;border-right-width: 10px !important;background-position: center !important;background-repeat: no-repeat !important;background-size: cover !important;}&#8221;][vc_single_image image=&#8221;14604&#8243; img_size=&#8221;600&#215;850&#8243;][\/vc_column][vc_column width=&#8221;1\/2&#8243; css=&#8221;.vc_custom_1676026302463{margin-left: 20px !important;border-left-width: 10px !important;}&#8221;][vc_column_text css_animation=&#8221;fadeIn&#8221;]\r\n<h1 style=\"text-align: right;\">LA PIERRE<\/h1>\r\n[\/vc_column_text][vc_column_text css_animation=&#8221;fadeIn&#8221;]\r\n<p style=\"text-align: left;\">La pierre a toujours \u00e9t\u00e9 utilis\u00e9e dans les b\u00e2timents et les jardins tant pour ses fonctions structurelles et de r\u00e9sistance que pour ses fonctions d\u00e9coratives : c&#8217;est l&#8217;\u00e9l\u00e9ment mat\u00e9riel qui ne peut manquer dans un am\u00e9nagement paysager, il est immuable et statique contrairement au dynamisme de la nature.<\/p>\r\n\r\n<blockquote>\r\n<p style=\"text-align: left;\"><strong>Avez-vous d\u00e9j\u00e0 touch\u00e9 la surface d&#8217;un bloc de pierre ?<\/strong> Elle est froide, cristalline, poussi\u00e9reuse, parfois lisse et parfois tranchante. Les c\u00f4t\u00e9s d&#8217;une pierre sont toujours diff\u00e9rents, m\u00eame \u00e0 l&#8217;int\u00e9rieur on trouve souvent des fossiles, de petites cavit\u00e9s dont les parois sont enti\u00e8rement recouvertes de cristaux. <strong>Chaque fois que nous posons un bloc de pierre sur notre table de travail, un voyage de contemplation de la beaut\u00e9 commence.<\/strong> C&#8217;est l\u00e0 que nous comprenons ce que ce bloc deviendra et, lors de la conception de l&#8217;espace auquel il est destin\u00e9, nous identifions l&#8217;emplacement qui rendra le mieux justice \u00e0 ces blocs sur le plan fonctionnel et esth\u00e9tique.<\/p>\r\n<\/blockquote>\r\n<p style=\"text-align: left;\">La pierre est l&#8217;habit parfait et intemporel de nos produits.<\/p>\r\n[\/vc_column_text][\/vc_column][\/vc_row][vc_row gap=&#8221;25&#8243; equal_height=&#8221;yes&#8221; css_animation=&#8221;fadeIn&#8221;][vc_column css=&#8221;.vc_custom_1676026318539{padding-top: 100px !important;padding-right: 50px !important;padding-bottom: 100px !important;padding-left: 50px !important;}&#8221;][vc_column_text css_animation=&#8221;fadeIn&#8221;]\r\n<h1>L&#8217;INNOVATION<\/h1>\r\n[\/vc_column_text][vc_column_text css_animation=&#8221;fadeIn&#8221;]<strong>Si la pierre est la robe de nos produits, la technologie qu&#8217;ils renferment est leur c\u0153ur battant.<\/strong>\r\n\r\nNous croyons fermement qu&#8217;un bon design convient \u00e0 un produit beau et fonctionnel, tant en ce qui concerne le mat\u00e9riau dont il est fait que les fonctions pour lesquelles il est con\u00e7u.\r\n\r\nLes syst\u00e8mes d&#8217;\u00e9clairage et de sonorisation du Menhir, con\u00e7us et r\u00e9alis\u00e9s en Italie, sont con\u00e7us pour une utilisation en ext\u00e9rieur, <strong>ne craignent pas les intemp\u00e9ries et n\u00e9cessitent tr\u00e8s peu d&#8217;entretien. <\/strong>La technique sp\u00e9ciale de carottage interne, l&#8217;utilisation de mat\u00e9riaux tels que l&#8217;acier inoxydable et les traitements au n\u00e9odyme et la tropicalisation des composants nous ont permis de <strong>rendre un syst\u00e8me complexe totalement simplifi\u00e9 pour une exp\u00e9rience utilisateur et une durabilit\u00e9 maximales<\/strong>.\r\n<p style=\"text-align: left;\"><a href=\"https:\/\/essenzediluce.com\/fr\/produits\/enceinte-exterieur-menhir-sound\/\"><u>SYST\u00c8ME AUDIO EXT\u00c9RIEUR<\/u><\/a> | <a href=\"https:\/\/essenzediluce.com\/fr\/produits\/eclairage-exterieur-menhir-di-luce\/\" target=\"_blank\" rel=\"noopener\"><u>SYST\u00c8ME D&#8217;\u00c9CLAIRAGE EXT\u00c9RIEUR<\/u><\/a><\/p>\r\n[\/vc_column_text][\/vc_column][\/vc_row][vc_row][vc_column][vc_empty_space height=&#8221;20&#8243;][\/vc_column][\/vc_row][vc_row full_width=&#8221;stretch_row_content&#8221; gap=&#8221;25&#8243; equal_height=&#8221;yes&#8221; css_animation=&#8221;fadeIn&#8221;][vc_column width=&#8221;1\/2&#8243; css=&#8221;.vc_custom_1676026361799{padding-top: 100px !important;padding-right: 50px !important;padding-bottom: 100px !important;padding-left: 50px !important;}&#8221;][vc_column_text css_animation=&#8221;fadeIn&#8221;]\r\n<h1>NOS ARTISANS<\/h1>\r\n[\/vc_column_text][vc_column_text css_animation=&#8221;fadeIn&#8221;]<strong>Les comp\u00e9tences manuelles et le savoir-faire artisanal se refl\u00e8tent dans la beaut\u00e9 et le caract\u00e8re unique de nos produits, de notre culture et de notre identit\u00e9.<\/strong> La technologie de nos produits est enferm\u00e9e dans une coquille de pierre qui a \u00e9t\u00e9 habilement s\u00e9lectionn\u00e9e, trait\u00e9e et transform\u00e9e par des mains expertes capables de mettre en valeur, avec le plus grand soin, un mat\u00e9riau aussi solide et durable que d\u00e9licat et cassant.\r\n<blockquote><strong>Chaque veine et chaque imperfection racontent l&#8217;histoire mill\u00e9naire de la pierre ; notre t\u00e2che consiste \u00e0 les interpr\u00e9ter avec le plus grand respect.<\/strong><\/blockquote>\r\n[\/vc_column_text][\/vc_column][vc_column width=&#8221;1\/2&#8243; css=&#8221;.vc_custom_1676628008753{background-position: center !important;background-repeat: no-repeat !important;background-size: cover !important;}&#8221;][vc_single_image image=&#8221;14612&#8243; img_size=&#8221;full&#8221;][\/vc_column][\/vc_row][vc_row][vc_column][vc_empty_space height=&#8221;32&#8243;][\/vc_column][\/vc_row][vc_row gap=&#8221;25&#8243; equal_height=&#8221;yes&#8221; css_animation=&#8221;fadeIn&#8221;][vc_column width=&#8221;1\/2&#8243; css=&#8221;.vc_custom_1676628022011{margin-top: 40px !important;background-position: center !important;background-repeat: no-repeat !important;background-size: cover !important;}&#8221;][vc_single_image image=&#8221;14630&#8243; img_size=&#8221;600&#215;600&#8243;][\/vc_column][vc_column css_animation=&#8221;none&#8221; width=&#8221;1\/2&#8243; css=&#8221;.vc_custom_1676026422342{padding-top: 100px !important;padding-right: 50px !important;padding-bottom: 100px !important;padding-left: 50px !important;}&#8221;][vc_column_text css_animation=&#8221;fadeIn&#8221;]\r\n<h1 style=\"text-align: right;\">LE LUXE PUR.<\/h1>\r\n[\/vc_column_text][vc_column_text css_animation=&#8221;fadeIn&#8221;]Pour ceux d&#8217;entre nous qui connaissent et travaillent avec passion la mati\u00e8re premi\u00e8re, le luxe ne se d\u00e9finit pas seulement par le type de marbre ou de pierre utilis\u00e9 : <strong>le vrai luxe est li\u00e9 \u00e0 la vue<\/strong>, \u00e0 la beaut\u00e9 restitu\u00e9e par un produit en pierre 100% naturelle, cr\u00e9\u00e9 avec une fonction d\u00e9finie, comme l&#8217;\u00e9clairage ou la diffusion de la musique dans l&#8217;espace, int\u00e9gr\u00e9 si bien dans l&#8217;environnement qu&#8217;il peut s&#8217;y fondre.\r\n\r\nCr\u00e9\u00e9 en respectant la forme et l&#8217;essence de la pierre elle-m\u00eame, <strong>chaque produit est in\u00e9vitablement unique et diff\u00e9rent d&#8217;un autre.<\/strong>[\/vc_column_text][\/vc_column][\/vc_row][vc_row][vc_column][vc_empty_space][\/vc_column][\/vc_row][vc_row full_width=&#8221;stretch_row&#8221; css=&#8221;.vc_custom_1675937316029{background-color: #6b6b6b !important;}&#8221;][vc_column][vc_empty_space][\/vc_column][\/vc_row][vc_row full_width=&#8221;stretch_row&#8221; css=&#8221;.vc_custom_1675937257333{background-color: #6b6b6b !important;}&#8221;][vc_column width=&#8221;1\/4&#8243;][\/vc_column][vc_column width=&#8221;1\/2&#8243;][vc_column_text]<div class=\"epyt-video-wrapper\"><div  id=\"_ytid_25451\"  width=\"800\" height=\"450\"  data-origwidth=\"800\" data-origheight=\"450\" data-facadesrc=\"https:\/\/www.youtube.com\/embed\/QuDtShx78EU?enablejsapi=1&autoplay=0&cc_load_policy=0&cc_lang_pref=&iv_load_policy=1&loop=0&rel=1&fs=1&playsinline=0&autohide=2&theme=dark&color=red&controls=1&disablekb=0&\" class=\"__youtube_prefs__ epyt-facade no-lazyload\" data-epautoplay=\"1\" ><img decoding=\"async\" data-spai-excluded=\"true\" class=\"epyt-facade-poster skip-lazy\" loading=\"lazy\"  alt=\"YouTube player\"  src=\"https:\/\/i.ytimg.com\/vi\/QuDtShx78EU\/maxresdefault.jpg\"  \/><button class=\"epyt-facade-play\" aria-label=\"Play\"><svg data-no-lazy=\"1\" height=\"100%\" version=\"1.1\" viewBox=\"0 0 68 48\" width=\"100%\"><path class=\"ytp-large-play-button-bg\" d=\"M66.52,7.74c-0.78-2.93-2.49-5.41-5.42-6.19C55.79,.13,34,0,34,0S12.21,.13,6.9,1.55 C3.97,2.33,2.27,4.81,1.48,7.74C0.06,13.05,0,24,0,24s0.06,10.95,1.48,16.26c0.78,2.93,2.49,5.41,5.42,6.19 C12.21,47.87,34,48,34,48s21.79-0.13,27.1-1.55c2.93-0.78,4.64-3.26,5.42-6.19C67.94,34.95,68,24,68,24S67.94,13.05,66.52,7.74z\" fill=\"#f00\"><\/path><path d=\"M 45,24 27,14 27,34\" fill=\"#fff\"><\/path><\/svg><\/button><\/div><\/div>[\/vc_column_text][vc_empty_space height=&#8221;20&#8243;][vc_column_text css=&#8221;.vc_custom_1676626291341{margin-top: 0px !important;margin-bottom: 0px !important;border-top-width: 0px !important;padding-top: 0px !important;}&#8221;]\r\n<h2 style=\"text-align: center;\"><span style=\"color: #ffffff;\">Le processus artisanal de construction des Menhirs<\/span><\/h2>\r\n[\/vc_column_text][\/vc_column][vc_column width=&#8221;1\/4&#8243;][\/vc_column][\/vc_row][vc_row full_width=&#8221;stretch_row&#8221; css=&#8221;.vc_custom_1675937319958{background-color: #6b6b6b !important;}&#8221;][vc_column][vc_empty_space][\/vc_column][\/vc_row][vc_row][vc_column][vc_empty_space][\/vc_column][\/vc_row][vc_row][vc_column][vc_column_text]\r\n<h2 style=\"text-align: center;\">Nos partenaires<\/h2>\r\n[\/vc_column_text][\/vc_column][\/vc_row][vc_row][vc_column width=&#8221;1\/4&#8243;][vc_single_image image=&#8221;10330&#8243; onclick=&#8221;custom_link&#8221; img_link_target=&#8221;_blank&#8221; link=&#8221;https:\/\/www.granulati.it\/it\/&#8221;][\/vc_column][vc_column width=&#8221;1\/4&#8243;][vc_single_image image=&#8221;10328&#8243; onclick=&#8221;custom_link&#8221; img_link_target=&#8221;_blank&#8221; link=&#8221;https:\/\/stonecity.it\/&#8221;][\/vc_column][vc_column width=&#8221;1\/4&#8243;][vc_single_image image=&#8221;10326&#8243; onclick=&#8221;custom_link&#8221; img_link_target=&#8221;_blank&#8221; link=&#8221;https:\/\/www.nblsoftware.it\/&#8221;][\/vc_column][vc_column width=&#8221;1\/4&#8243;][vc_single_image image=&#8221;10324&#8243; onclick=&#8221;custom_link&#8221; img_link_target=&#8221;_blank&#8221; link=&#8221;https:\/\/www.landscapedesigner.it\/&#8221;][\/vc_column][\/vc_row][vc_row][vc_column][vc_empty_space][\/vc_column][\/vc_row]<\/div>","protected":false},"excerpt":{"rendered":"<p>[vc_row css=&#8221;.vc_custom_1682665524832{margin-top: 0px !important;padding-top: 0px !important;}&#8221;][vc_column css=&#8221;.vc_custom_1587649105885{margin-top: 0px !important;padding-top: 0px !important;}&#8221;][vc_empty_space height=&#8221;70&#8243;][\/vc_column][\/vc_row][vc_row gap=&#8221;25&#8243; equal_height=&#8221;yes&#8221; css_animation=&#8221;fadeIn&#8221;][vc_column width=&#8221;1\/2&#8243; css=&#8221;.vc_custom_1676628563613{margin-top: 40px !important;margin-right: 20px !important;border-right-width: 10px !important;background-position: center !important;background-repeat: no-repeat !important;background-size: cover !important;}&#8221;][vc_single_image image=&#8221;14604&#8243; img_size=&#8221;600&#215;850&#8243;][\/vc_column][vc_column width=&#8221;1\/2&#8243; css=&#8221;.vc_custom_1676026302463{margin-left: 20px !important;border-left-width: 10px !important;}&#8221;][vc_column_text css_animation=&#8221;fadeIn&#8221;] LA PIERRE&hellip;<\/p>\n<p> <a class=\"more-link\" href=\"https:\/\/essenzediluce.com\/fr\/entreprise\/\">Lire la suite<\/a><\/p>\n","protected":false},"author":2,"featured_media":0,"parent":0,"menu_order":0,"comment_status":"open","ping_status":"closed","template":"","meta":{"footnotes":""},"class_list":["post-10999","page","type-page","status-publish"],"yoast_head":"<!-- This site is optimized with the Yoast SEO plugin v24.5 - https:\/\/yoast.com\/wordpress\/plugins\/seo\/ -->\n<title>Entreprise : \u00e9clairage ext\u00e9rieur et enceintes exterieur - Essenze di Luce<\/title>\n<meta name=\"description\" content=\"Depuis 2015, nous concevons et produisons des solutions uniques d&#039;\u00e9clairage ext\u00e9rieur et enceintes exterieur en pierre naturelle.\" \/>\n<meta name=\"robots\" content=\"index, follow, max-snippet:-1, max-image-preview:large, max-video-preview:-1\" \/>\n<link rel=\"canonical\" href=\"https:\/\/essenzediluce.com\/fr\/entreprise\/\" \/>\n<meta property=\"og:locale\" content=\"fr_FR\" \/>\n<meta property=\"og:type\" content=\"article\" \/>\n<meta property=\"og:title\" content=\"Entreprise : \u00e9clairage ext\u00e9rieur et enceintes exterieur - Essenze di Luce\" \/>\n<meta property=\"og:description\" content=\"Depuis 2015, nous concevons et produisons des solutions uniques d&#039;\u00e9clairage ext\u00e9rieur et enceintes exterieur en pierre naturelle.\" \/>\n<meta property=\"og:url\" content=\"https:\/\/essenzediluce.com\/fr\/entreprise\/\" \/>\n<meta property=\"og:site_name\" content=\"Essenze di Luce\" \/>\n<meta property=\"article:publisher\" content=\"https:\/\/www.facebook.com\/essenzediluce.italy\/\" \/>\n<meta property=\"article:modified_time\" content=\"2024-04-29T09:51:33+00:00\" \/>\n<meta name=\"twitter:card\" content=\"summary_large_image\" \/>\n<meta name=\"twitter:label1\" content=\"Dur\u00e9e de lecture estim\u00e9e\" \/>\n\t<meta name=\"twitter:data1\" content=\"5 minutes\" \/>\n<script type=\"application\/ld+json\" class=\"yoast-schema-graph\">{\"@context\":\"https:\/\/schema.org\",\"@graph\":[{\"@type\":\"WebPage\",\"@id\":\"https:\/\/essenzediluce.com\/fr\/entreprise\/\",\"url\":\"https:\/\/essenzediluce.com\/fr\/entreprise\/\",\"name\":\"Entreprise : \u00e9clairage ext\u00e9rieur et enceintes exterieur - Essenze di Luce\",\"isPartOf\":{\"@id\":\"https:\/\/essenzediluce.com\/#website\"},\"datePublished\":\"2014-04-19T10:33:29+00:00\",\"dateModified\":\"2024-04-29T09:51:33+00:00\",\"description\":\"Depuis 2015, nous concevons et produisons des solutions uniques d'\u00e9clairage ext\u00e9rieur et enceintes exterieur en pierre naturelle.\",\"breadcrumb\":{\"@id\":\"https:\/\/essenzediluce.com\/fr\/entreprise\/#breadcrumb\"},\"inLanguage\":\"fr-FR\",\"potentialAction\":[{\"@type\":\"ReadAction\",\"target\":[\"https:\/\/essenzediluce.com\/fr\/entreprise\/\"]}]},{\"@type\":\"BreadcrumbList\",\"@id\":\"https:\/\/essenzediluce.com\/fr\/entreprise\/#breadcrumb\",\"itemListElement\":[{\"@type\":\"ListItem\",\"position\":1,\"name\":\"Home\",\"item\":\"https:\/\/essenzediluce.com\/fr\/\"},{\"@type\":\"ListItem\",\"position\":2,\"name\":\"Entreprise\"}]},{\"@type\":\"WebSite\",\"@id\":\"https:\/\/essenzediluce.com\/#website\",\"url\":\"https:\/\/essenzediluce.com\/\",\"name\":\"Essenze di Luce\",\"description\":\"\",\"publisher\":{\"@id\":\"https:\/\/essenzediluce.com\/#organization\"},\"potentialAction\":[{\"@type\":\"SearchAction\",\"target\":{\"@type\":\"EntryPoint\",\"urlTemplate\":\"https:\/\/essenzediluce.com\/?s={search_term_string}\"},\"query-input\":{\"@type\":\"PropertyValueSpecification\",\"valueRequired\":true,\"valueName\":\"search_term_string\"}}],\"inLanguage\":\"fr-FR\"},{\"@type\":\"Organization\",\"@id\":\"https:\/\/essenzediluce.com\/#organization\",\"name\":\"Essenze di Luce\",\"url\":\"https:\/\/essenzediluce.com\/\",\"logo\":{\"@type\":\"ImageObject\",\"inLanguage\":\"fr-FR\",\"@id\":\"https:\/\/essenzediluce.com\/#\/schema\/logo\/image\/\",\"url\":\"https:\/\/essenzediluce.com\/wp-content\/uploads\/2017\/03\/el.jpg\",\"contentUrl\":\"https:\/\/essenzediluce.com\/wp-content\/uploads\/2017\/03\/el.jpg\",\"width\":512,\"height\":512,\"caption\":\"Essenze di Luce\"},\"image\":{\"@id\":\"https:\/\/essenzediluce.com\/#\/schema\/logo\/image\/\"},\"sameAs\":[\"https:\/\/www.facebook.com\/essenzediluce.italy\/\",\"https:\/\/www.instagram.com\/essenzediluce\/\",\"https:\/\/www.youtube.com\/channel\/UCXKJKPfUYADaJMEm_9NAvrA\"]}]}<\/script>\n<!-- \/ Yoast SEO plugin. -->","yoast_head_json":{"title":"Entreprise : \u00e9clairage ext\u00e9rieur et enceintes exterieur - Essenze di Luce","description":"Depuis 2015, nous concevons et produisons des solutions uniques d'\u00e9clairage ext\u00e9rieur et enceintes exterieur en pierre naturelle.","robots":{"index":"index","follow":"follow","max-snippet":"max-snippet:-1","max-image-preview":"max-image-preview:large","max-video-preview":"max-video-preview:-1"},"canonical":"https:\/\/essenzediluce.com\/fr\/entreprise\/","og_locale":"fr_FR","og_type":"article","og_title":"Entreprise : \u00e9clairage ext\u00e9rieur et enceintes exterieur - Essenze di Luce","og_description":"Depuis 2015, nous concevons et produisons des solutions uniques d'\u00e9clairage ext\u00e9rieur et enceintes exterieur en pierre naturelle.","og_url":"https:\/\/essenzediluce.com\/fr\/entreprise\/","og_site_name":"Essenze di Luce","article_publisher":"https:\/\/www.facebook.com\/essenzediluce.italy\/","article_modified_time":"2024-04-29T09:51:33+00:00","twitter_card":"summary_large_image","twitter_misc":{"Dur\u00e9e de lecture estim\u00e9e":"5 minutes"},"schema":{"@context":"https:\/\/schema.org","@graph":[{"@type":"WebPage","@id":"https:\/\/essenzediluce.com\/fr\/entreprise\/","url":"https:\/\/essenzediluce.com\/fr\/entreprise\/","name":"Entreprise : \u00e9clairage ext\u00e9rieur et enceintes exterieur - Essenze di Luce","isPartOf":{"@id":"https:\/\/essenzediluce.com\/#website"},"datePublished":"2014-04-19T10:33:29+00:00","dateModified":"2024-04-29T09:51:33+00:00","description":"Depuis 2015, nous concevons et produisons des solutions uniques d'\u00e9clairage ext\u00e9rieur et enceintes exterieur en pierre naturelle.","breadcrumb":{"@id":"https:\/\/essenzediluce.com\/fr\/entreprise\/#breadcrumb"},"inLanguage":"fr-FR","potentialAction":[{"@type":"ReadAction","target":["https:\/\/essenzediluce.com\/fr\/entreprise\/"]}]},{"@type":"BreadcrumbList","@id":"https:\/\/essenzediluce.com\/fr\/entreprise\/#breadcrumb","itemListElement":[{"@type":"ListItem","position":1,"name":"Home","item":"https:\/\/essenzediluce.com\/fr\/"},{"@type":"ListItem","position":2,"name":"Entreprise"}]},{"@type":"WebSite","@id":"https:\/\/essenzediluce.com\/#website","url":"https:\/\/essenzediluce.com\/","name":"Essenze di Luce","description":"","publisher":{"@id":"https:\/\/essenzediluce.com\/#organization"},"potentialAction":[{"@type":"SearchAction","target":{"@type":"EntryPoint","urlTemplate":"https:\/\/essenzediluce.com\/?s={search_term_string}"},"query-input":{"@type":"PropertyValueSpecification","valueRequired":true,"valueName":"search_term_string"}}],"inLanguage":"fr-FR"},{"@type":"Organization","@id":"https:\/\/essenzediluce.com\/#organization","name":"Essenze di Luce","url":"https:\/\/essenzediluce.com\/","logo":{"@type":"ImageObject","inLanguage":"fr-FR","@id":"https:\/\/essenzediluce.com\/#\/schema\/logo\/image\/","url":"https:\/\/essenzediluce.com\/wp-content\/uploads\/2017\/03\/el.jpg","contentUrl":"https:\/\/essenzediluce.com\/wp-content\/uploads\/2017\/03\/el.jpg","width":512,"height":512,"caption":"Essenze di Luce"},"image":{"@id":"https:\/\/essenzediluce.com\/#\/schema\/logo\/image\/"},"sameAs":["https:\/\/www.facebook.com\/essenzediluce.italy\/","https:\/\/www.instagram.com\/essenzediluce\/","https:\/\/www.youtube.com\/channel\/UCXKJKPfUYADaJMEm_9NAvrA"]}]}},"_links":{"self":[{"href":"https:\/\/essenzediluce.com\/fr\/wp-json\/wp\/v2\/pages\/10999"}],"collection":[{"href":"https:\/\/essenzediluce.com\/fr\/wp-json\/wp\/v2\/pages"}],"about":[{"href":"https:\/\/essenzediluce.com\/fr\/wp-json\/wp\/v2\/types\/page"}],"author":[{"embeddable":true,"href":"https:\/\/essenzediluce.com\/fr\/wp-json\/wp\/v2\/users\/2"}],"replies":[{"embeddable":true,"href":"https:\/\/essenzediluce.com\/fr\/wp-json\/wp\/v2\/comments?post=10999"}],"version-history":[{"count":10,"href":"https:\/\/essenzediluce.com\/fr\/wp-json\/wp\/v2\/pages\/10999\/revisions"}],"predecessor-version":[{"id":18545,"href":"https:\/\/essenzediluce.com\/fr\/wp-json\/wp\/v2\/pages\/10999\/revisions\/18545"}],"wp:attachment":[{"href":"https:\/\/essenzediluce.com\/fr\/wp-json\/wp\/v2\/media?parent=10999"}],"curies":[{"name":"wp","href":"https:\/\/api.w.org\/{rel}","templated":true}]}}