{"id":17809,"date":"2024-02-22T11:11:10","date_gmt":"2024-02-22T10:11:10","guid":{"rendered":"https:\/\/essenzediluce.com\/?page_id=17809"},"modified":"2024-12-12T16:23:09","modified_gmt":"2024-12-12T15:23:09","slug":"guides-eclairage-sonorisation-jardin","status":"publish","type":"page","link":"https:\/\/essenzediluce.com\/fr\/guides-eclairage-sonorisation-jardin\/","title":{"rendered":"Guide PDF"},"content":{"rendered":"<div class=\"wpb-content-wrapper\">[vc_row][vc_column]\n\t\t\t<!-- START PROGETTARE CON I MENHIR_FRA REVOLUTION SLIDER 6.6.16 --><p class=\"rs-p-wp-fix\"><\/p>\n\t\t\t<rs-module-wrap id=\"rev_slider_129_1_wrapper\" data-source=\"gallery\" style=\"visibility:hidden;background:transparent;padding:0;margin:0px auto;margin-top:0;margin-bottom:0;\">\n\t\t\t\t<rs-module id=\"rev_slider_129_1\" style=\"\" data-version=\"6.6.16\">\n\t\t\t\t\t<rs-slides style=\"overflow: hidden; position: absolute;\">\n\t\t\t\t\t\t<rs-slide style=\"position: absolute;\" data-key=\"rs-206\" data-title=\"Slide\" data-in=\"o:0;\" data-out=\"a:false;\">\n\t\t\t\t\t\t\t<img decoding=\"async\" src=\"\/\/essenzediluce.com\/wp-content\/uploads\/2023\/09\/Ebook-Slider-1.jpg\" alt=\"\" title=\"Ebook Slider\" width=\"1600\" height=\"900\" class=\"rev-slidebg tp-rs-img\" data-no-retina>\n<!--\n\t\t\t\t\t\t\t--><rs-layer\n\t\t\t\t\t\t\t\tid=\"slider-129-slide-206-layer-1\" \n\t\t\t\t\t\t\t\tclass=\"ht\"\n\t\t\t\t\t\t\t\tdata-type=\"text\"\n\t\t\t\t\t\t\t\tdata-rsp_ch=\"on\"\n\t\t\t\t\t\t\t\tdata-xy=\"x:r;xo:345px,284px,215px,28px;yo:475px,392px,297px,202px;\"\n\t\t\t\t\t\t\t\tdata-text=\"w:normal;s:80,66,50,45;l:90,74,56,45;\"\n\t\t\t\t\t\t\t\tdata-dim=\"w:853px,704px,534px,414px;h:auto,auto,auto,115px;\"\n\t\t\t\t\t\t\t\tdata-frame_1=\"e:power4.inOut;sp:2000;\"\n\t\t\t\t\t\t\t\tdata-frame_999=\"o:0;st:w;sR:5000;\"\n\t\t\t\t\t\t\t\tstyle=\"z-index:9;font-family:'Roboto';\"\n\t\t\t\t\t\t\t>GUIDES DE <br \/>DESIGN D'EXT\u00c9RIEUR \n\t\t\t\t\t\t\t<\/rs-layer><!--\n\n\t\t\t\t\t\t\t--><rs-layer\n\t\t\t\t\t\t\t\tid=\"slider-129-slide-206-layer-2\" \n\t\t\t\t\t\t\t\tclass=\"ht\"\n\t\t\t\t\t\t\t\tdata-type=\"text\"\n\t\t\t\t\t\t\t\tdata-rsp_ch=\"on\"\n\t\t\t\t\t\t\t\tdata-xy=\"x:r;xo:342px,282px,214px,76px;yo:209px,172px,130px,321px;\"\n\t\t\t\t\t\t\t\tdata-text=\"w:normal;s:50,41,31,30;l:90,74,56,35;fw:300;\"\n\t\t\t\t\t\t\t\tdata-dim=\"w:856px,706px,536px,364px;h:auto,auto,auto,100px;\"\n\t\t\t\t\t\t\t\tdata-frame_1=\"e:power4.inOut;sp:2000;\"\n\t\t\t\t\t\t\t\tdata-frame_999=\"o:0;st:w;sR:5000;\"\n\t\t\t\t\t\t\t\tstyle=\"z-index:9;font-family:'Roboto';\"\n\t\t\t\t\t\t\t>Jardins uniques \n\t\t\t\t\t\t\t<\/rs-layer><!--\n-->\t\t\t\t\t\t<\/rs-slide>\n\t\t\t\t\t<\/rs-slides>\n\t\t\t\t\t<rs-static-layers class=\"rs-stl-visible\"><!--\n\t\t\t\t\t--><\/rs-static-layers>\n\t\t\t\t<\/rs-module>\n\t\t\t\t<script>\n\t\t\t\t\tsetREVStartSize({c: 'rev_slider_129_1',rl:[1920,1024,778,480],el:[868,768,960,720],gw:[1240,1024,778,480],gh:[868,768,960,720],type:'standard',justify:'',layout:'fullwidth',mh:\"0\"});if (window.RS_MODULES!==undefined && window.RS_MODULES.modules!==undefined && window.RS_MODULES.modules[\"revslider1291\"]!==undefined) {window.RS_MODULES.modules[\"revslider1291\"].once = false;window.revapi129 = undefined;if (window.RS_MODULES.checkMinimal!==undefined) window.RS_MODULES.checkMinimal()}\n\t\t\t\t<\/script>\n\t\t\t<\/rs-module-wrap>\n\t\t\t<!-- END REVOLUTION SLIDER -->\n[\/vc_column][\/vc_row][vc_row][vc_column width=&#8221;1\/6&#8243;][\/vc_column][vc_column width=&#8221;2\/3&#8243;][vc_empty_space][vc_column_text css=&#8221;.vc_custom_1708596233389{margin-bottom: 0px !important;border-bottom-width: 0px !important;}&#8221;]\r\n<h1 style=\"text-align: center;\">GUIDES PDF &#8221; ID\u00c9ES D&#8217;\u00c9CLAIRAGE ET DE SONORISATION POUR LE JARDIN<\/h1>\r\n[\/vc_column_text][vc_column_text css=&#8221;.vc_custom_1708596259935{margin-top: 0px !important;border-top-width: 0px !important;padding-top: 0px !important;}&#8221;]\r\n<h3 style=\"text-align: center;\">T\u00e9l\u00e9chargez et parcourez nos guides gratuits et d\u00e9couvrez des id\u00e9es et des solutions pour am\u00e9nager des espaces ext\u00e9rieurs exclusifs avec des produits uniques d&#8217;\u00e9clairage et de sonorisation de jardin.<\/h3>\r\n[\/vc_column_text][vc_empty_space][\/vc_column][vc_column width=&#8221;1\/6&#8243;][\/vc_column][\/vc_row][vc_row full_width=&#8221;stretch_row&#8221;][vc_column width=&#8221;2\/5&#8243;][vc_column_text]\r\n<h3><u>\u00c9dition <strong>MAISON &amp; VILLAS <\/strong><\/u><\/h3>\r\nLaissez-vous inspirer par une s\u00e9lection de maisons et de villas priv\u00e9es et d\u00e9couvrez de nouvelles id\u00e9es d&#8217;<strong>\u00e9clairage de jardin<\/strong> et de <strong>sonorisation ext\u00e9rieure<\/strong> avec les produits Essenze di Luce, parfaitement int\u00e9gr\u00e9s dans diff\u00e9rents espaces et styles architecturaux.[\/vc_column_text][vc_btn title=&#8221;TELECHARGER LE GUIDE &#8220;Maisons et Villas&#8220;&#8221; style=&#8221;classic&#8221; color=&#8221;inverse&#8221; size=&#8221;lg&#8221; align=&#8221;center&#8221; i_icon_fontawesome=&#8221;fas fa-download&#8221; add_icon=&#8221;true&#8221; link=&#8221;url:https%3A%2F%2Fessenzediluce.com%2Fwp-content%2Fuploads%2F2023%2F09%2FEBOOK-Outdoor-Design-with-Menhirs-HousesVillas-Edition_LR.pdf&#8221;][vc_raw_html]JTVCZGZsaXAlMjBpZCUzRCUyMjE2NzkzJTIyJTIwJTVEJTVCJTJGZGZsaXAlNUQ=[\/vc_raw_html][\/vc_column][vc_column width=&#8221;1\/5&#8243; css=&#8221;.vc_custom_1708339205382{margin-right: 30px !important;margin-left: 20px !important;border-right-width: 20px !important;border-left-width: 10px !important;padding-right: 20px !important;padding-left: 10px !important;}&#8221;][\/vc_column][vc_column width=&#8221;2\/5&#8243;][vc_column_text]\r\n<h3><u><strong>\u00c9dition HOTEL &amp; RESORT<\/strong><\/u><\/h3>\r\nD\u00e9couvrez diff\u00e9rentes propositions pour l&#8217;<strong>\u00e9clairage des jardins d&#8217;h\u00f4tels et de complexes h\u00f4teliers<\/strong> et comment cr\u00e9er des zones uniquement lumineuses ou lumineuses et musicales pour une exp\u00e9rience d&#8217;accueil in\u00e9gal\u00e9e.[\/vc_column_text][vc_btn title=&#8221;TELECHARGER LE GUIDE &#8220;Hotel &amp; Resort&#8220;&#8221; style=&#8221;classic&#8221; size=&#8221;lg&#8221; align=&#8221;center&#8221; i_icon_fontawesome=&#8221;fas fa-download&#8221; add_icon=&#8221;true&#8221; link=&#8221;url:https%3A%2F%2Fessenzediluce.com%2Fwp-content%2Fuploads%2F2024%2F02%2FEBOOK-Outdoor-Design-with-Menhirs-HotelResort-Edition_LR.pdf&#8221;][vc_raw_html]JTVCZGZsaXAlMjBpZCUzRCUyMjE3NzQ2JTIyJTVEJTVCJTJGZGZsaXAlNUQ=[\/vc_raw_html][\/vc_column][\/vc_row][vc_row][vc_column][vc_empty_space][\/vc_column][\/vc_row][vc_row][vc_column width=&#8221;1\/6&#8243;][\/vc_column][vc_column width=&#8221;2\/3&#8243;][vc_column_text]\r\n<p style=\"text-align: center;\">Vous souhaitez recevoir des <strong>informations sur nos produits<\/strong> ? <strong>Ou bien vous avez d\u00e9j\u00e0 un projet et vous souhaitez que nous vous aidions<\/strong> \u00e0 le compl\u00e9ter avec l&#8217;\u00e9clairage et la sonorisation de votre jardin ? Remplissez le formulaire et nous vous contacterons dans les plus brefs d\u00e9lais :<\/p>\r\n[\/vc_column_text]\n<div class=\"wpcf7 no-js\" id=\"wpcf7-f20919-o1\" lang=\"fr-FR\" dir=\"ltr\" data-wpcf7-id=\"20919\">\n<div class=\"screen-reader-response\"><p role=\"status\" aria-live=\"polite\" aria-atomic=\"true\"><\/p> <ul><\/ul><\/div>\n<form action=\"\/fr\/wp-json\/wp\/v2\/pages\/17809#wpcf7-f20919-o1\" method=\"post\" class=\"wpcf7-form init\" aria-label=\"Formulaire de contact\" novalidate=\"novalidate\" data-status=\"init\">\n<div style=\"display: none;\">\n<input type=\"hidden\" name=\"_wpcf7\" value=\"20919\" \/>\n<input type=\"hidden\" name=\"_wpcf7_version\" value=\"6.0.6\" \/>\n<input type=\"hidden\" name=\"_wpcf7_locale\" value=\"fr_FR\" \/>\n<input type=\"hidden\" name=\"_wpcf7_unit_tag\" value=\"wpcf7-f20919-o1\" \/>\n<input type=\"hidden\" name=\"_wpcf7_container_post\" value=\"0\" \/>\n<input type=\"hidden\" name=\"_wpcf7_posted_data_hash\" value=\"\" \/>\n<\/div>\n<div class=\"two-column\">\n\t<div class=\"left\">\n\t\t<p><span class=\"wpcf7-form-control-wrap\" data-name=\"your-name\"><input size=\"40\" maxlength=\"400\" class=\"wpcf7-form-control wpcf7-text wpcf7-validates-as-required\" aria-required=\"true\" aria-invalid=\"false\" placeholder=\"Pr\u00e9nom*\" value=\"\" type=\"text\" name=\"your-name\" \/><\/span>\n\t\t<\/p>\n\t<\/div>\n\t<div class=\"right\">\n\t\t<p><span class=\"wpcf7-form-control-wrap\" data-name=\"your-surname\"><input size=\"40\" maxlength=\"400\" class=\"wpcf7-form-control wpcf7-text wpcf7-validates-as-required\" aria-required=\"true\" aria-invalid=\"false\" placeholder=\"Nom*\" value=\"\" type=\"text\" name=\"your-surname\" \/><\/span>\n\t\t<\/p>\n\t<\/div>\n<\/div>\n<div class=\"two-column\">\n\t<div class=\"left comp-left\">\n\t\t<p><span class=\"wpcf7-form-control-wrap\" data-name=\"phone\"><input size=\"40\" maxlength=\"400\" class=\"wpcf7-form-control wpcf7-tel wpcf7-validates-as-required wpcf7-text wpcf7-validates-as-tel\" aria-required=\"true\" aria-invalid=\"false\" placeholder=\"Contact t\u00e9l\u00e9phonique*\" value=\"\" type=\"tel\" name=\"phone\" \/><\/span>\n\t\t<\/p>\n\t<\/div>\n\t<div class=\"right comp-right\">\n\t\t<p><span class=\"wpcf7-form-control-wrap\" data-name=\"your-email\"><input size=\"40\" maxlength=\"400\" class=\"wpcf7-form-control wpcf7-email wpcf7-validates-as-required wpcf7-text wpcf7-validates-as-email\" aria-required=\"true\" aria-invalid=\"false\" placeholder=\"Adresse mail*\" value=\"\" type=\"email\" name=\"your-email\" \/><\/span>\n\t\t<\/p>\n\t<\/div>\n<\/div>\n<div class=\"two-column\">\n\t<div class=\"left\">\n\t\t<p><span class=\"wpcf7-form-control-wrap\" data-name=\"citta\"><input size=\"40\" maxlength=\"400\" class=\"wpcf7-form-control wpcf7-text wpcf7-validates-as-required\" aria-required=\"true\" aria-invalid=\"false\" placeholder=\"Ville*\" value=\"\" type=\"text\" name=\"citta\" \/><\/span>\n\t\t<\/p>\n\t<\/div>\n\t<div class=\"right\">\n\t\t<p><span class=\"wpcf7-form-control-wrap\" data-name=\"CAP\"><input size=\"40\" maxlength=\"400\" class=\"wpcf7-form-control wpcf7-text\" aria-invalid=\"false\" placeholder=\"Code Postal\" value=\"\" type=\"text\" name=\"CAP\" \/><\/span>\n\t\t<\/p>\n\t<\/div>\n<\/div>\n<div>\n\t<p>Fonction : <span class=\"wpcf7-form-control-wrap\" data-name=\"Ruolo\"><select class=\"wpcf7-form-control wpcf7-select wpcf7-validates-as-required\" aria-required=\"true\" aria-invalid=\"false\" name=\"Ruolo\"><option value=\"\">&#8212;Veuillez choisir une option&#8212;<\/option><option value=\"Architecte\">Architecte<\/option><option value=\"Jardinier\">Jardinier<\/option><option value=\"Paysagiste\">Paysagiste<\/option><option value=\"Revendeur\">Revendeur<\/option><option value=\"Installateur\">Installateur<\/option><\/select><\/span>\n\t<\/p>\n<\/div>\n<div class=\"message\">\n\t<p><span class=\"wpcf7-form-control-wrap\" data-name=\"your-message\"><textarea cols=\"40\" rows=\"10\" maxlength=\"2000\" class=\"wpcf7-form-control wpcf7-textarea wpcf7-validates-as-required\" aria-required=\"true\" aria-invalid=\"false\" placeholder=\"Message*\" name=\"your-message\"><\/textarea><\/span>\n\t<\/p>\n<\/div>\n<div>\n\t<p><span class=\"wpcf7-form-control-wrap\" data-name=\"accept-this\"><span class=\"wpcf7-form-control wpcf7-acceptance\"><span class=\"wpcf7-list-item\"><input type=\"checkbox\" name=\"accept-this\" value=\"1\" aria-invalid=\"false\" \/><\/span><\/span><\/span> OUI, J'ACCEPTE LES TERMES ET CONDITIONS: Je consens au traitement de mes donn\u00e9es personnelles dans le seul but de traiter ma demande et sa mise \u00e0 jour.<a class=\"fancybox-iframe {width:100%,height:100%}\" href=\"https:\/\/essenzediluce.com\/privacy-policy\/\"><strong>Privacy Policy<\/strong><\/a>\n\t<\/p>\n<\/div>\n<div>\n\t<p><span class=\"wpcf7-form-control-wrap\" data-name=\"your-consent-sendinblue\"><span class=\"wpcf7-form-control wpcf7-acceptance optional\"><span class=\"wpcf7-list-item\"><label><input type=\"checkbox\" name=\"your-consent-sendinblue\" value=\"1\" aria-invalid=\"false\" \/><span class=\"wpcf7-list-item-label\">INSCRIVEZ-MOI \u00c0 LA NEWSLETTER<\/span><\/label><\/span><\/span><\/span>: Je souhaite recevoir des communications et des mises \u00e0 jour sur les projets, les nouveaux produits et les \u00e9v\u00e9nements. - Essenze di Luce ne promet pas de spam !-\n\t<\/p>\n<\/div>\n<div>\n\t<p><input class=\"wpcf7-form-control wpcf7-submit has-spinner\" type=\"submit\" value=\"Envoyer\" \/>\n\t<\/p>\n<\/div><div class=\"wpcf7-response-output\" aria-hidden=\"true\"><\/div>\n<\/form>\n<\/div>\n[\/vc_column][vc_column width=&#8221;1\/6&#8243;][\/vc_column][\/vc_row]<\/div>","protected":false},"excerpt":{"rendered":"<p>[vc_row][vc_column][\/vc_column][\/vc_row][vc_row][vc_column width=&#8221;1\/6&#8243;][\/vc_column][vc_column width=&#8221;2\/3&#8243;][vc_empty_space][vc_column_text css=&#8221;.vc_custom_1708596233389{margin-bottom: 0px !important;border-bottom-width: 0px !important;}&#8221;] GUIDES PDF &#8221; ID\u00c9ES D&#8217;\u00c9CLAIRAGE ET DE SONORISATION POUR LE JARDIN [\/vc_column_text][vc_column_text css=&#8221;.vc_custom_1708596259935{margin-top: 0px !important;border-top-width: 0px !important;padding-top: 0px !important;}&#8221;] T\u00e9l\u00e9chargez et parcourez nos guides gratuits et d\u00e9couvrez des id\u00e9es et des solutions&hellip;<\/p>\n<p> <a class=\"more-link\" href=\"https:\/\/essenzediluce.com\/fr\/guides-eclairage-sonorisation-jardin\/\">Lire la suite<\/a><\/p>\n","protected":false},"author":13,"featured_media":17799,"parent":0,"menu_order":0,"comment_status":"closed","ping_status":"closed","template":"","meta":{"footnotes":""},"class_list":["post-17809","page","type-page","status-publish","has-post-thumbnail"],"yoast_head":"<!-- This site is optimized with the Yoast SEO plugin v24.5 - https:\/\/yoast.com\/wordpress\/plugins\/seo\/ -->\n<title>Guides PDF : Id\u00e9es d&#039;\u00e9clairage et de sonorisation pour le jardin - Essenze di Luce<\/title>\n<meta name=\"description\" content=\"T\u00e9l\u00e9chargez nos guides d&#039;\u00e9clairage de jardin pour les maisons et les h\u00f4tels et d\u00e9couvrez comment rendre votre espace ext\u00e9rieur unique !\" \/>\n<meta name=\"robots\" content=\"index, follow, max-snippet:-1, max-image-preview:large, max-video-preview:-1\" \/>\n<link rel=\"canonical\" href=\"https:\/\/essenzediluce.com\/fr\/guides-eclairage-sonorisation-jardin\/\" \/>\n<meta property=\"og:locale\" content=\"fr_FR\" \/>\n<meta property=\"og:type\" content=\"article\" \/>\n<meta property=\"og:title\" content=\"Guides PDF : Id\u00e9es d&#039;\u00e9clairage et de sonorisation pour le jardin - Essenze di Luce\" \/>\n<meta property=\"og:description\" content=\"T\u00e9l\u00e9chargez nos guides d&#039;\u00e9clairage de jardin pour les maisons et les h\u00f4tels et d\u00e9couvrez comment rendre votre espace ext\u00e9rieur unique !\" \/>\n<meta property=\"og:url\" content=\"https:\/\/essenzediluce.com\/fr\/guides-eclairage-sonorisation-jardin\/\" \/>\n<meta property=\"og:site_name\" content=\"Essenze di Luce\" \/>\n<meta property=\"article:publisher\" content=\"https:\/\/www.facebook.com\/essenzediluce.italy\/\" \/>\n<meta property=\"article:modified_time\" content=\"2024-12-12T15:23:09+00:00\" \/>\n<meta property=\"og:image\" content=\"https:\/\/essenzediluce.com\/wp-content\/uploads\/2024\/02\/EL-Website-IMG-Guide-illuminazione-diffusione-sonora-giardino-scaled.jpg\" \/>\n\t<meta property=\"og:image:width\" content=\"2560\" \/>\n\t<meta property=\"og:image:height\" content=\"1707\" \/>\n\t<meta property=\"og:image:type\" content=\"image\/jpeg\" \/>\n<meta name=\"twitter:card\" content=\"summary_large_image\" \/>\n<meta name=\"twitter:label1\" content=\"Dur\u00e9e de lecture estim\u00e9e\" \/>\n\t<meta name=\"twitter:data1\" content=\"2 minutes\" \/>\n<script type=\"application\/ld+json\" class=\"yoast-schema-graph\">{\"@context\":\"https:\/\/schema.org\",\"@graph\":[{\"@type\":\"WebPage\",\"@id\":\"https:\/\/essenzediluce.com\/fr\/guides-eclairage-sonorisation-jardin\/\",\"url\":\"https:\/\/essenzediluce.com\/fr\/guides-eclairage-sonorisation-jardin\/\",\"name\":\"Guides PDF : Id\u00e9es d'\u00e9clairage et de sonorisation pour le jardin - Essenze di Luce\",\"isPartOf\":{\"@id\":\"https:\/\/essenzediluce.com\/#website\"},\"primaryImageOfPage\":{\"@id\":\"https:\/\/essenzediluce.com\/fr\/guides-eclairage-sonorisation-jardin\/#primaryimage\"},\"image\":{\"@id\":\"https:\/\/essenzediluce.com\/fr\/guides-eclairage-sonorisation-jardin\/#primaryimage\"},\"thumbnailUrl\":\"https:\/\/essenzediluce.com\/wp-content\/uploads\/2024\/02\/EL-Website-IMG-Guide-illuminazione-diffusione-sonora-giardino-scaled.jpg\",\"datePublished\":\"2024-02-22T10:11:10+00:00\",\"dateModified\":\"2024-12-12T15:23:09+00:00\",\"description\":\"T\u00e9l\u00e9chargez nos guides d'\u00e9clairage de jardin pour les maisons et les h\u00f4tels et d\u00e9couvrez comment rendre votre espace ext\u00e9rieur unique !\",\"breadcrumb\":{\"@id\":\"https:\/\/essenzediluce.com\/fr\/guides-eclairage-sonorisation-jardin\/#breadcrumb\"},\"inLanguage\":\"fr-FR\",\"potentialAction\":[{\"@type\":\"ReadAction\",\"target\":[\"https:\/\/essenzediluce.com\/fr\/guides-eclairage-sonorisation-jardin\/\"]}]},{\"@type\":\"ImageObject\",\"inLanguage\":\"fr-FR\",\"@id\":\"https:\/\/essenzediluce.com\/fr\/guides-eclairage-sonorisation-jardin\/#primaryimage\",\"url\":\"https:\/\/essenzediluce.com\/wp-content\/uploads\/2024\/02\/EL-Website-IMG-Guide-illuminazione-diffusione-sonora-giardino-scaled.jpg\",\"contentUrl\":\"https:\/\/essenzediluce.com\/wp-content\/uploads\/2024\/02\/EL-Website-IMG-Guide-illuminazione-diffusione-sonora-giardino-scaled.jpg\",\"width\":2560,\"height\":1707,\"caption\":\"idee illuminazione diffusione sonora giardino\"},{\"@type\":\"BreadcrumbList\",\"@id\":\"https:\/\/essenzediluce.com\/fr\/guides-eclairage-sonorisation-jardin\/#breadcrumb\",\"itemListElement\":[{\"@type\":\"ListItem\",\"position\":1,\"name\":\"Home\",\"item\":\"https:\/\/essenzediluce.com\/fr\/\"},{\"@type\":\"ListItem\",\"position\":2,\"name\":\"Guide PDF\"}]},{\"@type\":\"WebSite\",\"@id\":\"https:\/\/essenzediluce.com\/#website\",\"url\":\"https:\/\/essenzediluce.com\/\",\"name\":\"Essenze di Luce\",\"description\":\"\",\"publisher\":{\"@id\":\"https:\/\/essenzediluce.com\/#organization\"},\"potentialAction\":[{\"@type\":\"SearchAction\",\"target\":{\"@type\":\"EntryPoint\",\"urlTemplate\":\"https:\/\/essenzediluce.com\/?s={search_term_string}\"},\"query-input\":{\"@type\":\"PropertyValueSpecification\",\"valueRequired\":true,\"valueName\":\"search_term_string\"}}],\"inLanguage\":\"fr-FR\"},{\"@type\":\"Organization\",\"@id\":\"https:\/\/essenzediluce.com\/#organization\",\"name\":\"Essenze di Luce\",\"url\":\"https:\/\/essenzediluce.com\/\",\"logo\":{\"@type\":\"ImageObject\",\"inLanguage\":\"fr-FR\",\"@id\":\"https:\/\/essenzediluce.com\/#\/schema\/logo\/image\/\",\"url\":\"https:\/\/essenzediluce.com\/wp-content\/uploads\/2017\/03\/el.jpg\",\"contentUrl\":\"https:\/\/essenzediluce.com\/wp-content\/uploads\/2017\/03\/el.jpg\",\"width\":512,\"height\":512,\"caption\":\"Essenze di Luce\"},\"image\":{\"@id\":\"https:\/\/essenzediluce.com\/#\/schema\/logo\/image\/\"},\"sameAs\":[\"https:\/\/www.facebook.com\/essenzediluce.italy\/\",\"https:\/\/www.instagram.com\/essenzediluce\/\",\"https:\/\/www.youtube.com\/channel\/UCXKJKPfUYADaJMEm_9NAvrA\"]}]}<\/script>\n<!-- \/ Yoast SEO plugin. -->","yoast_head_json":{"title":"Guides PDF : Id\u00e9es d'\u00e9clairage et de sonorisation pour le jardin - Essenze di Luce","description":"T\u00e9l\u00e9chargez nos guides d'\u00e9clairage de jardin pour les maisons et les h\u00f4tels et d\u00e9couvrez comment rendre votre espace ext\u00e9rieur unique !","robots":{"index":"index","follow":"follow","max-snippet":"max-snippet:-1","max-image-preview":"max-image-preview:large","max-video-preview":"max-video-preview:-1"},"canonical":"https:\/\/essenzediluce.com\/fr\/guides-eclairage-sonorisation-jardin\/","og_locale":"fr_FR","og_type":"article","og_title":"Guides PDF : Id\u00e9es d'\u00e9clairage et de sonorisation pour le jardin - Essenze di Luce","og_description":"T\u00e9l\u00e9chargez nos guides d'\u00e9clairage de jardin pour les maisons et les h\u00f4tels et d\u00e9couvrez comment rendre votre espace ext\u00e9rieur unique !","og_url":"https:\/\/essenzediluce.com\/fr\/guides-eclairage-sonorisation-jardin\/","og_site_name":"Essenze di Luce","article_publisher":"https:\/\/www.facebook.com\/essenzediluce.italy\/","article_modified_time":"2024-12-12T15:23:09+00:00","og_image":[{"width":2560,"height":1707,"url":"https:\/\/essenzediluce.com\/wp-content\/uploads\/2024\/02\/EL-Website-IMG-Guide-illuminazione-diffusione-sonora-giardino-scaled.jpg","type":"image\/jpeg"}],"twitter_card":"summary_large_image","twitter_misc":{"Dur\u00e9e de lecture estim\u00e9e":"2 minutes"},"schema":{"@context":"https:\/\/schema.org","@graph":[{"@type":"WebPage","@id":"https:\/\/essenzediluce.com\/fr\/guides-eclairage-sonorisation-jardin\/","url":"https:\/\/essenzediluce.com\/fr\/guides-eclairage-sonorisation-jardin\/","name":"Guides PDF : Id\u00e9es d'\u00e9clairage et de sonorisation pour le jardin - Essenze di Luce","isPartOf":{"@id":"https:\/\/essenzediluce.com\/#website"},"primaryImageOfPage":{"@id":"https:\/\/essenzediluce.com\/fr\/guides-eclairage-sonorisation-jardin\/#primaryimage"},"image":{"@id":"https:\/\/essenzediluce.com\/fr\/guides-eclairage-sonorisation-jardin\/#primaryimage"},"thumbnailUrl":"https:\/\/essenzediluce.com\/wp-content\/uploads\/2024\/02\/EL-Website-IMG-Guide-illuminazione-diffusione-sonora-giardino-scaled.jpg","datePublished":"2024-02-22T10:11:10+00:00","dateModified":"2024-12-12T15:23:09+00:00","description":"T\u00e9l\u00e9chargez nos guides d'\u00e9clairage de jardin pour les maisons et les h\u00f4tels et d\u00e9couvrez comment rendre votre espace ext\u00e9rieur unique !","breadcrumb":{"@id":"https:\/\/essenzediluce.com\/fr\/guides-eclairage-sonorisation-jardin\/#breadcrumb"},"inLanguage":"fr-FR","potentialAction":[{"@type":"ReadAction","target":["https:\/\/essenzediluce.com\/fr\/guides-eclairage-sonorisation-jardin\/"]}]},{"@type":"ImageObject","inLanguage":"fr-FR","@id":"https:\/\/essenzediluce.com\/fr\/guides-eclairage-sonorisation-jardin\/#primaryimage","url":"https:\/\/essenzediluce.com\/wp-content\/uploads\/2024\/02\/EL-Website-IMG-Guide-illuminazione-diffusione-sonora-giardino-scaled.jpg","contentUrl":"https:\/\/essenzediluce.com\/wp-content\/uploads\/2024\/02\/EL-Website-IMG-Guide-illuminazione-diffusione-sonora-giardino-scaled.jpg","width":2560,"height":1707,"caption":"idee illuminazione diffusione sonora giardino"},{"@type":"BreadcrumbList","@id":"https:\/\/essenzediluce.com\/fr\/guides-eclairage-sonorisation-jardin\/#breadcrumb","itemListElement":[{"@type":"ListItem","position":1,"name":"Home","item":"https:\/\/essenzediluce.com\/fr\/"},{"@type":"ListItem","position":2,"name":"Guide PDF"}]},{"@type":"WebSite","@id":"https:\/\/essenzediluce.com\/#website","url":"https:\/\/essenzediluce.com\/","name":"Essenze di Luce","description":"","publisher":{"@id":"https:\/\/essenzediluce.com\/#organization"},"potentialAction":[{"@type":"SearchAction","target":{"@type":"EntryPoint","urlTemplate":"https:\/\/essenzediluce.com\/?s={search_term_string}"},"query-input":{"@type":"PropertyValueSpecification","valueRequired":true,"valueName":"search_term_string"}}],"inLanguage":"fr-FR"},{"@type":"Organization","@id":"https:\/\/essenzediluce.com\/#organization","name":"Essenze di Luce","url":"https:\/\/essenzediluce.com\/","logo":{"@type":"ImageObject","inLanguage":"fr-FR","@id":"https:\/\/essenzediluce.com\/#\/schema\/logo\/image\/","url":"https:\/\/essenzediluce.com\/wp-content\/uploads\/2017\/03\/el.jpg","contentUrl":"https:\/\/essenzediluce.com\/wp-content\/uploads\/2017\/03\/el.jpg","width":512,"height":512,"caption":"Essenze di Luce"},"image":{"@id":"https:\/\/essenzediluce.com\/#\/schema\/logo\/image\/"},"sameAs":["https:\/\/www.facebook.com\/essenzediluce.italy\/","https:\/\/www.instagram.com\/essenzediluce\/","https:\/\/www.youtube.com\/channel\/UCXKJKPfUYADaJMEm_9NAvrA"]}]}},"_links":{"self":[{"href":"https:\/\/essenzediluce.com\/fr\/wp-json\/wp\/v2\/pages\/17809"}],"collection":[{"href":"https:\/\/essenzediluce.com\/fr\/wp-json\/wp\/v2\/pages"}],"about":[{"href":"https:\/\/essenzediluce.com\/fr\/wp-json\/wp\/v2\/types\/page"}],"author":[{"embeddable":true,"href":"https:\/\/essenzediluce.com\/fr\/wp-json\/wp\/v2\/users\/13"}],"replies":[{"embeddable":true,"href":"https:\/\/essenzediluce.com\/fr\/wp-json\/wp\/v2\/comments?post=17809"}],"version-history":[{"count":3,"href":"https:\/\/essenzediluce.com\/fr\/wp-json\/wp\/v2\/pages\/17809\/revisions"}],"predecessor-version":[{"id":20942,"href":"https:\/\/essenzediluce.com\/fr\/wp-json\/wp\/v2\/pages\/17809\/revisions\/20942"}],"wp:featuredmedia":[{"embeddable":true,"href":"https:\/\/essenzediluce.com\/fr\/wp-json\/wp\/v2\/media\/17799"}],"wp:attachment":[{"href":"https:\/\/essenzediluce.com\/fr\/wp-json\/wp\/v2\/media?parent=17809"}],"curies":[{"name":"wp","href":"https:\/\/api.w.org\/{rel}","templated":true}]}}